{"id":11100,"date":"2017-12-12T10:34:34","date_gmt":"2017-12-12T09:34:34","guid":{"rendered":"https:\/\/zinser2020.infinhost.net\/produits\/machines-occasion\/"},"modified":"2025-12-18T11:41:52","modified_gmt":"2025-12-18T10:41:52","slug":"machines-occasion","status":"publish","type":"page","link":"https:\/\/zinser.de\/fr\/systemes-coupe-cnc\/machines-occasion\/","title":{"rendered":"Machines d&#8217;occasion"},"content":{"rendered":"\t\t<div data-elementor-type=\"wp-page\" data-elementor-id=\"11100\" class=\"elementor elementor-11100 elementor-1974\" data-elementor-post-type=\"page\">\n\t\t\t\t\t\t<section class=\"elementor-section elementor-top-section elementor-element elementor-element-72eba91c elementor-section-height-min-height elementor-section-boxed ang-section-padding-initial elementor-section-height-default elementor-section-items-middle elementor-repeater-item-none elementor-repeater-item-none_hover\" data-id=\"72eba91c\" data-element_type=\"section\" data-settings=\"{&quot;background_background&quot;:&quot;classic&quot;}\">\n\t\t\t\t\t\t\t<div class=\"elementor-background-overlay\"><\/div>\n\t\t\t\t\t\t\t<div class=\"elementor-container elementor-column-gap-default\">\n\t\t\t\t\t<div class=\"elementor-column elementor-col-100 elementor-top-column elementor-element elementor-element-71d7d5ad elementor-repeater-item-none elementor-repeater-item-none_hover\" data-id=\"71d7d5ad\" data-element_type=\"column\" data-settings=\"{&quot;background_background&quot;:&quot;classic&quot;}\">\n\t\t\t<div class=\"elementor-widget-wrap elementor-element-populated\">\n\t\t\t\t\t\t<div class=\"elementor-element elementor-element-553806a5 elementor-repeater-item-none elementor-repeater-item-none_hover elementor-invisible elementor-widget elementor-widget-heading\" data-id=\"553806a5\" data-element_type=\"widget\" data-settings=\"{&quot;_animation&quot;:&quot;fadeInLeft&quot;}\" data-widget_type=\"heading.default\">\n\t\t\t\t\t<h1 class=\"elementor-heading-title elementor-size-xxl\">Machines d&#8217;occasion<\/h1>\t\t\t\t<\/div>\n\t\t\t\t<div class=\"elementor-element elementor-element-4408aea elementor-repeater-item-none elementor-repeater-item-none_hover elementor-invisible elementor-widget elementor-widget-heading\" data-id=\"4408aea\" data-element_type=\"widget\" data-settings=\"{&quot;_animation&quot;:&quot;fadeInRight&quot;}\" data-widget_type=\"heading.default\">\n\t\t\t\t\t<h2 class=\"elementor-heading-title elementor-size-default\">et g\u00e9n\u00e9rateurs plasma<\/h2>\t\t\t\t<\/div>\n\t\t\t\t\t<\/div>\n\t\t<\/div>\n\t\t\t\t\t<\/div>\n\t\t<\/section>\n\t\t\t\t<section class=\"elementor-section elementor-top-section elementor-element elementor-element-7398302 elementor-section-boxed ang-section-padding-initial elementor-section-height-default elementor-section-height-default elementor-repeater-item-none elementor-repeater-item-none_hover\" data-id=\"7398302\" data-element_type=\"section\">\n\t\t\t\t\t\t<div class=\"elementor-container elementor-column-gap-default\">\n\t\t\t\t\t<div class=\"elementor-column elementor-col-100 elementor-top-column elementor-element elementor-element-62f80fc elementor-repeater-item-none elementor-repeater-item-none_hover\" data-id=\"62f80fc\" data-element_type=\"column\">\n\t\t\t<div class=\"elementor-widget-wrap elementor-element-populated\">\n\t\t\t\t\t\t<div class=\"elementor-element elementor-element-e52fa95 elementor-repeater-item-none elementor-repeater-item-none_hover elementor-widget elementor-widget-breadcrumbs\" data-id=\"e52fa95\" data-element_type=\"widget\" data-widget_type=\"breadcrumbs.default\">\n\t\t\t\t\t<p id=\"breadcrumbs\"><span><span><a href=\"https:\/\/zinser.de\/fr\/\">Home<\/a><\/span><\/span><\/p>\t\t\t\t<\/div>\n\t\t\t\t\t<\/div>\n\t\t<\/div>\n\t\t\t\t\t<\/div>\n\t\t<\/section>\n\t\t\t\t<section class=\"elementor-section elementor-top-section elementor-element elementor-element-1a8efe5 ang-section-padding-wider elementor-section-boxed elementor-section-height-default elementor-section-height-default elementor-repeater-item-none elementor-repeater-item-none_hover\" data-id=\"1a8efe5\" data-element_type=\"section\">\n\t\t\t\t\t\t<div class=\"elementor-container elementor-column-gap-default\">\n\t\t\t\t\t<div class=\"elementor-column elementor-col-100 elementor-top-column elementor-element elementor-element-ce527b0 elementor-repeater-item-none elementor-repeater-item-none_hover\" data-id=\"ce527b0\" data-element_type=\"column\">\n\t\t\t<div class=\"elementor-widget-wrap elementor-element-populated\">\n\t\t\t\t\t\t<div class=\"elementor-element elementor-element-5778615 elementor-repeater-item-none elementor-repeater-item-none_hover elementor-widget elementor-widget-text-editor\" data-id=\"5778615\" data-element_type=\"widget\" data-widget_type=\"text-editor.default\">\n\t\t\t\t\t\t\t\t\t<p><span class=\"tlid-translation translation\" lang=\"de\"><span class=\"\" title=\"\">Nous vous proposons r\u00e9guli\u00e8rement des <strong>machines d&#8217;occasion<\/strong> pour la d\u00e9coupe du m\u00e9tal, par d\u00e9coupe plasma, oxycoupage ou d\u00e9coupe laser, ainsi que des <strong>g\u00e9n\u00e9rateurs plasma d&#8217;occasion<\/strong>.<br \/><\/span><\/span><\/p>\n<p>N&#8217;h\u00e9sitez pas \u00e0 <strong><a href=\"https:\/\/zinser.de\/kontakt\/kontaktformular\/\" data-mce-href=\"https:\/\/zinser.de\/kontakt\/kontaktformular\/\">nous contacter<\/a><\/strong> pour plus d&#8217;informations \u00e0 ce sujet ! Nous pouvons \u00e9galement prendre en charge <strong><a href=\"\/?page_id=1340\" data-mce-href=\"https:\/\/zinser.de\/fr\/systemes-coupe-cnc\/retrofit\/\">le retrofit de votre machine de d\u00e9coupe<\/a><\/strong>.<\/p>\n\t\t\t\t\t\t\t\t<\/div>\n\t\t\t\t\t<\/div>\n\t\t<\/div>\n\t\t\t\t\t<\/div>\n\t\t<\/section>\n\t\t\t\t<section class=\"elementor-section elementor-top-section elementor-element elementor-element-2c59fbc ang-section-padding-wider elementor-section-boxed elementor-section-height-default elementor-section-height-default elementor-repeater-item-none elementor-repeater-item-none_hover\" data-id=\"2c59fbc\" data-element_type=\"section\" data-settings=\"{&quot;background_background&quot;:&quot;gradient&quot;}\">\n\t\t\t\t\t\t<div class=\"elementor-container elementor-column-gap-default\">\n\t\t\t\t\t<div class=\"elementor-column elementor-col-100 elementor-top-column elementor-element elementor-element-5176e05 elementor-repeater-item-none elementor-repeater-item-none_hover\" data-id=\"5176e05\" data-element_type=\"column\">\n\t\t\t<div class=\"elementor-widget-wrap elementor-element-populated\">\n\t\t\t\t\t\t<section class=\"elementor-section elementor-inner-section elementor-element elementor-element-83b7c91 elementor-section-boxed ang-section-padding-initial elementor-section-height-default elementor-section-height-default elementor-repeater-item-none elementor-repeater-item-none_hover\" data-id=\"83b7c91\" data-element_type=\"section\">\n\t\t\t\t\t\t<div class=\"elementor-container elementor-column-gap-default\">\n\t\t\t\t\t<div class=\"elementor-column elementor-col-50 elementor-inner-column elementor-element elementor-element-22a1e29 elementor-repeater-item-none elementor-repeater-item-none_hover\" data-id=\"22a1e29\" data-element_type=\"column\">\n\t\t\t<div class=\"elementor-widget-wrap elementor-element-populated\">\n\t\t\t\t\t\t<div class=\"elementor-element elementor-element-8b4630b elementor-repeater-item-none elementor-repeater-item-none_hover elementor-widget elementor-widget-heading\" data-id=\"8b4630b\" data-element_type=\"widget\" data-widget_type=\"heading.default\">\n\t\t\t\t\t<h2 class=\"elementor-heading-title elementor-size-default\">Machines d'occasion<\/h2>\t\t\t\t<\/div>\n\t\t\t\t\t<\/div>\n\t\t<\/div>\n\t\t\t\t<div class=\"elementor-column elementor-col-50 elementor-inner-column elementor-element elementor-element-135d7af elementor-repeater-item-none elementor-repeater-item-none_hover\" data-id=\"135d7af\" data-element_type=\"column\">\n\t\t\t<div class=\"elementor-widget-wrap elementor-element-populated\">\n\t\t\t\t\t\t<div class=\"elementor-element elementor-element-00ac9e6 elementor-align-right elementor-repeater-item-none elementor-repeater-item-none_hover elementor-widget elementor-widget-button\" data-id=\"00ac9e6\" data-element_type=\"widget\" data-widget_type=\"button.default\">\n\t\t\t\t\t\t\t\t\t\t<a class=\"elementor-button elementor-button-link elementor-size-sm\" href=\"#plasmastromquellen\">\n\t\t\t\t\t\t<span class=\"elementor-button-content-wrapper\">\n\t\t\t\t\t\t<span class=\"elementor-button-icon\">\n\t\t\t\t<i aria-hidden=\"true\" class=\"far fa-arrow-alt-circle-right\"><\/i>\t\t\t<\/span>\n\t\t\t\t\t\t\t\t\t<span class=\"elementor-button-text\">Aller aux g\u00e9n\u00e9rateurs plasma<\/span>\n\t\t\t\t\t<\/span>\n\t\t\t\t\t<\/a>\n\t\t\t\t\t\t\t\t<\/div>\n\t\t\t\t\t<\/div>\n\t\t<\/div>\n\t\t\t\t\t<\/div>\n\t\t<\/section>\n\t\t\t\t<div class=\"elementor-element elementor-element-2fd3ace elementor-repeater-item-none elementor-repeater-item-none_hover elementor-widget elementor-widget-text-editor\" data-id=\"2fd3ace\" data-element_type=\"widget\" data-widget_type=\"text-editor.default\">\n\t\t\t\t\t\t\t\t\t<p>Ce qui suit s&#8217;applique \u00e0 toutes les machines d&#8217;occasion propos\u00e9es ici : Toutes les informations sont susceptibles d&#8217;\u00eatre modifi\u00e9es.<\/p>\n<p>Nos <a href=\"\/?page_id=2336\" data-mce-href=\"https:\/\/zinser.de\/fr\/conditions-generales-de-vente\/\">conditions g\u00e9n\u00e9rales de vente<\/a> s&#8217;appliquent.<\/p>\n\t\t\t\t\t\t\t\t<\/div>\n\t\t\t\t\t<\/div>\n\t\t<\/div>\n\t\t\t\t\t<\/div>\n\t\t<\/section>\n\t\t\t\t<section class=\"elementor-section elementor-top-section elementor-element elementor-element-96e8d19 ang-section-padding-wider elementor-section-boxed elementor-section-height-default elementor-section-height-default elementor-repeater-item-none elementor-repeater-item-none_hover\" data-id=\"96e8d19\" data-element_type=\"section\">\n\t\t\t\t\t\t<div class=\"elementor-container elementor-column-gap-default\">\n\t\t\t\t\t<div class=\"elementor-column elementor-col-100 elementor-top-column elementor-element elementor-element-ee4cff8 elementor-repeater-item-none elementor-repeater-item-none_hover\" data-id=\"ee4cff8\" data-element_type=\"column\">\n\t\t\t<div class=\"elementor-widget-wrap elementor-element-populated\">\n\t\t\t\t\t\t<div class=\"elementor-element elementor-element-00bccad elementor-repeater-item-none elementor-repeater-item-none_hover elementor-widget elementor-widget-menu-anchor\" data-id=\"00bccad\" data-element_type=\"widget\" data-widget_type=\"menu-anchor.default\">\n\t\t\t\t\t\t\t<div class=\"elementor-menu-anchor\" id=\"plasmastromquellen\"><\/div>\n\t\t\t\t\t\t<\/div>\n\t\t\t\t<div class=\"elementor-element elementor-element-9117c87 elementor-repeater-item-none elementor-repeater-item-none_hover elementor-widget elementor-widget-heading\" data-id=\"9117c87\" data-element_type=\"widget\" data-widget_type=\"heading.default\">\n\t\t\t\t\t<h2 class=\"elementor-heading-title elementor-size-default\">G\u00e9n\u00e9rateurs plasma<\/h2>\t\t\t\t<\/div>\n\t\t\t\t\t<\/div>\n\t\t<\/div>\n\t\t\t\t\t<\/div>\n\t\t<\/section>\n\t\t\t\t<\/div>\n\t\t","protected":false},"excerpt":{"rendered":"<p>et g\u00e9n\u00e9rateurs plasma Nous vous proposons r\u00e9guli\u00e8rement des machines d&#8217;occasion pour la d\u00e9coupe du m\u00e9tal, par d\u00e9coupe plasma, oxycoupage ou d\u00e9coupe laser, ainsi que des g\u00e9n\u00e9rateurs plasma d&#8217;occasion. N&#8217;h\u00e9sitez pas \u00e0 nous contacter pour plus d&#8217;informations \u00e0 ce sujet ! Nous pouvons \u00e9galement prendre en charge le retrofit de votre machine de d\u00e9coupe. Machines d&#8217;occasion [&hellip;]<\/p>\n","protected":false},"author":3,"featured_media":0,"parent":7166,"menu_order":50,"comment_status":"closed","ping_status":"closed","template":"elementor_header_footer","meta":{"_acf_changed":false,"footnotes":""},"categories":[],"tags":[],"class_list":["post-11100","page","type-page","status-publish","hentry"],"acf":[],"yoast_head":"<!-- This site is optimized with the Yoast SEO plugin v26.6 - https:\/\/yoast.com\/wordpress\/plugins\/seo\/ -->\n<title>Machines d&#039;occasion - ZINSER machines de d\u00e9coupe<\/title>\n<meta name=\"description\" content=\"place de march\u00e9 pour nos machines d&#039;occasion (machines de d\u00e9coupe ZINSER) et nos sources de courant plasma. N&#039;h\u00e9sitez pas \u00e0 nous contacter !\" \/>\n<meta name=\"robots\" content=\"index, follow, max-snippet:-1, max-image-preview:large, max-video-preview:-1\" \/>\n<link rel=\"canonical\" href=\"https:\/\/zinser.de\/fr\/systemes-coupe-cnc\/machines-occasion\/\" \/>\n<meta property=\"og:locale\" content=\"fr_FR\" \/>\n<meta property=\"og:type\" content=\"article\" \/>\n<meta property=\"og:title\" content=\"Machines d&#039;occasion - ZINSER machines de d\u00e9coupe\" \/>\n<meta property=\"og:description\" content=\"place de march\u00e9 pour nos machines d&#039;occasion (machines de d\u00e9coupe ZINSER) et nos sources de courant plasma. N&#039;h\u00e9sitez pas \u00e0 nous contacter !\" \/>\n<meta property=\"og:url\" content=\"https:\/\/zinser.de\/fr\/systemes-coupe-cnc\/machines-occasion\/\" \/>\n<meta property=\"og:site_name\" content=\"ZINSER machines de d\u00e9coupe\" \/>\n<meta property=\"article:modified_time\" content=\"2025-12-18T10:41:52+00:00\" \/>\n<meta name=\"twitter:card\" content=\"summary_large_image\" \/>\n<meta name=\"twitter:label1\" content=\"Dur\u00e9e de lecture estim\u00e9e\" \/>\n\t<meta name=\"twitter:data1\" content=\"1 minute\" \/>\n<script type=\"application\/ld+json\" class=\"yoast-schema-graph\">{\"@context\":\"https:\/\/schema.org\",\"@graph\":[{\"@type\":\"WebPage\",\"@id\":\"https:\/\/zinser.de\/fr\/systemes-coupe-cnc\/machines-occasion\/\",\"url\":\"https:\/\/zinser.de\/fr\/systemes-coupe-cnc\/machines-occasion\/\",\"name\":\"Machines d'occasion - ZINSER machines de d\u00e9coupe\",\"isPartOf\":{\"@id\":\"https:\/\/zinser.de\/fr\/#website\"},\"datePublished\":\"2017-12-12T09:34:34+00:00\",\"dateModified\":\"2025-12-18T10:41:52+00:00\",\"description\":\"place de march\u00e9 pour nos machines d'occasion (machines de d\u00e9coupe ZINSER) et nos sources de courant plasma. N'h\u00e9sitez pas \u00e0 nous contacter !\",\"breadcrumb\":{\"@id\":\"https:\/\/zinser.de\/fr\/systemes-coupe-cnc\/machines-occasion\/#breadcrumb\"},\"inLanguage\":\"fr-FR\",\"potentialAction\":[{\"@type\":\"ReadAction\",\"target\":[\"https:\/\/zinser.de\/fr\/systemes-coupe-cnc\/machines-occasion\/\"]}]},{\"@type\":\"BreadcrumbList\",\"@id\":\"https:\/\/zinser.de\/fr\/systemes-coupe-cnc\/machines-occasion\/#breadcrumb\",\"itemListElement\":[{\"@type\":\"ListItem\",\"position\":1,\"name\":\"Home\",\"item\":\"https:\/\/zinser.de\/fr\/\"},{\"@type\":\"ListItem\",\"position\":2,\"name\":\"Machines de d\u00e9coupe CNC\",\"item\":\"https:\/\/zinser.de\/fr\/systemes-coupe-cnc\/\"},{\"@type\":\"ListItem\",\"position\":3,\"name\":\"Machines d&#8217;occasion\"}]},{\"@type\":\"WebSite\",\"@id\":\"https:\/\/zinser.de\/fr\/#website\",\"url\":\"https:\/\/zinser.de\/fr\/\",\"name\":\"ZINSER machines de d\u00e9coupe\",\"description\":\"D\u00e9coupe plasma, oxycoupage et laser\",\"publisher\":{\"@id\":\"https:\/\/zinser.de\/fr\/#organization\"},\"potentialAction\":[{\"@type\":\"SearchAction\",\"target\":{\"@type\":\"EntryPoint\",\"urlTemplate\":\"https:\/\/zinser.de\/fr\/?s={search_term_string}\"},\"query-input\":{\"@type\":\"PropertyValueSpecification\",\"valueRequired\":true,\"valueName\":\"search_term_string\"}}],\"inLanguage\":\"fr-FR\"},{\"@type\":\"Organization\",\"@id\":\"https:\/\/zinser.de\/fr\/#organization\",\"name\":\"ZINSER\",\"url\":\"https:\/\/zinser.de\/fr\/\",\"logo\":{\"@type\":\"ImageObject\",\"inLanguage\":\"fr-FR\",\"@id\":\"https:\/\/zinser.de\/fr\/#\/schema\/logo\/image\/\",\"url\":\"https:\/\/zinser.de\/wp-content\/uploads\/zinser-favicon_Plan-de-travail-1.png\",\"contentUrl\":\"https:\/\/zinser.de\/wp-content\/uploads\/zinser-favicon_Plan-de-travail-1.png\",\"width\":2134,\"height\":2134,\"caption\":\"ZINSER\"},\"image\":{\"@id\":\"https:\/\/zinser.de\/fr\/#\/schema\/logo\/image\/\"}}]}<\/script>\n<!-- \/ Yoast SEO plugin. -->","yoast_head_json":{"title":"Machines d'occasion - ZINSER machines de d\u00e9coupe","description":"place de march\u00e9 pour nos machines d'occasion (machines de d\u00e9coupe ZINSER) et nos sources de courant plasma. N'h\u00e9sitez pas \u00e0 nous contacter !","robots":{"index":"index","follow":"follow","max-snippet":"max-snippet:-1","max-image-preview":"max-image-preview:large","max-video-preview":"max-video-preview:-1"},"canonical":"https:\/\/zinser.de\/fr\/systemes-coupe-cnc\/machines-occasion\/","og_locale":"fr_FR","og_type":"article","og_title":"Machines d'occasion - ZINSER machines de d\u00e9coupe","og_description":"place de march\u00e9 pour nos machines d'occasion (machines de d\u00e9coupe ZINSER) et nos sources de courant plasma. N'h\u00e9sitez pas \u00e0 nous contacter !","og_url":"https:\/\/zinser.de\/fr\/systemes-coupe-cnc\/machines-occasion\/","og_site_name":"ZINSER machines de d\u00e9coupe","article_modified_time":"2025-12-18T10:41:52+00:00","twitter_card":"summary_large_image","twitter_misc":{"Dur\u00e9e de lecture estim\u00e9e":"1 minute"},"schema":{"@context":"https:\/\/schema.org","@graph":[{"@type":"WebPage","@id":"https:\/\/zinser.de\/fr\/systemes-coupe-cnc\/machines-occasion\/","url":"https:\/\/zinser.de\/fr\/systemes-coupe-cnc\/machines-occasion\/","name":"Machines d'occasion - ZINSER machines de d\u00e9coupe","isPartOf":{"@id":"https:\/\/zinser.de\/fr\/#website"},"datePublished":"2017-12-12T09:34:34+00:00","dateModified":"2025-12-18T10:41:52+00:00","description":"place de march\u00e9 pour nos machines d'occasion (machines de d\u00e9coupe ZINSER) et nos sources de courant plasma. N'h\u00e9sitez pas \u00e0 nous contacter !","breadcrumb":{"@id":"https:\/\/zinser.de\/fr\/systemes-coupe-cnc\/machines-occasion\/#breadcrumb"},"inLanguage":"fr-FR","potentialAction":[{"@type":"ReadAction","target":["https:\/\/zinser.de\/fr\/systemes-coupe-cnc\/machines-occasion\/"]}]},{"@type":"BreadcrumbList","@id":"https:\/\/zinser.de\/fr\/systemes-coupe-cnc\/machines-occasion\/#breadcrumb","itemListElement":[{"@type":"ListItem","position":1,"name":"Home","item":"https:\/\/zinser.de\/fr\/"},{"@type":"ListItem","position":2,"name":"Machines de d\u00e9coupe CNC","item":"https:\/\/zinser.de\/fr\/systemes-coupe-cnc\/"},{"@type":"ListItem","position":3,"name":"Machines d&#8217;occasion"}]},{"@type":"WebSite","@id":"https:\/\/zinser.de\/fr\/#website","url":"https:\/\/zinser.de\/fr\/","name":"ZINSER machines de d\u00e9coupe","description":"D\u00e9coupe plasma, oxycoupage et laser","publisher":{"@id":"https:\/\/zinser.de\/fr\/#organization"},"potentialAction":[{"@type":"SearchAction","target":{"@type":"EntryPoint","urlTemplate":"https:\/\/zinser.de\/fr\/?s={search_term_string}"},"query-input":{"@type":"PropertyValueSpecification","valueRequired":true,"valueName":"search_term_string"}}],"inLanguage":"fr-FR"},{"@type":"Organization","@id":"https:\/\/zinser.de\/fr\/#organization","name":"ZINSER","url":"https:\/\/zinser.de\/fr\/","logo":{"@type":"ImageObject","inLanguage":"fr-FR","@id":"https:\/\/zinser.de\/fr\/#\/schema\/logo\/image\/","url":"https:\/\/zinser.de\/wp-content\/uploads\/zinser-favicon_Plan-de-travail-1.png","contentUrl":"https:\/\/zinser.de\/wp-content\/uploads\/zinser-favicon_Plan-de-travail-1.png","width":2134,"height":2134,"caption":"ZINSER"},"image":{"@id":"https:\/\/zinser.de\/fr\/#\/schema\/logo\/image\/"}}]}},"_links":{"self":[{"href":"https:\/\/zinser.de\/fr\/wp-json\/wp\/v2\/pages\/11100","targetHints":{"allow":["GET"]}}],"collection":[{"href":"https:\/\/zinser.de\/fr\/wp-json\/wp\/v2\/pages"}],"about":[{"href":"https:\/\/zinser.de\/fr\/wp-json\/wp\/v2\/types\/page"}],"author":[{"embeddable":true,"href":"https:\/\/zinser.de\/fr\/wp-json\/wp\/v2\/users\/3"}],"replies":[{"embeddable":true,"href":"https:\/\/zinser.de\/fr\/wp-json\/wp\/v2\/comments?post=11100"}],"version-history":[{"count":4,"href":"https:\/\/zinser.de\/fr\/wp-json\/wp\/v2\/pages\/11100\/revisions"}],"predecessor-version":[{"id":34563,"href":"https:\/\/zinser.de\/fr\/wp-json\/wp\/v2\/pages\/11100\/revisions\/34563"}],"up":[{"embeddable":true,"href":"https:\/\/zinser.de\/fr\/wp-json\/wp\/v2\/pages\/7166"}],"wp:attachment":[{"href":"https:\/\/zinser.de\/fr\/wp-json\/wp\/v2\/media?parent=11100"}],"wp:term":[{"taxonomy":"category","embeddable":true,"href":"https:\/\/zinser.de\/fr\/wp-json\/wp\/v2\/categories?post=11100"},{"taxonomy":"post_tag","embeddable":true,"href":"https:\/\/zinser.de\/fr\/wp-json\/wp\/v2\/tags?post=11100"}],"curies":[{"name":"wp","href":"https:\/\/api.w.org\/{rel}","templated":true}]}}