{"id":14281,"date":"2017-11-20T13:52:53","date_gmt":"2017-11-20T12:52:53","guid":{"rendered":"https:\/\/zinser2020.infinhost.net\/dispositifs-mobiles\/soudage-autogene\/dispositifs-de-securite\/"},"modified":"2020-03-23T10:15:06","modified_gmt":"2020-03-23T09:15:06","slug":"dispositifs-de-securite","status":"publish","type":"page","link":"https:\/\/zinser.de\/fr\/dispositifs-mobiles\/soudage-autogene\/dispositifs-de-securite\/","title":{"rendered":"Dispositifs de s\u00e9curit\u00e9"},"content":{"rendered":"\t\t<div data-elementor-type=\"wp-page\" data-elementor-id=\"14281\" class=\"elementor elementor-14281\" data-elementor-post-type=\"page\">\n\t\t\t\t\t\t<section class=\"elementor-section elementor-top-section elementor-element elementor-element-a384b8a elementor-section-full_width ang-section-padding-no elementor-section-height-default elementor-section-height-default elementor-repeater-item-none elementor-repeater-item-none_hover\" data-id=\"a384b8a\" data-element_type=\"section\">\n\t\t\t\t\t\t<div class=\"elementor-container elementor-column-gap-default\">\n\t\t\t\t\t<div class=\"elementor-column elementor-col-100 elementor-top-column elementor-element elementor-element-713e3ed elementor-repeater-item-none elementor-repeater-item-none_hover\" data-id=\"713e3ed\" data-element_type=\"column\">\n\t\t\t<div class=\"elementor-widget-wrap elementor-element-populated\">\n\t\t\t\t\t\t<div class=\"elementor-element elementor-element-7e361c3 elementor-repeater-item-none elementor-repeater-item-none_hover elementor-widget elementor-widget-template\" data-id=\"7e361c3\" data-element_type=\"widget\" data-widget_type=\"template.default\">\n\t\t\t\t<div class=\"elementor-widget-container\">\n\t\t\t\t\t\t\t<div class=\"elementor-template\">\n\t\t\t\t\t<div data-elementor-type=\"section\" data-elementor-id=\"14872\" class=\"elementor elementor-14872 elementor-11279\" data-elementor-post-type=\"elementor_library\">\n\t\t\t\t\t<section class=\"elementor-section elementor-top-section elementor-element elementor-element-211de93c elementor-section-height-min-height elementor-section-boxed ang-section-padding-initial elementor-section-height-default elementor-section-items-middle elementor-repeater-item-none elementor-repeater-item-none_hover\" data-id=\"211de93c\" data-element_type=\"section\" data-settings=\"{&quot;background_background&quot;:&quot;classic&quot;}\">\n\t\t\t\t\t\t\t<div class=\"elementor-background-overlay\"><\/div>\n\t\t\t\t\t\t\t<div class=\"elementor-container elementor-column-gap-default\">\n\t\t\t\t\t<div class=\"elementor-column elementor-col-100 elementor-top-column elementor-element elementor-element-3bdc3ca0 elementor-repeater-item-none elementor-repeater-item-none_hover\" data-id=\"3bdc3ca0\" data-element_type=\"column\">\n\t\t\t<div class=\"elementor-widget-wrap elementor-element-populated\">\n\t\t\t\t\t\t<div class=\"elementor-element elementor-element-5af19db6 elementor-repeater-item-none elementor-repeater-item-none_hover elementor-invisible elementor-widget elementor-widget-heading\" data-id=\"5af19db6\" data-element_type=\"widget\" data-settings=\"{&quot;_animation&quot;:&quot;fadeInLeft&quot;}\" data-widget_type=\"heading.default\">\n\t\t\t\t\t<h1 class=\"elementor-heading-title elementor-size-xxl\">Soudage et coupage flamme<\/h1>\t\t\t\t<\/div>\n\t\t\t\t\t<\/div>\n\t\t<\/div>\n\t\t\t\t\t<\/div>\n\t\t<\/section>\n\t\t\t\t<\/div>\n\t\t\t\t<\/div>\n\t\t\t\t\t\t<\/div>\n\t\t\t\t<\/div>\n\t\t\t\t\t<\/div>\n\t\t<\/div>\n\t\t\t\t\t<\/div>\n\t\t<\/section>\n\t\t\t\t<section class=\"elementor-section elementor-top-section elementor-element elementor-element-ca81123 ang-section-padding-no elementor-section-boxed elementor-section-height-default elementor-section-height-default elementor-repeater-item-none elementor-repeater-item-none_hover\" data-id=\"ca81123\" data-element_type=\"section\">\n\t\t\t\t\t\t<div class=\"elementor-container elementor-column-gap-default\">\n\t\t\t\t\t<div class=\"elementor-column elementor-col-100 elementor-top-column elementor-element elementor-element-66ff4d2 elementor-repeater-item-none elementor-repeater-item-none_hover\" data-id=\"66ff4d2\" data-element_type=\"column\">\n\t\t\t<div class=\"elementor-widget-wrap elementor-element-populated\">\n\t\t\t\t\t\t<div class=\"elementor-element elementor-element-3cd645d elementor-repeater-item-none elementor-repeater-item-none_hover elementor-widget elementor-widget-breadcrumbs\" data-id=\"3cd645d\" data-element_type=\"widget\" data-widget_type=\"breadcrumbs.default\">\n\t\t\t\t\t<p id=\"breadcrumbs\"><span><span><a href=\"https:\/\/zinser.de\/fr\/\">Home<\/a><\/span><\/span><\/p>\t\t\t\t<\/div>\n\t\t\t\t\t<\/div>\n\t\t<\/div>\n\t\t\t\t\t<\/div>\n\t\t<\/section>\n\t\t\t\t<section class=\"elementor-section elementor-top-section elementor-element elementor-element-466362f ang-section-padding-wider elementor-section-boxed elementor-section-height-default elementor-section-height-default elementor-repeater-item-none elementor-repeater-item-none_hover\" data-id=\"466362f\" data-element_type=\"section\">\n\t\t\t\t\t\t<div class=\"elementor-container elementor-column-gap-default\">\n\t\t\t\t\t<div class=\"elementor-column elementor-col-50 elementor-top-column elementor-element elementor-element-2c0e1c6 elementor-repeater-item-none elementor-repeater-item-none_hover\" data-id=\"2c0e1c6\" data-element_type=\"column\">\n\t\t\t<div class=\"elementor-widget-wrap elementor-element-populated\">\n\t\t\t\t\t\t<div class=\"elementor-element elementor-element-8d81323 elementor-repeater-item-none elementor-repeater-item-none_hover elementor-widget elementor-widget-heading\" data-id=\"8d81323\" data-element_type=\"widget\" data-widget_type=\"heading.default\">\n\t\t\t\t\t<h2 class=\"elementor-heading-title elementor-size-default\">Dispositifs de s\u00e9curit\u00e9<\/h2>\t\t\t\t<\/div>\n\t\t\t\t\t<\/div>\n\t\t<\/div>\n\t\t\t\t<div class=\"elementor-column elementor-col-50 elementor-top-column elementor-element elementor-element-14b2814 elementor-repeater-item-none elementor-repeater-item-none_hover\" data-id=\"14b2814\" data-element_type=\"column\">\n\t\t\t<div class=\"elementor-widget-wrap elementor-element-populated\">\n\t\t\t\t\t\t<div class=\"elementor-element elementor-element-5fb433e elementor-repeater-item-none elementor-repeater-item-none_hover elementor-widget elementor-widget-template\" data-id=\"5fb433e\" data-element_type=\"widget\" data-widget_type=\"template.default\">\n\t\t\t\t<div class=\"elementor-widget-container\">\n\t\t\t\t\t\t\t<div class=\"elementor-template\">\n\t\t\t\t\t<div data-elementor-type=\"section\" data-elementor-id=\"14890\" class=\"elementor elementor-14890 elementor-12365\" data-elementor-post-type=\"elementor_library\">\n\t\t\t\t\t<section class=\"elementor-section elementor-inner-section elementor-element elementor-element-229f01bc elementor-section-boxed ang-section-padding-initial elementor-section-height-default elementor-section-height-default elementor-repeater-item-none elementor-repeater-item-none_hover\" data-id=\"229f01bc\" data-element_type=\"section\">\n\t\t\t\t\t\t<div class=\"elementor-container elementor-column-gap-default\">\n\t\t\t\t\t<div class=\"elementor-column elementor-col-100 elementor-inner-column elementor-element elementor-element-7a2a6414 elementor-repeater-item-none elementor-repeater-item-none_hover\" data-id=\"7a2a6414\" data-element_type=\"column\">\n\t\t\t<div class=\"elementor-widget-wrap elementor-element-populated\">\n\t\t\t\t\t\t<div class=\"elementor-element elementor-element-4dd5872f elementor-repeater-item-none elementor-repeater-item-none_hover elementor-widget elementor-widget-heading\" data-id=\"4dd5872f\" data-element_type=\"widget\" data-widget_type=\"heading.default\">\n\t\t\t\t\t<h4 class=\"elementor-heading-title elementor-size-default\">Soudage et coupage flamme<\/h4>\t\t\t\t<\/div>\n\t\t\t\t<div class=\"elementor-element elementor-element-41059e7 elementor-nav-menu--dropdown-none elementor-repeater-item-none elementor-repeater-item-none_hover elementor-widget elementor-widget-nav-menu\" data-id=\"41059e7\" data-element_type=\"widget\" data-settings=\"{&quot;layout&quot;:&quot;vertical&quot;,&quot;submenu_icon&quot;:{&quot;value&quot;:&quot;&lt;i class=\\&quot;fas fa-caret-down\\&quot;&gt;&lt;\\\/i&gt;&quot;,&quot;library&quot;:&quot;fa-solid&quot;}}\" data-widget_type=\"nav-menu.default\">\n\t\t\t\t\t\t\t\t<nav aria-label=\"Menu\" class=\"elementor-nav-menu--main elementor-nav-menu__container elementor-nav-menu--layout-vertical e--pointer-none\">\n\t\t\t\t<ul id=\"menu-1-41059e7\" class=\"elementor-nav-menu sm-vertical\"><li class=\"menu-item menu-item-type-post_type menu-item-object-page menu-item-13449\"><a href=\"https:\/\/zinser.de\/fr\/dispositifs-mobiles\/soudage-autogene\/sets\/\" class=\"elementor-item\">Sets<\/a><\/li>\n<li class=\"menu-item menu-item-type-post_type menu-item-object-page menu-item-13450\"><a href=\"https:\/\/zinser.de\/fr\/dispositifs-mobiles\/soudage-autogene\/bouteilles-gaz-soudage\/\" class=\"elementor-item\">Poste de soudage \/ coupage et ensemble de bouteilles avec cadre<\/a><\/li>\n<li class=\"menu-item menu-item-type-post_type menu-item-object-page menu-item-14505\"><a href=\"https:\/\/zinser.de\/fr\/dispositifs-mobiles\/soudage-autogene\/equipements-soudage-coupage\/\" class=\"elementor-item\">Equipements de soudage et coupage<\/a><\/li>\n<li class=\"menu-item menu-item-type-post_type menu-item-object-page menu-item-14506\"><a href=\"https:\/\/zinser.de\/fr\/dispositifs-mobiles\/soudage-autogene\/buses\/\" class=\"elementor-item\">Buses<\/a><\/li>\n<li class=\"menu-item menu-item-type-post_type menu-item-object-page menu-item-14507\"><a href=\"https:\/\/zinser.de\/fr\/dispositifs-mobiles\/soudage-autogene\/torches-chalumeaux-decoupe-machines\/\" class=\"elementor-item\">Torches de d\u00e9coupe pour machines<\/a><\/li>\n<li class=\"menu-item menu-item-type-post_type menu-item-object-page menu-item-14508\"><a href=\"https:\/\/zinser.de\/fr\/dispositifs-mobiles\/soudage-autogene\/detendeurs\/\" class=\"elementor-item\">D\u00e9tendeurs \/ r\u00e9gulateurs de pression<\/a><\/li>\n<li class=\"menu-item menu-item-type-post_type menu-item-object-page menu-item-14509\"><a href=\"https:\/\/zinser.de\/fr\/dispositifs-mobiles\/soudage-autogene\/points-de-distribution\/\" class=\"elementor-item\">Points de distribution<\/a><\/li>\n<li class=\"menu-item menu-item-type-post_type menu-item-object-page menu-item-14510\"><a href=\"https:\/\/zinser.de\/fr\/dispositifs-mobiles\/soudage-autogene\/dispositifs-de-securite\/\" class=\"elementor-item\">Dispositifs de s\u00e9curit\u00e9<\/a><\/li>\n<li class=\"menu-item menu-item-type-post_type menu-item-object-page menu-item-14511\"><a href=\"https:\/\/zinser.de\/fr\/dispositifs-mobiles\/soudage-autogene\/accessoires\/\" class=\"elementor-item\">Accessoires<\/a><\/li>\n<\/ul>\t\t\t<\/nav>\n\t\t\t\t\t\t<nav class=\"elementor-nav-menu--dropdown elementor-nav-menu__container\" aria-hidden=\"true\">\n\t\t\t\t<ul id=\"menu-2-41059e7\" class=\"elementor-nav-menu sm-vertical\"><li class=\"menu-item menu-item-type-post_type menu-item-object-page menu-item-13449\"><a href=\"https:\/\/zinser.de\/fr\/dispositifs-mobiles\/soudage-autogene\/sets\/\" class=\"elementor-item\" tabindex=\"-1\">Sets<\/a><\/li>\n<li class=\"menu-item menu-item-type-post_type menu-item-object-page menu-item-13450\"><a href=\"https:\/\/zinser.de\/fr\/dispositifs-mobiles\/soudage-autogene\/bouteilles-gaz-soudage\/\" class=\"elementor-item\" tabindex=\"-1\">Poste de soudage \/ coupage et ensemble de bouteilles avec cadre<\/a><\/li>\n<li class=\"menu-item menu-item-type-post_type menu-item-object-page menu-item-14505\"><a href=\"https:\/\/zinser.de\/fr\/dispositifs-mobiles\/soudage-autogene\/equipements-soudage-coupage\/\" class=\"elementor-item\" tabindex=\"-1\">Equipements de soudage et coupage<\/a><\/li>\n<li class=\"menu-item menu-item-type-post_type menu-item-object-page menu-item-14506\"><a href=\"https:\/\/zinser.de\/fr\/dispositifs-mobiles\/soudage-autogene\/buses\/\" class=\"elementor-item\" tabindex=\"-1\">Buses<\/a><\/li>\n<li class=\"menu-item menu-item-type-post_type menu-item-object-page menu-item-14507\"><a href=\"https:\/\/zinser.de\/fr\/dispositifs-mobiles\/soudage-autogene\/torches-chalumeaux-decoupe-machines\/\" class=\"elementor-item\" tabindex=\"-1\">Torches de d\u00e9coupe pour machines<\/a><\/li>\n<li class=\"menu-item menu-item-type-post_type menu-item-object-page menu-item-14508\"><a href=\"https:\/\/zinser.de\/fr\/dispositifs-mobiles\/soudage-autogene\/detendeurs\/\" class=\"elementor-item\" tabindex=\"-1\">D\u00e9tendeurs \/ r\u00e9gulateurs de pression<\/a><\/li>\n<li class=\"menu-item menu-item-type-post_type menu-item-object-page menu-item-14509\"><a href=\"https:\/\/zinser.de\/fr\/dispositifs-mobiles\/soudage-autogene\/points-de-distribution\/\" class=\"elementor-item\" tabindex=\"-1\">Points de distribution<\/a><\/li>\n<li class=\"menu-item menu-item-type-post_type menu-item-object-page menu-item-14510\"><a href=\"https:\/\/zinser.de\/fr\/dispositifs-mobiles\/soudage-autogene\/dispositifs-de-securite\/\" class=\"elementor-item\" tabindex=\"-1\">Dispositifs de s\u00e9curit\u00e9<\/a><\/li>\n<li class=\"menu-item menu-item-type-post_type menu-item-object-page menu-item-14511\"><a href=\"https:\/\/zinser.de\/fr\/dispositifs-mobiles\/soudage-autogene\/accessoires\/\" class=\"elementor-item\" tabindex=\"-1\">Accessoires<\/a><\/li>\n<\/ul>\t\t\t<\/nav>\n\t\t\t\t\t\t<\/div>\n\t\t\t\t\t<\/div>\n\t\t<\/div>\n\t\t\t\t\t<\/div>\n\t\t<\/section>\n\t\t\t\t<\/div>\n\t\t\t\t<\/div>\n\t\t\t\t\t\t<\/div>\n\t\t\t\t<\/div>\n\t\t\t\t<div class=\"elementor-element elementor-element-aa8edc9 elementor-repeater-item-none elementor-repeater-item-none_hover elementor-widget elementor-widget-template\" data-id=\"aa8edc9\" data-element_type=\"widget\" data-widget_type=\"template.default\">\n\t\t\t\t<div class=\"elementor-widget-container\">\n\t\t\t\t\t\t\t<div class=\"elementor-template\">\n\t\t\t\t\t<div data-elementor-type=\"section\" data-elementor-id=\"14661\" class=\"elementor elementor-14661 elementor-12083\" data-elementor-post-type=\"elementor_library\">\n\t\t\t\t\t<section class=\"elementor-section elementor-inner-section elementor-element elementor-element-79dde04b elementor-section-boxed ang-section-padding-initial elementor-section-height-default elementor-section-height-default elementor-repeater-item-none elementor-repeater-item-none_hover\" data-id=\"79dde04b\" data-element_type=\"section\">\n\t\t\t\t\t\t<div class=\"elementor-container elementor-column-gap-default\">\n\t\t\t\t\t<div class=\"elementor-column elementor-col-100 elementor-inner-column elementor-element elementor-element-1287be19 elementor-repeater-item-none elementor-repeater-item-none_hover\" data-id=\"1287be19\" data-element_type=\"column\">\n\t\t\t<div class=\"elementor-widget-wrap elementor-element-populated\">\n\t\t\t\t\t\t<div class=\"elementor-element elementor-element-7fb96e9e elementor-repeater-item-none elementor-repeater-item-none_hover elementor-widget elementor-widget-heading\" data-id=\"7fb96e9e\" data-element_type=\"widget\" data-widget_type=\"heading.default\">\n\t\t\t\t\t<h4 class=\"elementor-heading-title elementor-size-default\">Vous pouvez compter sur nous !<\/h4>\t\t\t\t<\/div>\n\t\t\t\t<div class=\"elementor-element elementor-element-65c3568 external_elementor-repeater-item-none_external elementor-repeater-item-none elementor-repeater-item-none_hover elementor-widget elementor-widget-image\" data-id=\"65c3568\" data-element_type=\"widget\" data-widget_type=\"image.default\">\n\t\t\t\t\t\t\t\t\t\t\t\t\t\t\t<img fetchpriority=\"high\" decoding=\"async\" width=\"800\" height=\"800\" src=\"https:\/\/zinser.de\/wp-content\/uploads\/Hotline_frei.png\" class=\"attachment-large size-large wp-image-7150\" alt=\"ZINSER Hotline : assistance pour machines de d\u00e9coupe plasma\" \/>\t\t\t\t\t\t\t\t\t\t\t\t\t\t\t<\/div>\n\t\t\t\t<div class=\"elementor-element elementor-element-21b6ff87 elementor-repeater-item-none elementor-repeater-item-none_hover elementor-widget elementor-widget-text-editor\" data-id=\"21b6ff87\" data-element_type=\"widget\" id=\"supportinfo\" data-widget_type=\"text-editor.default\">\n\t\t\t\t\t\t\t\t\t<p><strong>Nous sommes \u00e0 votre service pour toutes vos demandes !<\/strong><\/p>\n<p>T\u00e9l. +33 (0)2 54 58 85 87 <br \/>E-Mail: <a href=\"mailto:contact@zinser.fr\">contact@zinser.fr<\/a><\/p>\n\t\t\t\t\t\t\t\t<\/div>\n\t\t\t\t\t<\/div>\n\t\t<\/div>\n\t\t\t\t\t<\/div>\n\t\t<\/section>\n\t\t\t\t<\/div>\n\t\t\t\t<\/div>\n\t\t\t\t\t\t<\/div>\n\t\t\t\t<\/div>\n\t\t\t\t\t<\/div>\n\t\t<\/div>\n\t\t\t\t\t<\/div>\n\t\t<\/section>\n\t\t\t\t<\/div>\n\t\t","protected":false},"excerpt":{"rendered":"","protected":false},"author":3,"featured_media":11258,"parent":11273,"menu_order":80,"comment_status":"closed","ping_status":"closed","template":"elementor_header_footer","meta":{"_acf_changed":false,"footnotes":""},"categories":[175,287],"tags":[],"class_list":["post-14281","page","type-page","status-publish","has-post-thumbnail","hentry","category-autogentechnik","category-procedes-autogenes"],"acf":[],"yoast_head":"<!-- This site is optimized with the Yoast SEO plugin v26.6 - https:\/\/yoast.com\/wordpress\/plugins\/seo\/ -->\n<title>Dispositifs de s\u00e9curit\u00e9 - ZINSER machines de d\u00e9coupe<\/title>\n<meta name=\"robots\" content=\"index, follow, max-snippet:-1, max-image-preview:large, max-video-preview:-1\" \/>\n<link rel=\"canonical\" href=\"https:\/\/zinser.de\/fr\/dispositifs-mobiles\/soudage-autogene\/dispositifs-de-securite\/\" \/>\n<meta property=\"og:locale\" content=\"fr_FR\" \/>\n<meta property=\"og:type\" content=\"article\" \/>\n<meta property=\"og:title\" content=\"Dispositifs de s\u00e9curit\u00e9 - ZINSER machines de d\u00e9coupe\" \/>\n<meta property=\"og:url\" content=\"https:\/\/zinser.de\/fr\/dispositifs-mobiles\/soudage-autogene\/dispositifs-de-securite\/\" \/>\n<meta property=\"og:site_name\" content=\"ZINSER machines de d\u00e9coupe\" \/>\n<meta property=\"article:modified_time\" content=\"2020-03-23T09:15:06+00:00\" \/>\n<meta property=\"og:image\" content=\"https:\/\/zinser.de\/wp-content\/uploads\/Sicherheitseinrichtungen.png\" \/>\n\t<meta property=\"og:image:width\" content=\"900\" \/>\n\t<meta property=\"og:image:height\" content=\"600\" \/>\n\t<meta property=\"og:image:type\" content=\"image\/png\" \/>\n<meta name=\"twitter:card\" content=\"summary_large_image\" \/>\n<script type=\"application\/ld+json\" class=\"yoast-schema-graph\">{\"@context\":\"https:\/\/schema.org\",\"@graph\":[{\"@type\":\"WebPage\",\"@id\":\"https:\/\/zinser.de\/fr\/dispositifs-mobiles\/soudage-autogene\/dispositifs-de-securite\/\",\"url\":\"https:\/\/zinser.de\/fr\/dispositifs-mobiles\/soudage-autogene\/dispositifs-de-securite\/\",\"name\":\"Dispositifs de s\u00e9curit\u00e9 - ZINSER machines de d\u00e9coupe\",\"isPartOf\":{\"@id\":\"https:\/\/zinser.de\/fr\/#website\"},\"primaryImageOfPage\":{\"@id\":\"https:\/\/zinser.de\/fr\/dispositifs-mobiles\/soudage-autogene\/dispositifs-de-securite\/#primaryimage\"},\"image\":{\"@id\":\"https:\/\/zinser.de\/fr\/dispositifs-mobiles\/soudage-autogene\/dispositifs-de-securite\/#primaryimage\"},\"thumbnailUrl\":\"https:\/\/zinser.de\/wp-content\/uploads\/Sicherheitseinrichtungen.png\",\"datePublished\":\"2017-11-20T12:52:53+00:00\",\"dateModified\":\"2020-03-23T09:15:06+00:00\",\"breadcrumb\":{\"@id\":\"https:\/\/zinser.de\/fr\/dispositifs-mobiles\/soudage-autogene\/dispositifs-de-securite\/#breadcrumb\"},\"inLanguage\":\"fr-FR\",\"potentialAction\":[{\"@type\":\"ReadAction\",\"target\":[\"https:\/\/zinser.de\/fr\/dispositifs-mobiles\/soudage-autogene\/dispositifs-de-securite\/\"]}]},{\"@type\":\"ImageObject\",\"inLanguage\":\"fr-FR\",\"@id\":\"https:\/\/zinser.de\/fr\/dispositifs-mobiles\/soudage-autogene\/dispositifs-de-securite\/#primaryimage\",\"url\":\"https:\/\/zinser.de\/wp-content\/uploads\/Sicherheitseinrichtungen.png\",\"contentUrl\":\"https:\/\/zinser.de\/wp-content\/uploads\/Sicherheitseinrichtungen.png\",\"width\":900,\"height\":600,\"caption\":\"Equipements de s\u00e9curit\u00e9 pour le soudage autog\u00e8ne\"},{\"@type\":\"BreadcrumbList\",\"@id\":\"https:\/\/zinser.de\/fr\/dispositifs-mobiles\/soudage-autogene\/dispositifs-de-securite\/#breadcrumb\",\"itemListElement\":[{\"@type\":\"ListItem\",\"position\":1,\"name\":\"Home\",\"item\":\"https:\/\/zinser.de\/fr\/\"},{\"@type\":\"ListItem\",\"position\":2,\"name\":\"Dispositifs mobiles\",\"item\":\"https:\/\/zinser.de\/fr\/dispositifs-mobiles\/\"},{\"@type\":\"ListItem\",\"position\":3,\"name\":\"Soudage autog\u00e8ne\",\"item\":\"https:\/\/zinser.de\/fr\/dispositifs-mobiles\/soudage-autogene\/\"},{\"@type\":\"ListItem\",\"position\":4,\"name\":\"Dispositifs de s\u00e9curit\u00e9\"}]},{\"@type\":\"WebSite\",\"@id\":\"https:\/\/zinser.de\/fr\/#website\",\"url\":\"https:\/\/zinser.de\/fr\/\",\"name\":\"ZINSER machines de d\u00e9coupe\",\"description\":\"D\u00e9coupe plasma, oxycoupage et laser\",\"publisher\":{\"@id\":\"https:\/\/zinser.de\/fr\/#organization\"},\"potentialAction\":[{\"@type\":\"SearchAction\",\"target\":{\"@type\":\"EntryPoint\",\"urlTemplate\":\"https:\/\/zinser.de\/fr\/?s={search_term_string}\"},\"query-input\":{\"@type\":\"PropertyValueSpecification\",\"valueRequired\":true,\"valueName\":\"search_term_string\"}}],\"inLanguage\":\"fr-FR\"},{\"@type\":\"Organization\",\"@id\":\"https:\/\/zinser.de\/fr\/#organization\",\"name\":\"ZINSER\",\"url\":\"https:\/\/zinser.de\/fr\/\",\"logo\":{\"@type\":\"ImageObject\",\"inLanguage\":\"fr-FR\",\"@id\":\"https:\/\/zinser.de\/fr\/#\/schema\/logo\/image\/\",\"url\":\"https:\/\/zinser.de\/wp-content\/uploads\/zinser-favicon_Plan-de-travail-1.png\",\"contentUrl\":\"https:\/\/zinser.de\/wp-content\/uploads\/zinser-favicon_Plan-de-travail-1.png\",\"width\":2134,\"height\":2134,\"caption\":\"ZINSER\"},\"image\":{\"@id\":\"https:\/\/zinser.de\/fr\/#\/schema\/logo\/image\/\"}}]}<\/script>\n<!-- \/ Yoast SEO plugin. -->","yoast_head_json":{"title":"Dispositifs de s\u00e9curit\u00e9 - ZINSER machines de d\u00e9coupe","robots":{"index":"index","follow":"follow","max-snippet":"max-snippet:-1","max-image-preview":"max-image-preview:large","max-video-preview":"max-video-preview:-1"},"canonical":"https:\/\/zinser.de\/fr\/dispositifs-mobiles\/soudage-autogene\/dispositifs-de-securite\/","og_locale":"fr_FR","og_type":"article","og_title":"Dispositifs de s\u00e9curit\u00e9 - ZINSER machines de d\u00e9coupe","og_url":"https:\/\/zinser.de\/fr\/dispositifs-mobiles\/soudage-autogene\/dispositifs-de-securite\/","og_site_name":"ZINSER machines de d\u00e9coupe","article_modified_time":"2020-03-23T09:15:06+00:00","og_image":[{"width":900,"height":600,"url":"https:\/\/zinser.de\/wp-content\/uploads\/Sicherheitseinrichtungen.png","type":"image\/png"}],"twitter_card":"summary_large_image","schema":{"@context":"https:\/\/schema.org","@graph":[{"@type":"WebPage","@id":"https:\/\/zinser.de\/fr\/dispositifs-mobiles\/soudage-autogene\/dispositifs-de-securite\/","url":"https:\/\/zinser.de\/fr\/dispositifs-mobiles\/soudage-autogene\/dispositifs-de-securite\/","name":"Dispositifs de s\u00e9curit\u00e9 - ZINSER machines de d\u00e9coupe","isPartOf":{"@id":"https:\/\/zinser.de\/fr\/#website"},"primaryImageOfPage":{"@id":"https:\/\/zinser.de\/fr\/dispositifs-mobiles\/soudage-autogene\/dispositifs-de-securite\/#primaryimage"},"image":{"@id":"https:\/\/zinser.de\/fr\/dispositifs-mobiles\/soudage-autogene\/dispositifs-de-securite\/#primaryimage"},"thumbnailUrl":"https:\/\/zinser.de\/wp-content\/uploads\/Sicherheitseinrichtungen.png","datePublished":"2017-11-20T12:52:53+00:00","dateModified":"2020-03-23T09:15:06+00:00","breadcrumb":{"@id":"https:\/\/zinser.de\/fr\/dispositifs-mobiles\/soudage-autogene\/dispositifs-de-securite\/#breadcrumb"},"inLanguage":"fr-FR","potentialAction":[{"@type":"ReadAction","target":["https:\/\/zinser.de\/fr\/dispositifs-mobiles\/soudage-autogene\/dispositifs-de-securite\/"]}]},{"@type":"ImageObject","inLanguage":"fr-FR","@id":"https:\/\/zinser.de\/fr\/dispositifs-mobiles\/soudage-autogene\/dispositifs-de-securite\/#primaryimage","url":"https:\/\/zinser.de\/wp-content\/uploads\/Sicherheitseinrichtungen.png","contentUrl":"https:\/\/zinser.de\/wp-content\/uploads\/Sicherheitseinrichtungen.png","width":900,"height":600,"caption":"Equipements de s\u00e9curit\u00e9 pour le soudage autog\u00e8ne"},{"@type":"BreadcrumbList","@id":"https:\/\/zinser.de\/fr\/dispositifs-mobiles\/soudage-autogene\/dispositifs-de-securite\/#breadcrumb","itemListElement":[{"@type":"ListItem","position":1,"name":"Home","item":"https:\/\/zinser.de\/fr\/"},{"@type":"ListItem","position":2,"name":"Dispositifs mobiles","item":"https:\/\/zinser.de\/fr\/dispositifs-mobiles\/"},{"@type":"ListItem","position":3,"name":"Soudage autog\u00e8ne","item":"https:\/\/zinser.de\/fr\/dispositifs-mobiles\/soudage-autogene\/"},{"@type":"ListItem","position":4,"name":"Dispositifs de s\u00e9curit\u00e9"}]},{"@type":"WebSite","@id":"https:\/\/zinser.de\/fr\/#website","url":"https:\/\/zinser.de\/fr\/","name":"ZINSER machines de d\u00e9coupe","description":"D\u00e9coupe plasma, oxycoupage et laser","publisher":{"@id":"https:\/\/zinser.de\/fr\/#organization"},"potentialAction":[{"@type":"SearchAction","target":{"@type":"EntryPoint","urlTemplate":"https:\/\/zinser.de\/fr\/?s={search_term_string}"},"query-input":{"@type":"PropertyValueSpecification","valueRequired":true,"valueName":"search_term_string"}}],"inLanguage":"fr-FR"},{"@type":"Organization","@id":"https:\/\/zinser.de\/fr\/#organization","name":"ZINSER","url":"https:\/\/zinser.de\/fr\/","logo":{"@type":"ImageObject","inLanguage":"fr-FR","@id":"https:\/\/zinser.de\/fr\/#\/schema\/logo\/image\/","url":"https:\/\/zinser.de\/wp-content\/uploads\/zinser-favicon_Plan-de-travail-1.png","contentUrl":"https:\/\/zinser.de\/wp-content\/uploads\/zinser-favicon_Plan-de-travail-1.png","width":2134,"height":2134,"caption":"ZINSER"},"image":{"@id":"https:\/\/zinser.de\/fr\/#\/schema\/logo\/image\/"}}]}},"_links":{"self":[{"href":"https:\/\/zinser.de\/fr\/wp-json\/wp\/v2\/pages\/14281","targetHints":{"allow":["GET"]}}],"collection":[{"href":"https:\/\/zinser.de\/fr\/wp-json\/wp\/v2\/pages"}],"about":[{"href":"https:\/\/zinser.de\/fr\/wp-json\/wp\/v2\/types\/page"}],"author":[{"embeddable":true,"href":"https:\/\/zinser.de\/fr\/wp-json\/wp\/v2\/users\/3"}],"replies":[{"embeddable":true,"href":"https:\/\/zinser.de\/fr\/wp-json\/wp\/v2\/comments?post=14281"}],"version-history":[{"count":0,"href":"https:\/\/zinser.de\/fr\/wp-json\/wp\/v2\/pages\/14281\/revisions"}],"up":[{"embeddable":true,"href":"https:\/\/zinser.de\/fr\/wp-json\/wp\/v2\/pages\/11273"}],"wp:featuredmedia":[{"embeddable":true,"href":"https:\/\/zinser.de\/fr\/wp-json\/wp\/v2\/media\/11258"}],"wp:attachment":[{"href":"https:\/\/zinser.de\/fr\/wp-json\/wp\/v2\/media?parent=14281"}],"wp:term":[{"taxonomy":"category","embeddable":true,"href":"https:\/\/zinser.de\/fr\/wp-json\/wp\/v2\/categories?post=14281"},{"taxonomy":"post_tag","embeddable":true,"href":"https:\/\/zinser.de\/fr\/wp-json\/wp\/v2\/tags?post=14281"}],"curies":[{"name":"wp","href":"https:\/\/api.w.org\/{rel}","templated":true}]}}