{"id":16937,"date":"2019-02-08T10:39:10","date_gmt":"2019-02-08T09:39:10","guid":{"rendered":"https:\/\/zinser.de\/news\/etudes-cas-nos-clients\/"},"modified":"2021-01-26T15:03:21","modified_gmt":"2021-01-26T14:03:21","slug":"etudes-cas-nos-clients","status":"publish","type":"page","link":"https:\/\/zinser.de\/fr\/news\/etudes-cas-nos-clients\/","title":{"rendered":"Chez nos clients"},"content":{"rendered":"\t\t<div data-elementor-type=\"wp-page\" data-elementor-id=\"16937\" class=\"elementor elementor-16937 elementor-5312\" data-elementor-post-type=\"page\">\n\t\t\t\t\t\t<section class=\"elementor-section elementor-top-section elementor-element elementor-element-72ee51ab elementor-section-height-min-height elementor-section-boxed ang-section-padding-initial elementor-section-height-default elementor-section-items-middle elementor-repeater-item-none elementor-repeater-item-none_hover\" data-id=\"72ee51ab\" data-element_type=\"section\" data-settings=\"{&quot;background_background&quot;:&quot;classic&quot;}\">\n\t\t\t\t\t\t\t<div class=\"elementor-background-overlay\"><\/div>\n\t\t\t\t\t\t\t<div class=\"elementor-container elementor-column-gap-default\">\n\t\t\t\t\t<div class=\"elementor-column elementor-col-100 elementor-top-column elementor-element elementor-element-249733e0 elementor-repeater-item-none elementor-repeater-item-none_hover\" data-id=\"249733e0\" data-element_type=\"column\">\n\t\t\t<div class=\"elementor-widget-wrap elementor-element-populated\">\n\t\t\t\t\t\t<div class=\"elementor-element elementor-element-7c942e5b elementor-repeater-item-none elementor-repeater-item-none_hover elementor-invisible elementor-widget elementor-widget-heading\" data-id=\"7c942e5b\" data-element_type=\"widget\" data-settings=\"{&quot;_animation&quot;:&quot;fadeInLeft&quot;}\" data-widget_type=\"heading.default\">\n\t\t\t\t\t<h1 class=\"elementor-heading-title elementor-size-xxl\">Chez nos clients<\/h1>\t\t\t\t<\/div>\n\t\t\t\t\t<\/div>\n\t\t<\/div>\n\t\t\t\t\t<\/div>\n\t\t<\/section>\n\t\t\t\t<section class=\"elementor-section elementor-top-section elementor-element elementor-element-107078b elementor-section-boxed ang-section-padding-initial elementor-section-height-default elementor-section-height-default elementor-repeater-item-none elementor-repeater-item-none_hover\" data-id=\"107078b\" data-element_type=\"section\">\n\t\t\t\t\t\t<div class=\"elementor-container elementor-column-gap-default\">\n\t\t\t\t\t<div class=\"elementor-column elementor-col-100 elementor-top-column elementor-element elementor-element-06af597 elementor-repeater-item-none elementor-repeater-item-none_hover\" data-id=\"06af597\" data-element_type=\"column\">\n\t\t\t<div class=\"elementor-widget-wrap elementor-element-populated\">\n\t\t\t\t\t\t<div class=\"elementor-element elementor-element-9f16947 elementor-repeater-item-none elementor-repeater-item-none_hover elementor-widget elementor-widget-breadcrumbs\" data-id=\"9f16947\" data-element_type=\"widget\" data-widget_type=\"breadcrumbs.default\">\n\t\t\t\t\t<p id=\"breadcrumbs\"><span><span><a href=\"https:\/\/zinser.de\/fr\/\">Home<\/a><\/span><\/span><\/p>\t\t\t\t<\/div>\n\t\t\t\t\t<\/div>\n\t\t<\/div>\n\t\t\t\t\t<\/div>\n\t\t<\/section>\n\t\t\t\t<section class=\"elementor-section elementor-top-section elementor-element elementor-element-8a471b1 ang-section-padding-wide elementor-section-boxed elementor-section-height-default elementor-section-height-default elementor-repeater-item-none elementor-repeater-item-none_hover\" data-id=\"8a471b1\" data-element_type=\"section\">\n\t\t\t\t\t\t<div class=\"elementor-container elementor-column-gap-default\">\n\t\t\t\t\t<div class=\"elementor-column elementor-col-50 elementor-top-column elementor-element elementor-element-052e636 elementor-repeater-item-none elementor-repeater-item-none_hover\" data-id=\"052e636\" data-element_type=\"column\">\n\t\t\t<div class=\"elementor-widget-wrap elementor-element-populated\">\n\t\t\t\t\t\t<div class=\"elementor-element elementor-element-6cb40cd elementor-repeater-item-none elementor-repeater-item-none_hover elementor-widget elementor-widget-heading\" data-id=\"6cb40cd\" data-element_type=\"widget\" data-widget_type=\"heading.default\">\n\t\t\t\t\t<h2 class=\"elementor-heading-title elementor-size-default\">Voyez ce que nos clients disent de nous<\/h2>\t\t\t\t<\/div>\n\t\t\t\t<div class=\"elementor-element elementor-element-78f9e44 elementor-repeater-item-none elementor-repeater-item-none_hover elementor-widget elementor-widget-text-editor\" data-id=\"78f9e44\" data-element_type=\"widget\" data-widget_type=\"text-editor.default\">\n\t\t\t\t\t\t\t\t\t<p>Les machines et le service ZINSER racont\u00e9s par nos clients. Chaque client est unique, chaque machine de d\u00e9coupe ZINSER est con\u00e7ue en fonction d&#8217;une situation sp\u00e9cifique. La qualit\u00e9 et votre satisfaction sont nos priorit\u00e9s absolues !<\/p>\n\t\t\t\t\t\t\t\t<\/div>\n\t\t\t\t\t<\/div>\n\t\t<\/div>\n\t\t\t\t<div class=\"elementor-column elementor-col-50 elementor-top-column elementor-element elementor-element-c5a7047 elementor-hidden-phone elementor-repeater-item-none elementor-repeater-item-none_hover\" data-id=\"c5a7047\" data-element_type=\"column\">\n\t\t\t<div class=\"elementor-widget-wrap elementor-element-populated\">\n\t\t\t\t\t\t<div class=\"elementor-element elementor-element-bd4633c elementor-align-center elementor-repeater-item-none elementor-repeater-item-none_hover elementor-widget elementor-widget-button\" data-id=\"bd4633c\" data-element_type=\"widget\" data-widget_type=\"button.default\">\n\t\t\t\t\t\t\t\t\t\t<a class=\"elementor-button elementor-button-link elementor-size-sm\" href=\"https:\/\/zinser.de\/fr\/news\/videos\/videos-zinser\/\">\n\t\t\t\t\t\t<span class=\"elementor-button-content-wrapper\">\n\t\t\t\t\t\t\t\t\t<span class=\"elementor-button-text\">Vid\u00e9os ZINSER<\/span>\n\t\t\t\t\t<\/span>\n\t\t\t\t\t<\/a>\n\t\t\t\t\t\t\t\t<\/div>\n\t\t\t\t<div class=\"elementor-element elementor-element-e7b7296 elementor-align-center elementor-repeater-item-none elementor-repeater-item-none_hover elementor-widget elementor-widget-button\" data-id=\"e7b7296\" data-element_type=\"widget\" data-widget_type=\"button.default\">\n\t\t\t\t\t\t\t\t\t\t<a class=\"elementor-button elementor-button-link elementor-size-sm\" href=\"https:\/\/zinser.de\/fr\/news\/videos\/videos-clients\/\">\n\t\t\t\t\t\t<span class=\"elementor-button-content-wrapper\">\n\t\t\t\t\t\t\t\t\t<span class=\"elementor-button-text\">Vid\u00e9os clients<\/span>\n\t\t\t\t\t<\/span>\n\t\t\t\t\t<\/a>\n\t\t\t\t\t\t\t\t<\/div>\n\t\t\t\t\t<\/div>\n\t\t<\/div>\n\t\t\t\t\t<\/div>\n\t\t<\/section>\n\t\t\t\t<section class=\"elementor-section elementor-top-section elementor-element elementor-element-062a61c ang-section-padding-extended elementor-section-boxed elementor-section-height-default elementor-section-height-default elementor-repeater-item-none elementor-repeater-item-none_hover\" data-id=\"062a61c\" data-element_type=\"section\">\n\t\t\t\t\t\t<div class=\"elementor-container elementor-column-gap-default\">\n\t\t\t\t\t<div class=\"elementor-column elementor-col-100 elementor-top-column elementor-element elementor-element-d9cff0a elementor-repeater-item-none elementor-repeater-item-none_hover\" data-id=\"d9cff0a\" data-element_type=\"column\">\n\t\t\t<div class=\"elementor-widget-wrap elementor-element-populated\">\n\t\t\t\t\t\t<div class=\"elementor-element elementor-element-dbc27e3 elementor-grid-1 elementor-posts--thumbnail-top elementor-grid-tablet-2 elementor-grid-mobile-1 elementor-repeater-item-none elementor-repeater-item-none_hover elementor-widget elementor-widget-posts\" data-id=\"dbc27e3\" data-element_type=\"widget\" data-settings=\"{&quot;custom_columns&quot;:&quot;1&quot;,&quot;custom_columns_tablet&quot;:&quot;2&quot;,&quot;custom_columns_mobile&quot;:&quot;1&quot;,&quot;custom_row_gap&quot;:{&quot;unit&quot;:&quot;px&quot;,&quot;size&quot;:35,&quot;sizes&quot;:[]},&quot;custom_row_gap_tablet&quot;:{&quot;unit&quot;:&quot;px&quot;,&quot;size&quot;:&quot;&quot;,&quot;sizes&quot;:[]},&quot;custom_row_gap_mobile&quot;:{&quot;unit&quot;:&quot;px&quot;,&quot;size&quot;:&quot;&quot;,&quot;sizes&quot;:[]}}\" data-widget_type=\"posts.custom\">\n\t\t\t\t<div class=\"elementor-widget-container\">\n\t\t\t\t\t      <div class=\"ecs-posts elementor-posts-container elementor-posts   elementor-grid elementor-posts--skin-custom\" data-settings=\"{&quot;current_page&quot;:1,&quot;max_num_pages&quot;:0,&quot;load_method&quot;:&quot;loadmore&quot;,&quot;widget_id&quot;:&quot;dbc27e3&quot;,&quot;post_id&quot;:16937,&quot;theme_id&quot;:16937,&quot;change_url&quot;:false,&quot;reinit_js&quot;:false}\">\n      <div class=\"elementor-posts-nothing-found\"><\/div>\t\t<\/div>\n\t\t\t\t\t\t<\/div>\n\t\t\t\t<\/div>\n\t\t\t\t\t<\/div>\n\t\t<\/div>\n\t\t\t\t\t<\/div>\n\t\t<\/section>\n\t\t\t\t<\/div>\n\t\t","protected":false},"excerpt":{"rendered":"<p>Voyez ce que nos clients disent de nous Les machines et le service ZINSER racont\u00e9s par nos clients. Chaque client est unique, chaque machine de d\u00e9coupe ZINSER est con\u00e7ue en fonction d&#8217;une situation sp\u00e9cifique. La qualit\u00e9 et votre satisfaction sont nos priorit\u00e9s absolues ! Vid\u00e9os ZINSER Vid\u00e9os clients<\/p>\n","protected":false},"author":3,"featured_media":0,"parent":15784,"menu_order":30,"comment_status":"closed","ping_status":"closed","template":"elementor_header_footer","meta":{"_acf_changed":false,"footnotes":""},"categories":[],"tags":[],"class_list":["post-16937","page","type-page","status-publish","hentry"],"acf":[],"yoast_head":"<!-- This site is optimized with the Yoast SEO plugin v26.6 - https:\/\/yoast.com\/wordpress\/plugins\/seo\/ -->\n<title>Chez nos clients - ZINSER machines de d\u00e9coupe, soudage et coupage<\/title>\n<meta name=\"description\" content=\"Les machines ZINSER racont\u00e9es par nos clients. Chaque projet est unique, d\u00e9couvrez les r\u00e9cits des clients ZINSER.\" \/>\n<meta name=\"robots\" content=\"index, follow, max-snippet:-1, max-image-preview:large, max-video-preview:-1\" \/>\n<link rel=\"canonical\" href=\"https:\/\/zinser.de\/fr\/news\/etudes-cas-nos-clients\/\" \/>\n<meta property=\"og:locale\" content=\"fr_FR\" \/>\n<meta property=\"og:type\" content=\"article\" \/>\n<meta property=\"og:title\" content=\"Chez nos clients - ZINSER machines de d\u00e9coupe, soudage et coupage\" \/>\n<meta property=\"og:description\" content=\"Les machines ZINSER racont\u00e9es par nos clients. Chaque projet est unique, d\u00e9couvrez les r\u00e9cits des clients ZINSER.\" \/>\n<meta property=\"og:url\" content=\"https:\/\/zinser.de\/fr\/news\/etudes-cas-nos-clients\/\" \/>\n<meta property=\"og:site_name\" content=\"ZINSER machines de d\u00e9coupe\" \/>\n<meta property=\"article:modified_time\" content=\"2021-01-26T14:03:21+00:00\" \/>\n<meta name=\"twitter:card\" content=\"summary_large_image\" \/>\n<script type=\"application\/ld+json\" class=\"yoast-schema-graph\">{\"@context\":\"https:\/\/schema.org\",\"@graph\":[{\"@type\":\"WebPage\",\"@id\":\"https:\/\/zinser.de\/fr\/news\/etudes-cas-nos-clients\/\",\"url\":\"https:\/\/zinser.de\/fr\/news\/etudes-cas-nos-clients\/\",\"name\":\"Chez nos clients - ZINSER machines de d\u00e9coupe, soudage et coupage\",\"isPartOf\":{\"@id\":\"https:\/\/zinser.de\/fr\/#website\"},\"datePublished\":\"2019-02-08T09:39:10+00:00\",\"dateModified\":\"2021-01-26T14:03:21+00:00\",\"description\":\"Les machines ZINSER racont\u00e9es par nos clients. Chaque projet est unique, d\u00e9couvrez les r\u00e9cits des clients ZINSER.\",\"breadcrumb\":{\"@id\":\"https:\/\/zinser.de\/fr\/news\/etudes-cas-nos-clients\/#breadcrumb\"},\"inLanguage\":\"fr-FR\",\"potentialAction\":[{\"@type\":\"ReadAction\",\"target\":[\"https:\/\/zinser.de\/fr\/news\/etudes-cas-nos-clients\/\"]}]},{\"@type\":\"BreadcrumbList\",\"@id\":\"https:\/\/zinser.de\/fr\/news\/etudes-cas-nos-clients\/#breadcrumb\",\"itemListElement\":[{\"@type\":\"ListItem\",\"position\":1,\"name\":\"Home\",\"item\":\"https:\/\/zinser.de\/fr\/\"},{\"@type\":\"ListItem\",\"position\":2,\"name\":\"News\",\"item\":\"https:\/\/zinser.de\/fr\/news\/\"},{\"@type\":\"ListItem\",\"position\":3,\"name\":\"Chez nos clients\"}]},{\"@type\":\"WebSite\",\"@id\":\"https:\/\/zinser.de\/fr\/#website\",\"url\":\"https:\/\/zinser.de\/fr\/\",\"name\":\"ZINSER machines de d\u00e9coupe\",\"description\":\"D\u00e9coupe plasma, oxycoupage et laser\",\"publisher\":{\"@id\":\"https:\/\/zinser.de\/fr\/#organization\"},\"potentialAction\":[{\"@type\":\"SearchAction\",\"target\":{\"@type\":\"EntryPoint\",\"urlTemplate\":\"https:\/\/zinser.de\/fr\/?s={search_term_string}\"},\"query-input\":{\"@type\":\"PropertyValueSpecification\",\"valueRequired\":true,\"valueName\":\"search_term_string\"}}],\"inLanguage\":\"fr-FR\"},{\"@type\":\"Organization\",\"@id\":\"https:\/\/zinser.de\/fr\/#organization\",\"name\":\"ZINSER\",\"url\":\"https:\/\/zinser.de\/fr\/\",\"logo\":{\"@type\":\"ImageObject\",\"inLanguage\":\"fr-FR\",\"@id\":\"https:\/\/zinser.de\/fr\/#\/schema\/logo\/image\/\",\"url\":\"https:\/\/zinser.de\/wp-content\/uploads\/zinser-favicon_Plan-de-travail-1.png\",\"contentUrl\":\"https:\/\/zinser.de\/wp-content\/uploads\/zinser-favicon_Plan-de-travail-1.png\",\"width\":2134,\"height\":2134,\"caption\":\"ZINSER\"},\"image\":{\"@id\":\"https:\/\/zinser.de\/fr\/#\/schema\/logo\/image\/\"}}]}<\/script>\n<!-- \/ Yoast SEO plugin. -->","yoast_head_json":{"title":"Chez nos clients - ZINSER machines de d\u00e9coupe, soudage et coupage","description":"Les machines ZINSER racont\u00e9es par nos clients. Chaque projet est unique, d\u00e9couvrez les r\u00e9cits des clients ZINSER.","robots":{"index":"index","follow":"follow","max-snippet":"max-snippet:-1","max-image-preview":"max-image-preview:large","max-video-preview":"max-video-preview:-1"},"canonical":"https:\/\/zinser.de\/fr\/news\/etudes-cas-nos-clients\/","og_locale":"fr_FR","og_type":"article","og_title":"Chez nos clients - ZINSER machines de d\u00e9coupe, soudage et coupage","og_description":"Les machines ZINSER racont\u00e9es par nos clients. Chaque projet est unique, d\u00e9couvrez les r\u00e9cits des clients ZINSER.","og_url":"https:\/\/zinser.de\/fr\/news\/etudes-cas-nos-clients\/","og_site_name":"ZINSER machines de d\u00e9coupe","article_modified_time":"2021-01-26T14:03:21+00:00","twitter_card":"summary_large_image","schema":{"@context":"https:\/\/schema.org","@graph":[{"@type":"WebPage","@id":"https:\/\/zinser.de\/fr\/news\/etudes-cas-nos-clients\/","url":"https:\/\/zinser.de\/fr\/news\/etudes-cas-nos-clients\/","name":"Chez nos clients - ZINSER machines de d\u00e9coupe, soudage et coupage","isPartOf":{"@id":"https:\/\/zinser.de\/fr\/#website"},"datePublished":"2019-02-08T09:39:10+00:00","dateModified":"2021-01-26T14:03:21+00:00","description":"Les machines ZINSER racont\u00e9es par nos clients. Chaque projet est unique, d\u00e9couvrez les r\u00e9cits des clients ZINSER.","breadcrumb":{"@id":"https:\/\/zinser.de\/fr\/news\/etudes-cas-nos-clients\/#breadcrumb"},"inLanguage":"fr-FR","potentialAction":[{"@type":"ReadAction","target":["https:\/\/zinser.de\/fr\/news\/etudes-cas-nos-clients\/"]}]},{"@type":"BreadcrumbList","@id":"https:\/\/zinser.de\/fr\/news\/etudes-cas-nos-clients\/#breadcrumb","itemListElement":[{"@type":"ListItem","position":1,"name":"Home","item":"https:\/\/zinser.de\/fr\/"},{"@type":"ListItem","position":2,"name":"News","item":"https:\/\/zinser.de\/fr\/news\/"},{"@type":"ListItem","position":3,"name":"Chez nos clients"}]},{"@type":"WebSite","@id":"https:\/\/zinser.de\/fr\/#website","url":"https:\/\/zinser.de\/fr\/","name":"ZINSER machines de d\u00e9coupe","description":"D\u00e9coupe plasma, oxycoupage et laser","publisher":{"@id":"https:\/\/zinser.de\/fr\/#organization"},"potentialAction":[{"@type":"SearchAction","target":{"@type":"EntryPoint","urlTemplate":"https:\/\/zinser.de\/fr\/?s={search_term_string}"},"query-input":{"@type":"PropertyValueSpecification","valueRequired":true,"valueName":"search_term_string"}}],"inLanguage":"fr-FR"},{"@type":"Organization","@id":"https:\/\/zinser.de\/fr\/#organization","name":"ZINSER","url":"https:\/\/zinser.de\/fr\/","logo":{"@type":"ImageObject","inLanguage":"fr-FR","@id":"https:\/\/zinser.de\/fr\/#\/schema\/logo\/image\/","url":"https:\/\/zinser.de\/wp-content\/uploads\/zinser-favicon_Plan-de-travail-1.png","contentUrl":"https:\/\/zinser.de\/wp-content\/uploads\/zinser-favicon_Plan-de-travail-1.png","width":2134,"height":2134,"caption":"ZINSER"},"image":{"@id":"https:\/\/zinser.de\/fr\/#\/schema\/logo\/image\/"}}]}},"_links":{"self":[{"href":"https:\/\/zinser.de\/fr\/wp-json\/wp\/v2\/pages\/16937","targetHints":{"allow":["GET"]}}],"collection":[{"href":"https:\/\/zinser.de\/fr\/wp-json\/wp\/v2\/pages"}],"about":[{"href":"https:\/\/zinser.de\/fr\/wp-json\/wp\/v2\/types\/page"}],"author":[{"embeddable":true,"href":"https:\/\/zinser.de\/fr\/wp-json\/wp\/v2\/users\/3"}],"replies":[{"embeddable":true,"href":"https:\/\/zinser.de\/fr\/wp-json\/wp\/v2\/comments?post=16937"}],"version-history":[{"count":0,"href":"https:\/\/zinser.de\/fr\/wp-json\/wp\/v2\/pages\/16937\/revisions"}],"up":[{"embeddable":true,"href":"https:\/\/zinser.de\/fr\/wp-json\/wp\/v2\/pages\/15784"}],"wp:attachment":[{"href":"https:\/\/zinser.de\/fr\/wp-json\/wp\/v2\/media?parent=16937"}],"wp:term":[{"taxonomy":"category","embeddable":true,"href":"https:\/\/zinser.de\/fr\/wp-json\/wp\/v2\/categories?post=16937"},{"taxonomy":"post_tag","embeddable":true,"href":"https:\/\/zinser.de\/fr\/wp-json\/wp\/v2\/tags?post=16937"}],"curies":[{"name":"wp","href":"https:\/\/api.w.org\/{rel}","templated":true}]}}