{"id":19743,"date":"2017-12-19T14:29:37","date_gmt":"2017-12-19T13:29:37","guid":{"rendered":"https:\/\/zinser.de\/mentions-legales\/"},"modified":"2024-10-29T21:51:37","modified_gmt":"2024-10-29T20:51:37","slug":"mentions-legales","status":"publish","type":"page","link":"https:\/\/zinser.de\/fr\/mentions-legales\/","title":{"rendered":"Mentions l\u00e9gales"},"content":{"rendered":"\t\t<div data-elementor-type=\"wp-page\" data-elementor-id=\"19743\" class=\"elementor elementor-19743 elementor-2333\" data-elementor-post-type=\"page\">\n\t\t\t\t\t\t<section class=\"elementor-section elementor-top-section elementor-element elementor-element-57ecee4 elementor-section-height-min-height elementor-section-boxed ang-section-padding-initial elementor-section-height-default elementor-section-items-middle elementor-repeater-item-none elementor-repeater-item-none_hover\" data-id=\"57ecee4\" data-element_type=\"section\" data-settings=\"{&quot;background_background&quot;:&quot;classic&quot;}\">\n\t\t\t\t\t\t\t<div class=\"elementor-background-overlay\"><\/div>\n\t\t\t\t\t\t\t<div class=\"elementor-container elementor-column-gap-default\">\n\t\t\t\t\t<div class=\"elementor-column elementor-col-100 elementor-top-column elementor-element elementor-element-f909b77 elementor-repeater-item-none elementor-repeater-item-none_hover\" data-id=\"f909b77\" data-element_type=\"column\">\n\t\t\t<div class=\"elementor-widget-wrap elementor-element-populated\">\n\t\t\t\t\t\t<div class=\"elementor-element elementor-element-7e654a8 elementor-repeater-item-none elementor-repeater-item-none_hover elementor-invisible elementor-widget elementor-widget-heading\" data-id=\"7e654a8\" data-element_type=\"widget\" data-settings=\"{&quot;_animation&quot;:&quot;fadeInLeft&quot;}\" data-widget_type=\"heading.default\">\n\t\t\t\t\t<h1 class=\"elementor-heading-title elementor-size-xxl\">Mentions l\u00e9gales<\/h1>\t\t\t\t<\/div>\n\t\t\t\t\t<\/div>\n\t\t<\/div>\n\t\t\t\t\t<\/div>\n\t\t<\/section>\n\t\t\t\t<section class=\"elementor-section elementor-top-section elementor-element elementor-element-2a5e3a6 ang-section-padding-wider elementor-section-boxed elementor-section-height-default elementor-section-height-default elementor-repeater-item-none elementor-repeater-item-none_hover\" data-id=\"2a5e3a6\" data-element_type=\"section\">\n\t\t\t\t\t\t<div class=\"elementor-container elementor-column-gap-default\">\n\t\t\t\t\t<div class=\"elementor-column elementor-col-100 elementor-top-column elementor-element elementor-element-4db648f2 elementor-repeater-item-none elementor-repeater-item-none_hover\" data-id=\"4db648f2\" data-element_type=\"column\">\n\t\t\t<div class=\"elementor-widget-wrap elementor-element-populated\">\n\t\t\t\t\t\t<div class=\"elementor-element elementor-element-8e7e2cc elementor-repeater-item-none elementor-repeater-item-none_hover elementor-widget elementor-widget-heading\" data-id=\"8e7e2cc\" data-element_type=\"widget\" data-widget_type=\"heading.default\">\n\t\t\t\t\t<h3 class=\"elementor-heading-title elementor-size-default\">Mentions l\u00e9gales<\/h3>\t\t\t\t<\/div>\n\t\t\t\t<div class=\"elementor-element elementor-element-1843aa4e elementor-repeater-item-none elementor-repeater-item-none_hover elementor-widget elementor-widget-text-editor\" data-id=\"1843aa4e\" data-element_type=\"widget\" data-widget_type=\"text-editor.default\">\n\t\t\t\t\t\t\t\t\tLe site Internet de ZINSER GmbH a pour objectif d&#8217;informer les clients et les parties int\u00e9ress\u00e9es sur les produits et services et de leur offrir la possibilit\u00e9 de les contacter. Nous sommes \u00e0 votre disposition pour des suggestions et des questions concernant notre site Web par courriel. En visitant notre site Web, vous acceptez les accords suivants, sinon nous devons vous demander de quitter notre site Web.\r\n<br><br>\r\n<strong>Copyright<\/strong><br>\r\n\u00a9 Copyright 2012 ZINSER GmbH\r\nTous droits r\u00e9serv\u00e9s Tous les textes, images, graphiques, sons, vid\u00e9os et animations ainsi que leurs dispositions sont soumis au droit d&#8217;auteur et \u00e0 d&#8217;autres lois pour la protection de la propri\u00e9t\u00e9 intellectuelle. Sans le consentement \u00e9crit de ZINSER GmbH, ils ne peuvent \u00eatre copi\u00e9s \u00e0 des fins commerciales ou pour distribution, ni modifi\u00e9s ou utilis\u00e9s dans d&#8217;autres sites Web. Notre site Web peut \u00e9galement contenir du contenu soumis au droit d&#8217;auteur de ceux qui l&#8217;ont mis \u00e0 disposition.\r\n<br><br>\r\n<strong>Responsabilit\u00e9<\/strong><br>\r\nLes informations pr\u00e9sentes sur ce site sont compil\u00e9es avec soin et mises \u00e0 jour r\u00e9guli\u00e8rement. N\u00e9anmoins, les informations et les d\u00e9tails sur notre site Web ne repr\u00e9sentent aucune assurance ou garantie, qu&#8217;elle soit expresse ou implicite. En particulier, ils ne constituent pas une promesse ou une garantie implicite en ce qui concerne la nature, la commercialisation, l&#8217;ad\u00e9quation \u00e0 certaines fins ou la non-violation des lois et des brevets.\r\n<br>\r\nSur notre site Web, vous trouverez \u00e9galement des liens vers d&#8217;autres sites Web. Nous tenons \u00e0 souligner que nous n&#8217;avons aucune influence sur la conception et le contenu des pages auxquelles il est fait r\u00e9f\u00e9rence. Pour cette raison, nous d\u00e9clinons toute responsabilit\u00e9 pour les informations qui y sont fournies.\r\n<br><br>\r\n<strong>Marques de commerce<\/strong><br>\r\nSauf indication contraire, toutes les marques mentionn\u00e9es sur notre site Web sont des marques prot\u00e9g\u00e9es par la loi. Cela s&#8217;applique en particulier aux symboles (par exemple les logos).\r\n<br><br>\r\n<strong>Droits de licence<\/strong><br>\r\nNotre site Web n&#8217;accorde aucun droit de licence sur notre propri\u00e9t\u00e9 intellectuelle. Cela s&#8217;applique en particulier aux brevets, aux marques et aux droits d&#8217;auteur.\r\n<br><br>\r\n<strong>D\u00e9clarations prospectives<\/strong><br>\r\nNotre site Web peut contenir des d\u00e9clarations prospectives. De telles d\u00e9clarations donnent \u00e0 ZINSER GmbH une vue des \u00e9v\u00e9nements futurs au moment o\u00f9 elles ont \u00e9t\u00e9 faites et sont sujettes \u00e0 des risques et des incertitudes.\r\n<br><br>\r\n<strong>ZINSER GmbH<\/strong><br>\r\nDaimlerstr. 4<br>\r\nD-73095 Albershausen\/Allemagne<br><br>\r\n\r\nT\u00e9l +49 7161 5050-0<br>\r\nFax +49 7161 5050-100<br>\r\ninfo@zinser.de \u00b7 www.zinser.de<br><br>\r\n\r\nDirecteurs g\u00e9n\u00e9raux: Ulrich Bock, Andreas Niklaus<br>\r\nRegistre du commerce: HRB Ulm 533273<br>\r\nNum\u00e9ro fiscal: 63088\/93809<br>\r\nNum\u00e9ro d&#8217;identification TVA: DE 813055989\t\t\t\t\t\t\t\t<\/div>\n\t\t\t\t\t<\/div>\n\t\t<\/div>\n\t\t\t\t\t<\/div>\n\t\t<\/section>\n\t\t\t\t<\/div>\n\t\t","protected":false},"excerpt":{"rendered":"<p>Mentions l\u00e9gales Le site Internet de ZINSER GmbH a pour objectif d&#8217;informer les clients et les parties int\u00e9ress\u00e9es sur les produits et services et de leur offrir la possibilit\u00e9 de les contacter. Nous sommes \u00e0 votre disposition pour des suggestions et des questions concernant notre site Web par courriel. En visitant notre site Web, vous [&hellip;]<\/p>\n","protected":false},"author":3,"featured_media":0,"parent":0,"menu_order":200,"comment_status":"closed","ping_status":"closed","template":"elementor_header_footer","meta":{"_acf_changed":false,"footnotes":""},"categories":[],"tags":[],"class_list":["post-19743","page","type-page","status-publish","hentry"],"acf":[],"yoast_head":"<!-- This site is optimized with the Yoast SEO plugin v26.6 - https:\/\/yoast.com\/wordpress\/plugins\/seo\/ -->\n<title>Mentions l\u00e9gales - ZINSER machines de d\u00e9coupe<\/title>\n<meta name=\"robots\" content=\"noindex, nofollow\" \/>\n<meta property=\"og:locale\" content=\"fr_FR\" \/>\n<meta property=\"og:type\" content=\"article\" \/>\n<meta property=\"og:title\" content=\"Mentions l\u00e9gales - ZINSER machines de d\u00e9coupe\" \/>\n<meta property=\"og:description\" content=\"Mentions l\u00e9gales Le site Internet de ZINSER GmbH a pour objectif d&#8217;informer les clients et les parties int\u00e9ress\u00e9es sur les produits et services et de leur offrir la possibilit\u00e9 de les contacter. Nous sommes \u00e0 votre disposition pour des suggestions et des questions concernant notre site Web par courriel. En visitant notre site Web, vous [&hellip;]\" \/>\n<meta property=\"og:url\" content=\"https:\/\/zinser.de\/fr\/mentions-legales\/\" \/>\n<meta property=\"og:site_name\" content=\"ZINSER machines de d\u00e9coupe\" \/>\n<meta property=\"article:modified_time\" content=\"2024-10-29T20:51:37+00:00\" \/>\n<meta name=\"twitter:card\" content=\"summary_large_image\" \/>\n<meta name=\"twitter:label1\" content=\"Dur\u00e9e de lecture estim\u00e9e\" \/>\n\t<meta name=\"twitter:data1\" content=\"2 minutes\" \/>\n<script type=\"application\/ld+json\" class=\"yoast-schema-graph\">{\"@context\":\"https:\/\/schema.org\",\"@graph\":[{\"@type\":\"WebPage\",\"@id\":\"https:\/\/zinser.de\/fr\/mentions-legales\/\",\"url\":\"https:\/\/zinser.de\/fr\/mentions-legales\/\",\"name\":\"Mentions l\u00e9gales - ZINSER machines de d\u00e9coupe\",\"isPartOf\":{\"@id\":\"https:\/\/zinser.de\/fr\/#website\"},\"datePublished\":\"2017-12-19T13:29:37+00:00\",\"dateModified\":\"2024-10-29T20:51:37+00:00\",\"breadcrumb\":{\"@id\":\"https:\/\/zinser.de\/fr\/mentions-legales\/#breadcrumb\"},\"inLanguage\":\"fr-FR\",\"potentialAction\":[{\"@type\":\"ReadAction\",\"target\":[\"https:\/\/zinser.de\/fr\/mentions-legales\/\"]}]},{\"@type\":\"BreadcrumbList\",\"@id\":\"https:\/\/zinser.de\/fr\/mentions-legales\/#breadcrumb\",\"itemListElement\":[{\"@type\":\"ListItem\",\"position\":1,\"name\":\"Home\",\"item\":\"https:\/\/zinser.de\/fr\/\"},{\"@type\":\"ListItem\",\"position\":2,\"name\":\"Mentions l\u00e9gales\"}]},{\"@type\":\"WebSite\",\"@id\":\"https:\/\/zinser.de\/fr\/#website\",\"url\":\"https:\/\/zinser.de\/fr\/\",\"name\":\"ZINSER machines de d\u00e9coupe\",\"description\":\"D\u00e9coupe plasma, oxycoupage et laser\",\"publisher\":{\"@id\":\"https:\/\/zinser.de\/fr\/#organization\"},\"potentialAction\":[{\"@type\":\"SearchAction\",\"target\":{\"@type\":\"EntryPoint\",\"urlTemplate\":\"https:\/\/zinser.de\/fr\/?s={search_term_string}\"},\"query-input\":{\"@type\":\"PropertyValueSpecification\",\"valueRequired\":true,\"valueName\":\"search_term_string\"}}],\"inLanguage\":\"fr-FR\"},{\"@type\":\"Organization\",\"@id\":\"https:\/\/zinser.de\/fr\/#organization\",\"name\":\"ZINSER\",\"url\":\"https:\/\/zinser.de\/fr\/\",\"logo\":{\"@type\":\"ImageObject\",\"inLanguage\":\"fr-FR\",\"@id\":\"https:\/\/zinser.de\/fr\/#\/schema\/logo\/image\/\",\"url\":\"https:\/\/zinser.de\/wp-content\/uploads\/zinser-favicon_Plan-de-travail-1.png\",\"contentUrl\":\"https:\/\/zinser.de\/wp-content\/uploads\/zinser-favicon_Plan-de-travail-1.png\",\"width\":2134,\"height\":2134,\"caption\":\"ZINSER\"},\"image\":{\"@id\":\"https:\/\/zinser.de\/fr\/#\/schema\/logo\/image\/\"}}]}<\/script>\n<!-- \/ Yoast SEO plugin. -->","yoast_head_json":{"title":"Mentions l\u00e9gales - ZINSER machines de d\u00e9coupe","robots":{"index":"noindex","follow":"nofollow"},"og_locale":"fr_FR","og_type":"article","og_title":"Mentions l\u00e9gales - ZINSER machines de d\u00e9coupe","og_description":"Mentions l\u00e9gales Le site Internet de ZINSER GmbH a pour objectif d&#8217;informer les clients et les parties int\u00e9ress\u00e9es sur les produits et services et de leur offrir la possibilit\u00e9 de les contacter. Nous sommes \u00e0 votre disposition pour des suggestions et des questions concernant notre site Web par courriel. En visitant notre site Web, vous [&hellip;]","og_url":"https:\/\/zinser.de\/fr\/mentions-legales\/","og_site_name":"ZINSER machines de d\u00e9coupe","article_modified_time":"2024-10-29T20:51:37+00:00","twitter_card":"summary_large_image","twitter_misc":{"Dur\u00e9e de lecture estim\u00e9e":"2 minutes"},"schema":{"@context":"https:\/\/schema.org","@graph":[{"@type":"WebPage","@id":"https:\/\/zinser.de\/fr\/mentions-legales\/","url":"https:\/\/zinser.de\/fr\/mentions-legales\/","name":"Mentions l\u00e9gales - ZINSER machines de d\u00e9coupe","isPartOf":{"@id":"https:\/\/zinser.de\/fr\/#website"},"datePublished":"2017-12-19T13:29:37+00:00","dateModified":"2024-10-29T20:51:37+00:00","breadcrumb":{"@id":"https:\/\/zinser.de\/fr\/mentions-legales\/#breadcrumb"},"inLanguage":"fr-FR","potentialAction":[{"@type":"ReadAction","target":["https:\/\/zinser.de\/fr\/mentions-legales\/"]}]},{"@type":"BreadcrumbList","@id":"https:\/\/zinser.de\/fr\/mentions-legales\/#breadcrumb","itemListElement":[{"@type":"ListItem","position":1,"name":"Home","item":"https:\/\/zinser.de\/fr\/"},{"@type":"ListItem","position":2,"name":"Mentions l\u00e9gales"}]},{"@type":"WebSite","@id":"https:\/\/zinser.de\/fr\/#website","url":"https:\/\/zinser.de\/fr\/","name":"ZINSER machines de d\u00e9coupe","description":"D\u00e9coupe plasma, oxycoupage et laser","publisher":{"@id":"https:\/\/zinser.de\/fr\/#organization"},"potentialAction":[{"@type":"SearchAction","target":{"@type":"EntryPoint","urlTemplate":"https:\/\/zinser.de\/fr\/?s={search_term_string}"},"query-input":{"@type":"PropertyValueSpecification","valueRequired":true,"valueName":"search_term_string"}}],"inLanguage":"fr-FR"},{"@type":"Organization","@id":"https:\/\/zinser.de\/fr\/#organization","name":"ZINSER","url":"https:\/\/zinser.de\/fr\/","logo":{"@type":"ImageObject","inLanguage":"fr-FR","@id":"https:\/\/zinser.de\/fr\/#\/schema\/logo\/image\/","url":"https:\/\/zinser.de\/wp-content\/uploads\/zinser-favicon_Plan-de-travail-1.png","contentUrl":"https:\/\/zinser.de\/wp-content\/uploads\/zinser-favicon_Plan-de-travail-1.png","width":2134,"height":2134,"caption":"ZINSER"},"image":{"@id":"https:\/\/zinser.de\/fr\/#\/schema\/logo\/image\/"}}]}},"_links":{"self":[{"href":"https:\/\/zinser.de\/fr\/wp-json\/wp\/v2\/pages\/19743","targetHints":{"allow":["GET"]}}],"collection":[{"href":"https:\/\/zinser.de\/fr\/wp-json\/wp\/v2\/pages"}],"about":[{"href":"https:\/\/zinser.de\/fr\/wp-json\/wp\/v2\/types\/page"}],"author":[{"embeddable":true,"href":"https:\/\/zinser.de\/fr\/wp-json\/wp\/v2\/users\/3"}],"replies":[{"embeddable":true,"href":"https:\/\/zinser.de\/fr\/wp-json\/wp\/v2\/comments?post=19743"}],"version-history":[{"count":4,"href":"https:\/\/zinser.de\/fr\/wp-json\/wp\/v2\/pages\/19743\/revisions"}],"predecessor-version":[{"id":35778,"href":"https:\/\/zinser.de\/fr\/wp-json\/wp\/v2\/pages\/19743\/revisions\/35778"}],"wp:attachment":[{"href":"https:\/\/zinser.de\/fr\/wp-json\/wp\/v2\/media?parent=19743"}],"wp:term":[{"taxonomy":"category","embeddable":true,"href":"https:\/\/zinser.de\/fr\/wp-json\/wp\/v2\/categories?post=19743"},{"taxonomy":"post_tag","embeddable":true,"href":"https:\/\/zinser.de\/fr\/wp-json\/wp\/v2\/tags?post=19743"}],"curies":[{"name":"wp","href":"https:\/\/api.w.org\/{rel}","templated":true}]}}