{"id":21871,"date":"2020-11-04T15:14:10","date_gmt":"2020-11-04T14:14:10","guid":{"rendered":"https:\/\/zinser.de\/?page_id=21871"},"modified":"2020-11-04T15:28:32","modified_gmt":"2020-11-04T14:28:32","slug":"machines-oxycoupage","status":"publish","type":"page","link":"https:\/\/zinser.de\/fr\/machines-oxycoupage\/","title":{"rendered":"Machines oxycoupage"},"content":{"rendered":"\t\t<div data-elementor-type=\"wp-page\" data-elementor-id=\"21871\" class=\"elementor elementor-21871\" data-elementor-post-type=\"page\">\n\t\t\t\t\t\t<section class=\"elementor-section elementor-top-section elementor-element elementor-element-93ea5ab elementor-section-height-min-height elementor-section-boxed ang-section-padding-initial elementor-section-height-default elementor-section-items-middle elementor-repeater-item-none elementor-repeater-item-none_hover\" data-id=\"93ea5ab\" data-element_type=\"section\" data-settings=\"{&quot;background_background&quot;:&quot;classic&quot;}\">\n\t\t\t\t\t\t\t<div class=\"elementor-background-overlay\"><\/div>\n\t\t\t\t\t\t\t<div class=\"elementor-container elementor-column-gap-default\">\n\t\t\t\t\t<div class=\"elementor-column elementor-col-100 elementor-top-column elementor-element elementor-element-18d6eca elementor-repeater-item-none elementor-repeater-item-none_hover\" data-id=\"18d6eca\" data-element_type=\"column\">\n\t\t\t<div class=\"elementor-widget-wrap elementor-element-populated\">\n\t\t\t\t\t\t<div class=\"elementor-element elementor-element-7a52ad7 elementor-repeater-item-none elementor-repeater-item-none_hover elementor-invisible elementor-widget elementor-widget-heading\" data-id=\"7a52ad7\" data-element_type=\"widget\" data-settings=\"{&quot;_animation&quot;:&quot;fadeInLeft&quot;}\" data-widget_type=\"heading.default\">\n\t\t\t\t\t<h1 class=\"elementor-heading-title elementor-size-xxl\">Machines oxycoupage<\/h1>\t\t\t\t<\/div>\n\t\t\t\t\t<\/div>\n\t\t<\/div>\n\t\t\t\t\t<\/div>\n\t\t<\/section>\n\t\t\t\t<section class=\"elementor-section elementor-top-section elementor-element elementor-element-4d34ead elementor-section-boxed ang-section-padding-initial elementor-section-height-default elementor-section-height-default elementor-repeater-item-none elementor-repeater-item-none_hover\" data-id=\"4d34ead\" data-element_type=\"section\">\n\t\t\t\t\t\t<div class=\"elementor-container elementor-column-gap-default\">\n\t\t\t\t\t<div class=\"elementor-column elementor-col-100 elementor-top-column elementor-element elementor-element-915b977 elementor-repeater-item-none elementor-repeater-item-none_hover\" data-id=\"915b977\" data-element_type=\"column\">\n\t\t\t<div class=\"elementor-widget-wrap elementor-element-populated\">\n\t\t\t\t\t\t<div class=\"elementor-element elementor-element-ae4af7c elementor-repeater-item-none elementor-repeater-item-none_hover elementor-widget elementor-widget-breadcrumbs\" data-id=\"ae4af7c\" data-element_type=\"widget\" data-widget_type=\"breadcrumbs.default\">\n\t\t\t\t\t<p id=\"breadcrumbs\"><span><span><a href=\"https:\/\/zinser.de\/fr\/\">Home<\/a><\/span><\/span><\/p>\t\t\t\t<\/div>\n\t\t\t\t\t<\/div>\n\t\t<\/div>\n\t\t\t\t\t<\/div>\n\t\t<\/section>\n\t\t\t\t<section class=\"elementor-section elementor-top-section elementor-element elementor-element-8415d5b ang-section-padding-wider elementor-section-boxed elementor-section-height-default elementor-section-height-default elementor-repeater-item-none elementor-repeater-item-none_hover\" data-id=\"8415d5b\" data-element_type=\"section\">\n\t\t\t\t\t\t<div class=\"elementor-container elementor-column-gap-default\">\n\t\t\t\t\t<div class=\"elementor-column elementor-col-100 elementor-top-column elementor-element elementor-element-16035d5 elementor-repeater-item-none elementor-repeater-item-none_hover\" data-id=\"16035d5\" data-element_type=\"column\">\n\t\t\t<div class=\"elementor-widget-wrap elementor-element-populated\">\n\t\t\t\t\t\t<div class=\"elementor-element elementor-element-4da8c6a elementor-repeater-item-none elementor-repeater-item-none_hover elementor-widget elementor-widget-heading\" data-id=\"4da8c6a\" data-element_type=\"widget\" data-widget_type=\"heading.default\">\n\t\t\t\t\t<h2 class=\"elementor-heading-title elementor-size-default\">D\u00e9coupe par oxycoupage avec les machines ZINSER<\/h2>\t\t\t\t<\/div>\n\t\t\t\t<div class=\"elementor-element elementor-element-b18cc7d elementor-repeater-item-none elementor-repeater-item-none_hover elementor-widget elementor-widget-text-editor\" data-id=\"b18cc7d\" data-element_type=\"widget\" data-widget_type=\"text-editor.default\">\n\t\t\t\t\t\t\t\t\t<p>Une <b>machine oxycoupage<\/b>, ou machine de d\u00e9coupe autog\u00e8ne, est g\u00e9n\u00e9ralement utilis\u00e9e pour d\u00e9couper des aciers non alli\u00e9s (acier de construction). Le chalumeau de d\u00e9coupe pr\u00e9chauffe le mat\u00e9riau \u00e0 sa temp\u00e9rature d\u2019inflammation en utilisant du propane, de l\u2019ac\u00e9tyl\u00e8ne ou du gaz naturel hautement combustible. Puis, un jet d\u2019oxyg\u00e8ne est ensuite souffl\u00e9 pour faire fondre le mat\u00e9riau qui est ainsi d\u00e9coup\u00e9.<\/p><p>Avec une machine d\u2019oxycoupage, on dispose d\u2019un moyen relativement rapide, simple et peu co\u00fbteux de d\u00e9couper l\u2019acier. Il convient pour des \u00e9paisseurs de t\u00f4le allant de 3 \u00e0 1200 mm. La d\u00e9coupe autog\u00e8ne est le proc\u00e9d\u00e9 que l\u2019on retiendra si l\u2019on recherche une option \u00e9conomique pour couper des plaques \u00e9paisses, et que la productivit\u00e9 n\u2019est pas une priorit\u00e9.<\/p>\t\t\t\t\t\t\t\t<\/div>\n\t\t\t\t<div class=\"elementor-element elementor-element-d145ab6 elementor-repeater-item-none elementor-repeater-item-none_hover elementor-widget elementor-widget-heading\" data-id=\"d145ab6\" data-element_type=\"widget\" data-widget_type=\"heading.default\">\n\t\t\t\t\t<h2 class=\"elementor-heading-title elementor-size-default\">L\u2019expertise ZINSER pour votre machine oxycoupage<\/h2>\t\t\t\t<\/div>\n\t\t\t\t<div class=\"elementor-element elementor-element-7791fc8 elementor-repeater-item-none elementor-repeater-item-none_hover elementor-widget elementor-widget-text-editor\" data-id=\"7791fc8\" data-element_type=\"widget\" data-widget_type=\"text-editor.default\">\n\t\t\t\t\t\t\t\t\t<p>Pionnier du soudage autog\u00e8ne, ZINSER propose depuis plus de 120 ans des solutions d\u2019utilisation \u00e9conomiques de l\u2019ac\u00e9tyl\u00e8ne et d\u2019autres gaz. Nos machines oxycoupage CNC sont connues mondialement pour leur fiabilit\u00e9, leur qualit\u00e9 de coupe, leur robustesse \u00ab\u00a0Made in Germany\u00a0\u00bb.<\/p><p>Entreprise tourn\u00e9e vers l\u2019innovation, ZINSER n\u2019a de cesse d\u2019\u00e9voluer pour proposer \u00e0 ses clients des solutions de d\u00e9coupe individualis\u00e9es. Nous proposons ainsi des <b>machines combin\u00e9es oxycoupage et plasma<\/b> d\u00e9clin\u00e9es en 3 gammes (compactes, \u00e9conomiques, premium) ainsi que de nombreuses options pour nos machines de d\u00e9coupe autog\u00e8ne\u00a0: chanfreinage avec triple torche, per\u00e7age, marquage, d\u00e9coupe de tubes\u2026<\/p><p>\u00a0<\/p>\t\t\t\t\t\t\t\t<\/div>\n\t\t\t\t<div class=\"elementor-element elementor-element-1c6f123 elementor-repeater-item-none elementor-repeater-item-none_hover elementor-widget elementor-widget-heading\" data-id=\"1c6f123\" data-element_type=\"widget\" data-widget_type=\"heading.default\">\n\t\t\t\t\t<h2 class=\"elementor-heading-title elementor-size-default\">Oxycoupage sur site<\/h2>\t\t\t\t<\/div>\n\t\t\t\t<div class=\"elementor-element elementor-element-bd61398 elementor-repeater-item-none elementor-repeater-item-none_hover elementor-widget elementor-widget-text-editor\" data-id=\"bd61398\" data-element_type=\"widget\" data-widget_type=\"text-editor.default\">\n\t\t\t\t\t\t\t\t\t<p>Enfin, d\u00e9couvrez nos solutions portatives pour la d\u00e9coupe autog\u00e8ne et emportez la technologie oxycoupage sur vos chantiers\u00a0:<\/p><ul><li><a href=\"https:\/\/zinser.de\/fr\/dispositifs-mobiles\/machines-coupe-portatives\/\">Machines manuelles FAVORIT<\/a><\/li><li>Gamme compl\u00e8te d\u2019\u00e9quipement pour le <a href=\"https:\/\/zinser.de\/fr\/dispositifs-mobiles\/soudage-autogene\/\">soudage \/ coupage autog\u00e8ne<\/a><\/li><li><a href=\"https:\/\/zinser.de\/fr\/dispositifs-mobiles\/chanfreineuse-tubes\/\">Chanfreineuses pour tubes<\/a><\/li><\/ul><p>\u00a0<\/p><p>Pour en savoir plus, consultez la page de notre site d\u00e9di\u00e9e \u00e0 la <a href=\"https:\/\/zinser.de\/fr\/technologies-de-decoupe\/oxycoupage\/\">technologie oxycoupage<\/a>. Quant \u00e0 nos syst\u00e8mes de d\u00e9coupe, ils sont pr\u00e9sent\u00e9s ici\u00a0: <a href=\"https:\/\/zinser.de\/fr\/machines-decoupe-cnc\/\">machines de d\u00e9coupe CNC<\/a>. Et pour une \u00e9tude personnalis\u00e9e de vos besoins, <a href=\"https:\/\/zinser.de\/fr\/contact\/\">contactez-nous<\/a>\u00a0!<\/p>\t\t\t\t\t\t\t\t<\/div>\n\t\t\t\t\t<\/div>\n\t\t<\/div>\n\t\t\t\t\t<\/div>\n\t\t<\/section>\n\t\t\t\t<section class=\"elementor-section elementor-top-section elementor-element elementor-element-47b53505 elementor-section-full_width ang-section-padding-wider elementor-section-height-default elementor-section-height-default elementor-repeater-item-none elementor-repeater-item-none_hover\" data-id=\"47b53505\" data-element_type=\"section\">\n\t\t\t\t\t\t<div class=\"elementor-container elementor-column-gap-default\">\n\t\t\t\t\t<div class=\"elementor-column elementor-col-16 elementor-top-column elementor-element elementor-element-163c529d elementor-repeater-item-none elementor-repeater-item-none_hover\" data-id=\"163c529d\" data-element_type=\"column\">\n\t\t\t<div class=\"elementor-widget-wrap elementor-element-populated\">\n\t\t\t\t\t\t<div class=\"elementor-element elementor-element-43b6f219 elementor-position-top elementor-repeater-item-none elementor-repeater-item-none_hover elementor-widget elementor-widget-image-box\" data-id=\"43b6f219\" data-element_type=\"widget\" data-widget_type=\"image-box.default\">\n\t\t\t\t\t<div class=\"elementor-image-box-wrapper\"><figure class=\"elementor-image-box-img\"><a href=\"https:\/\/zinser.de\/fr\/systemes-coupe-cnc\/\" tabindex=\"-1\"><img fetchpriority=\"high\" decoding=\"async\" width=\"1080\" height=\"720\" src=\"https:\/\/zinser.de\/wp-content\/uploads\/ZINSER-logo.png\" class=\"attachment-full size-full wp-image-12215\" alt=\"ZINSER Schneidmaschinen\" \/><\/a><\/figure><div class=\"elementor-image-box-content\"><h4 class=\"elementor-image-box-title\"><a href=\"https:\/\/zinser.de\/fr\/systemes-coupe-cnc\/\">Syst\u00e8mes de d\u00e9coupe CNC ZINSER<\/a><\/h4><\/div><\/div>\t\t\t\t<\/div>\n\t\t\t\t\t<\/div>\n\t\t<\/div>\n\t\t\t\t<div class=\"elementor-column elementor-col-16 elementor-top-column elementor-element elementor-element-3d73e90f elementor-repeater-item-none elementor-repeater-item-none_hover\" data-id=\"3d73e90f\" data-element_type=\"column\">\n\t\t\t<div class=\"elementor-widget-wrap elementor-element-populated\">\n\t\t\t\t\t\t<div class=\"elementor-element elementor-element-390fbe9 elementor-position-top elementor-repeater-item-none elementor-repeater-item-none_hover elementor-widget elementor-widget-image-box\" data-id=\"390fbe9\" data-element_type=\"widget\" data-widget_type=\"image-box.default\">\n\t\t\t\t\t<div class=\"elementor-image-box-wrapper\"><figure class=\"elementor-image-box-img\"><a href=\"https:\/\/zinser.de\/cnc-schneidsysteme\/premium-schneidsysteme\/zinser_4025b-4125b-4026b-4126b\/\" tabindex=\"-1\"><img decoding=\"async\" width=\"1280\" height=\"840\" src=\"https:\/\/zinser.de\/wp-content\/uploads\/4125_frei_1280x840_300dpi.png\" class=\"attachment-full size-full wp-image-9596\" alt=\"ZINSER 4125 machine de d\u00e9coupe CNC\" \/><\/a><\/figure><div class=\"elementor-image-box-content\"><h4 class=\"elementor-image-box-title\"><a href=\"https:\/\/zinser.de\/cnc-schneidsysteme\/premium-schneidsysteme\/zinser_4025b-4125b-4026b-4126b\/\">Machines Premium<\/a><\/h4><\/div><\/div>\t\t\t\t<\/div>\n\t\t\t\t\t<\/div>\n\t\t<\/div>\n\t\t\t\t<div class=\"elementor-column elementor-col-16 elementor-top-column elementor-element elementor-element-750bcd06 elementor-repeater-item-none elementor-repeater-item-none_hover\" data-id=\"750bcd06\" data-element_type=\"column\">\n\t\t\t<div class=\"elementor-widget-wrap elementor-element-populated\">\n\t\t\t\t\t\t<div class=\"elementor-element elementor-element-64e7f84f elementor-position-top elementor-repeater-item-none elementor-repeater-item-none_hover elementor-widget elementor-widget-image-box\" data-id=\"64e7f84f\" data-element_type=\"widget\" data-widget_type=\"image-box.default\">\n\t\t\t\t\t<div class=\"elementor-image-box-wrapper\"><figure class=\"elementor-image-box-img\"><a href=\"https:\/\/zinser.de\/fr\/systemes-coupe-cnc\/machines-de-coupe-economiques\/\" tabindex=\"-1\"><img decoding=\"async\" width=\"1080\" height=\"720\" src=\"https:\/\/zinser.de\/wp-content\/uploads\/ZINSER-2425-I-1080x720px.png\" class=\"attachment-full size-full wp-image-13918\" alt=\"machines de d\u00e9coupe \u00e9conomiques\" \/><\/a><\/figure><div class=\"elementor-image-box-content\"><h4 class=\"elementor-image-box-title\"><a href=\"https:\/\/zinser.de\/fr\/systemes-coupe-cnc\/machines-de-coupe-economiques\/\">Machines \u00e9conomiques<\/a><\/h4><\/div><\/div>\t\t\t\t<\/div>\n\t\t\t\t\t<\/div>\n\t\t<\/div>\n\t\t\t\t<div class=\"elementor-column elementor-col-16 elementor-top-column elementor-element elementor-element-6407b396 elementor-repeater-item-none elementor-repeater-item-none_hover\" data-id=\"6407b396\" data-element_type=\"column\">\n\t\t\t<div class=\"elementor-widget-wrap elementor-element-populated\">\n\t\t\t\t\t\t<div class=\"elementor-element elementor-element-3958a73d elementor-position-top elementor-repeater-item-none elementor-repeater-item-none_hover elementor-widget elementor-widget-image-box\" data-id=\"3958a73d\" data-element_type=\"widget\" data-widget_type=\"image-box.default\">\n\t\t\t\t\t<div class=\"elementor-image-box-wrapper\"><figure class=\"elementor-image-box-img\"><a href=\"https:\/\/zinser.de\/fr\/systemes-coupe-cnc\/petits-systemes-decoupe\/zinser_machine_1225\/\" tabindex=\"-1\"><img loading=\"lazy\" decoding=\"async\" width=\"1080\" height=\"720\" src=\"https:\/\/zinser.de\/wp-content\/uploads\/1225.png\" class=\"attachment-full size-full wp-image-12179\" alt=\"ZINSER 1225, machine \u00e0 portique compacte pour la d\u00e9coupe plasma et l&#039;oxycoupage\" \/><\/a><\/figure><div class=\"elementor-image-box-content\"><h4 class=\"elementor-image-box-title\"><a href=\"https:\/\/zinser.de\/fr\/systemes-coupe-cnc\/petits-systemes-decoupe\/zinser_machine_1225\/\">Machines compactes<\/a><\/h4><\/div><\/div>\t\t\t\t<\/div>\n\t\t\t\t\t<\/div>\n\t\t<\/div>\n\t\t\t\t<div class=\"elementor-column elementor-col-16 elementor-top-column elementor-element elementor-element-634b3f88 elementor-repeater-item-none elementor-repeater-item-none_hover\" data-id=\"634b3f88\" data-element_type=\"column\">\n\t\t\t<div class=\"elementor-widget-wrap elementor-element-populated\">\n\t\t\t\t\t\t<div class=\"elementor-element elementor-element-48f0a65a elementor-position-top elementor-repeater-item-none elementor-repeater-item-none_hover elementor-widget elementor-widget-image-box\" data-id=\"48f0a65a\" data-element_type=\"widget\" data-widget_type=\"image-box.default\">\n\t\t\t\t\t<div class=\"elementor-image-box-wrapper\"><figure class=\"elementor-image-box-img\"><a href=\"https:\/\/zinser.de\/fr\/systemes-coupe-cnc\/zinser_1304-1306\/\" tabindex=\"-1\"><img loading=\"lazy\" decoding=\"async\" width=\"1080\" height=\"720\" src=\"https:\/\/zinser.de\/wp-content\/uploads\/1306.png\" class=\"attachment-full size-full wp-image-12186\" alt=\"D\u00e9coupe des tubes d&#039;acier avec la machine CNC ZINSER 1306\" \/><\/a><\/figure><div class=\"elementor-image-box-content\"><h4 class=\"elementor-image-box-title\"><a href=\"https:\/\/zinser.de\/fr\/systemes-coupe-cnc\/zinser_1304-1306\/\">D\u00e9coupe de tubes<\/a><\/h4><\/div><\/div>\t\t\t\t<\/div>\n\t\t\t\t\t<\/div>\n\t\t<\/div>\n\t\t\t\t<div class=\"elementor-column elementor-col-16 elementor-top-column elementor-element elementor-element-7f74eb66 elementor-repeater-item-none elementor-repeater-item-none_hover\" data-id=\"7f74eb66\" data-element_type=\"column\">\n\t\t\t<div class=\"elementor-widget-wrap elementor-element-populated\">\n\t\t\t\t\t\t<div class=\"elementor-element elementor-element-179ce1b3 elementor-position-top elementor-repeater-item-none elementor-repeater-item-none_hover elementor-widget elementor-widget-image-box\" data-id=\"179ce1b3\" data-element_type=\"widget\" data-widget_type=\"image-box.default\">\n\t\t\t\t\t<div class=\"elementor-image-box-wrapper\"><figure class=\"elementor-image-box-img\"><a href=\"https:\/\/zinser.de\/fr\/systemes-coupe-cnc\/zinser_laser_fibre\/\" tabindex=\"-1\"><img loading=\"lazy\" decoding=\"async\" width=\"1080\" height=\"720\" src=\"https:\/\/zinser.de\/wp-content\/uploads\/1825-S_Fiber_Laser_1080x720_30dpi.png\" class=\"attachment-full size-full wp-image-13926\" alt=\"Machine de d\u00e9coupe CNC \u00e0 laser fibre\" \/><\/a><\/figure><div class=\"elementor-image-box-content\"><h4 class=\"elementor-image-box-title\"><a href=\"https:\/\/zinser.de\/fr\/systemes-coupe-cnc\/zinser_laser_fibre\/\">Syst\u00e8mes de d\u00e9coupe laser fibre<\/a><\/h4><\/div><\/div>\t\t\t\t<\/div>\n\t\t\t\t\t<\/div>\n\t\t<\/div>\n\t\t\t\t\t<\/div>\n\t\t<\/section>\n\t\t\t\t<\/div>\n\t\t","protected":false},"excerpt":{"rendered":"<p>D\u00e9coupe par oxycoupage avec les machines ZINSER Une machine oxycoupage, ou machine de d\u00e9coupe autog\u00e8ne, est g\u00e9n\u00e9ralement utilis\u00e9e pour d\u00e9couper des aciers non alli\u00e9s (acier de construction). Le chalumeau de d\u00e9coupe pr\u00e9chauffe le mat\u00e9riau \u00e0 sa temp\u00e9rature d\u2019inflammation en utilisant du propane, de l\u2019ac\u00e9tyl\u00e8ne ou du gaz naturel hautement combustible. Puis, un jet d\u2019oxyg\u00e8ne est [&hellip;]<\/p>\n","protected":false},"author":3,"featured_media":0,"parent":0,"menu_order":0,"comment_status":"closed","ping_status":"closed","template":"elementor_header_footer","meta":{"_acf_changed":false,"footnotes":""},"categories":[415],"tags":[],"class_list":["post-21871","page","type-page","status-publish","hentry","category-_landing-fr"],"acf":[],"yoast_head":"<!-- This site is optimized with the Yoast SEO plugin v26.6 - https:\/\/yoast.com\/wordpress\/plugins\/seo\/ -->\n<title>Machines oxycoupage - ZINSER machines de d\u00e9coupe<\/title>\n<meta name=\"description\" content=\"ZINSER propose des machines oxycoupage fiables, pr\u00e9cises et robustes ainsi que des solutions combin\u00e9es oxycoupage et plasma.\" \/>\n<meta name=\"robots\" content=\"index, follow, max-snippet:-1, max-image-preview:large, max-video-preview:-1\" \/>\n<link rel=\"canonical\" href=\"https:\/\/zinser.de\/fr\/machines-oxycoupage\/\" \/>\n<meta property=\"og:locale\" content=\"fr_FR\" \/>\n<meta property=\"og:type\" content=\"article\" \/>\n<meta property=\"og:title\" content=\"Machines oxycoupage - ZINSER machines de d\u00e9coupe\" \/>\n<meta property=\"og:description\" content=\"ZINSER propose des machines oxycoupage fiables, pr\u00e9cises et robustes ainsi que des solutions combin\u00e9es oxycoupage et plasma.\" \/>\n<meta property=\"og:url\" content=\"https:\/\/zinser.de\/fr\/machines-oxycoupage\/\" \/>\n<meta property=\"og:site_name\" content=\"ZINSER machines de d\u00e9coupe\" \/>\n<meta property=\"article:modified_time\" content=\"2020-11-04T14:28:32+00:00\" \/>\n<meta property=\"og:image\" content=\"https:\/\/zinser.de\/wp-content\/uploads\/ZINSER-logo.png\" \/>\n<meta name=\"twitter:card\" content=\"summary_large_image\" \/>\n<meta name=\"twitter:label1\" content=\"Dur\u00e9e de lecture estim\u00e9e\" \/>\n\t<meta name=\"twitter:data1\" content=\"2 minutes\" \/>\n<script type=\"application\/ld+json\" class=\"yoast-schema-graph\">{\"@context\":\"https:\/\/schema.org\",\"@graph\":[{\"@type\":\"WebPage\",\"@id\":\"https:\/\/zinser.de\/fr\/machines-oxycoupage\/\",\"url\":\"https:\/\/zinser.de\/fr\/machines-oxycoupage\/\",\"name\":\"Machines oxycoupage - ZINSER machines de d\u00e9coupe\",\"isPartOf\":{\"@id\":\"https:\/\/zinser.de\/fr\/#website\"},\"primaryImageOfPage\":{\"@id\":\"https:\/\/zinser.de\/fr\/machines-oxycoupage\/#primaryimage\"},\"image\":{\"@id\":\"https:\/\/zinser.de\/fr\/machines-oxycoupage\/#primaryimage\"},\"thumbnailUrl\":\"https:\/\/zinser.de\/wp-content\/uploads\/ZINSER-logo.png\",\"datePublished\":\"2020-11-04T14:14:10+00:00\",\"dateModified\":\"2020-11-04T14:28:32+00:00\",\"description\":\"ZINSER propose des machines oxycoupage fiables, pr\u00e9cises et robustes ainsi que des solutions combin\u00e9es oxycoupage et plasma.\",\"breadcrumb\":{\"@id\":\"https:\/\/zinser.de\/fr\/machines-oxycoupage\/#breadcrumb\"},\"inLanguage\":\"fr-FR\",\"potentialAction\":[{\"@type\":\"ReadAction\",\"target\":[\"https:\/\/zinser.de\/fr\/machines-oxycoupage\/\"]}]},{\"@type\":\"ImageObject\",\"inLanguage\":\"fr-FR\",\"@id\":\"https:\/\/zinser.de\/fr\/machines-oxycoupage\/#primaryimage\",\"url\":\"https:\/\/zinser.de\/wp-content\/uploads\/ZINSER-logo.png\",\"contentUrl\":\"https:\/\/zinser.de\/wp-content\/uploads\/ZINSER-logo.png\"},{\"@type\":\"BreadcrumbList\",\"@id\":\"https:\/\/zinser.de\/fr\/machines-oxycoupage\/#breadcrumb\",\"itemListElement\":[{\"@type\":\"ListItem\",\"position\":1,\"name\":\"Home\",\"item\":\"https:\/\/zinser.de\/fr\/\"},{\"@type\":\"ListItem\",\"position\":2,\"name\":\"Machines oxycoupage\"}]},{\"@type\":\"WebSite\",\"@id\":\"https:\/\/zinser.de\/fr\/#website\",\"url\":\"https:\/\/zinser.de\/fr\/\",\"name\":\"ZINSER machines de d\u00e9coupe\",\"description\":\"D\u00e9coupe plasma, oxycoupage et laser\",\"publisher\":{\"@id\":\"https:\/\/zinser.de\/fr\/#organization\"},\"potentialAction\":[{\"@type\":\"SearchAction\",\"target\":{\"@type\":\"EntryPoint\",\"urlTemplate\":\"https:\/\/zinser.de\/fr\/?s={search_term_string}\"},\"query-input\":{\"@type\":\"PropertyValueSpecification\",\"valueRequired\":true,\"valueName\":\"search_term_string\"}}],\"inLanguage\":\"fr-FR\"},{\"@type\":\"Organization\",\"@id\":\"https:\/\/zinser.de\/fr\/#organization\",\"name\":\"ZINSER\",\"url\":\"https:\/\/zinser.de\/fr\/\",\"logo\":{\"@type\":\"ImageObject\",\"inLanguage\":\"fr-FR\",\"@id\":\"https:\/\/zinser.de\/fr\/#\/schema\/logo\/image\/\",\"url\":\"https:\/\/zinser.de\/wp-content\/uploads\/zinser-favicon_Plan-de-travail-1.png\",\"contentUrl\":\"https:\/\/zinser.de\/wp-content\/uploads\/zinser-favicon_Plan-de-travail-1.png\",\"width\":2134,\"height\":2134,\"caption\":\"ZINSER\"},\"image\":{\"@id\":\"https:\/\/zinser.de\/fr\/#\/schema\/logo\/image\/\"}}]}<\/script>\n<!-- \/ Yoast SEO plugin. -->","yoast_head_json":{"title":"Machines oxycoupage - ZINSER machines de d\u00e9coupe","description":"ZINSER propose des machines oxycoupage fiables, pr\u00e9cises et robustes ainsi que des solutions combin\u00e9es oxycoupage et plasma.","robots":{"index":"index","follow":"follow","max-snippet":"max-snippet:-1","max-image-preview":"max-image-preview:large","max-video-preview":"max-video-preview:-1"},"canonical":"https:\/\/zinser.de\/fr\/machines-oxycoupage\/","og_locale":"fr_FR","og_type":"article","og_title":"Machines oxycoupage - ZINSER machines de d\u00e9coupe","og_description":"ZINSER propose des machines oxycoupage fiables, pr\u00e9cises et robustes ainsi que des solutions combin\u00e9es oxycoupage et plasma.","og_url":"https:\/\/zinser.de\/fr\/machines-oxycoupage\/","og_site_name":"ZINSER machines de d\u00e9coupe","article_modified_time":"2020-11-04T14:28:32+00:00","og_image":[{"url":"https:\/\/zinser.de\/wp-content\/uploads\/ZINSER-logo.png","type":"","width":"","height":""}],"twitter_card":"summary_large_image","twitter_misc":{"Dur\u00e9e de lecture estim\u00e9e":"2 minutes"},"schema":{"@context":"https:\/\/schema.org","@graph":[{"@type":"WebPage","@id":"https:\/\/zinser.de\/fr\/machines-oxycoupage\/","url":"https:\/\/zinser.de\/fr\/machines-oxycoupage\/","name":"Machines oxycoupage - ZINSER machines de d\u00e9coupe","isPartOf":{"@id":"https:\/\/zinser.de\/fr\/#website"},"primaryImageOfPage":{"@id":"https:\/\/zinser.de\/fr\/machines-oxycoupage\/#primaryimage"},"image":{"@id":"https:\/\/zinser.de\/fr\/machines-oxycoupage\/#primaryimage"},"thumbnailUrl":"https:\/\/zinser.de\/wp-content\/uploads\/ZINSER-logo.png","datePublished":"2020-11-04T14:14:10+00:00","dateModified":"2020-11-04T14:28:32+00:00","description":"ZINSER propose des machines oxycoupage fiables, pr\u00e9cises et robustes ainsi que des solutions combin\u00e9es oxycoupage et plasma.","breadcrumb":{"@id":"https:\/\/zinser.de\/fr\/machines-oxycoupage\/#breadcrumb"},"inLanguage":"fr-FR","potentialAction":[{"@type":"ReadAction","target":["https:\/\/zinser.de\/fr\/machines-oxycoupage\/"]}]},{"@type":"ImageObject","inLanguage":"fr-FR","@id":"https:\/\/zinser.de\/fr\/machines-oxycoupage\/#primaryimage","url":"https:\/\/zinser.de\/wp-content\/uploads\/ZINSER-logo.png","contentUrl":"https:\/\/zinser.de\/wp-content\/uploads\/ZINSER-logo.png"},{"@type":"BreadcrumbList","@id":"https:\/\/zinser.de\/fr\/machines-oxycoupage\/#breadcrumb","itemListElement":[{"@type":"ListItem","position":1,"name":"Home","item":"https:\/\/zinser.de\/fr\/"},{"@type":"ListItem","position":2,"name":"Machines oxycoupage"}]},{"@type":"WebSite","@id":"https:\/\/zinser.de\/fr\/#website","url":"https:\/\/zinser.de\/fr\/","name":"ZINSER machines de d\u00e9coupe","description":"D\u00e9coupe plasma, oxycoupage et laser","publisher":{"@id":"https:\/\/zinser.de\/fr\/#organization"},"potentialAction":[{"@type":"SearchAction","target":{"@type":"EntryPoint","urlTemplate":"https:\/\/zinser.de\/fr\/?s={search_term_string}"},"query-input":{"@type":"PropertyValueSpecification","valueRequired":true,"valueName":"search_term_string"}}],"inLanguage":"fr-FR"},{"@type":"Organization","@id":"https:\/\/zinser.de\/fr\/#organization","name":"ZINSER","url":"https:\/\/zinser.de\/fr\/","logo":{"@type":"ImageObject","inLanguage":"fr-FR","@id":"https:\/\/zinser.de\/fr\/#\/schema\/logo\/image\/","url":"https:\/\/zinser.de\/wp-content\/uploads\/zinser-favicon_Plan-de-travail-1.png","contentUrl":"https:\/\/zinser.de\/wp-content\/uploads\/zinser-favicon_Plan-de-travail-1.png","width":2134,"height":2134,"caption":"ZINSER"},"image":{"@id":"https:\/\/zinser.de\/fr\/#\/schema\/logo\/image\/"}}]}},"_links":{"self":[{"href":"https:\/\/zinser.de\/fr\/wp-json\/wp\/v2\/pages\/21871","targetHints":{"allow":["GET"]}}],"collection":[{"href":"https:\/\/zinser.de\/fr\/wp-json\/wp\/v2\/pages"}],"about":[{"href":"https:\/\/zinser.de\/fr\/wp-json\/wp\/v2\/types\/page"}],"author":[{"embeddable":true,"href":"https:\/\/zinser.de\/fr\/wp-json\/wp\/v2\/users\/3"}],"replies":[{"embeddable":true,"href":"https:\/\/zinser.de\/fr\/wp-json\/wp\/v2\/comments?post=21871"}],"version-history":[{"count":0,"href":"https:\/\/zinser.de\/fr\/wp-json\/wp\/v2\/pages\/21871\/revisions"}],"wp:attachment":[{"href":"https:\/\/zinser.de\/fr\/wp-json\/wp\/v2\/media?parent=21871"}],"wp:term":[{"taxonomy":"category","embeddable":true,"href":"https:\/\/zinser.de\/fr\/wp-json\/wp\/v2\/categories?post=21871"},{"taxonomy":"post_tag","embeddable":true,"href":"https:\/\/zinser.de\/fr\/wp-json\/wp\/v2\/tags?post=21871"}],"curies":[{"name":"wp","href":"https:\/\/api.w.org\/{rel}","templated":true}]}}