{"id":26613,"date":"2020-09-17T12:09:52","date_gmt":"2020-09-17T10:09:52","guid":{"rendered":"https:\/\/zinser.de\/demande-de-devis\/"},"modified":"2021-09-03T14:44:09","modified_gmt":"2021-09-03T12:44:09","slug":"demande-de-devis","status":"publish","type":"page","link":"https:\/\/zinser.de\/fr\/demande-de-devis\/","title":{"rendered":"demande de devis"},"content":{"rendered":"\t\t<div data-elementor-type=\"wp-page\" data-elementor-id=\"26613\" class=\"elementor elementor-26613 elementor-21291\" data-elementor-post-type=\"page\">\n\t\t\t\t\t\t<section class=\"elementor-section elementor-top-section elementor-element elementor-element-63045ff elementor-section-boxed ang-section-padding-initial elementor-section-height-default elementor-section-height-default elementor-repeater-item-none elementor-repeater-item-none_hover\" data-id=\"63045ff\" data-element_type=\"section\">\n\t\t\t\t\t\t<div class=\"elementor-container elementor-column-gap-default\">\n\t\t\t\t\t<div class=\"elementor-column elementor-col-100 elementor-top-column elementor-element elementor-element-3b83f85 elementor-repeater-item-none elementor-repeater-item-none_hover\" data-id=\"3b83f85\" data-element_type=\"column\">\n\t\t\t<div class=\"elementor-widget-wrap\">\n\t\t\t\t\t\t\t<\/div>\n\t\t<\/div>\n\t\t\t\t\t<\/div>\n\t\t<\/section>\n\t\t\t\t<section class=\"elementor-section elementor-top-section elementor-element elementor-element-545af53d elementor-section-height-min-height elementor-section-boxed ang-section-padding-initial elementor-section-height-default elementor-section-items-middle elementor-repeater-item-none elementor-repeater-item-none_hover\" data-id=\"545af53d\" data-element_type=\"section\" data-settings=\"{&quot;background_background&quot;:&quot;classic&quot;}\">\n\t\t\t\t\t\t\t<div class=\"elementor-background-overlay\"><\/div>\n\t\t\t\t\t\t\t<div class=\"elementor-container elementor-column-gap-default\">\n\t\t\t\t\t<div class=\"elementor-column elementor-col-100 elementor-top-column elementor-element elementor-element-4daacda9 elementor-repeater-item-none elementor-repeater-item-none_hover\" data-id=\"4daacda9\" data-element_type=\"column\">\n\t\t\t<div class=\"elementor-widget-wrap elementor-element-populated\">\n\t\t\t\t\t\t<div class=\"elementor-element elementor-element-a3846e6 elementor-repeater-item-none elementor-repeater-item-none_hover elementor-invisible elementor-widget elementor-widget-heading\" data-id=\"a3846e6\" data-element_type=\"widget\" data-settings=\"{&quot;_animation&quot;:&quot;fadeInLeft&quot;}\" data-widget_type=\"heading.default\">\n\t\t\t\t\t<h1 class=\"elementor-heading-title elementor-size-xxl\">demande de devis<\/h1>\t\t\t\t<\/div>\n\t\t\t\t\t<\/div>\n\t\t<\/div>\n\t\t\t\t\t<\/div>\n\t\t<\/section>\n\t\t\t\t<section class=\"elementor-section elementor-top-section elementor-element elementor-element-bd21602 elementor-section-boxed ang-section-padding-initial elementor-section-height-default elementor-section-height-default elementor-repeater-item-none elementor-repeater-item-none_hover\" data-id=\"bd21602\" data-element_type=\"section\">\n\t\t\t\t\t\t<div class=\"elementor-container elementor-column-gap-default\">\n\t\t\t\t\t<div class=\"elementor-column elementor-col-100 elementor-top-column elementor-element elementor-element-a39bf35 elementor-repeater-item-none elementor-repeater-item-none_hover\" data-id=\"a39bf35\" data-element_type=\"column\">\n\t\t\t<div class=\"elementor-widget-wrap elementor-element-populated\">\n\t\t\t\t\t\t<div class=\"elementor-element elementor-element-17aef8f elementor-repeater-item-none elementor-repeater-item-none_hover elementor-widget elementor-widget-text-editor\" data-id=\"17aef8f\" data-element_type=\"widget\" data-widget_type=\"text-editor.default\">\n\t\t\t\t\t\t\t\t\t<h2 class=\"boc_heading al_left \"><span style=\"color: #004b93;\">Votre demande de devis en ligne<\/span><\/h2>\n\t\t\t\t\t\t\t\t<\/div>\n\t\t\t\t<div class=\"elementor-element elementor-element-d032070 elementor-repeater-item-none elementor-repeater-item-none_hover elementor-widget elementor-widget-text-editor\" data-id=\"d032070\" data-element_type=\"widget\" data-widget_type=\"text-editor.default\">\n\t\t\t\t\t\t\t\t\t<h5><span style=\"color: #004b93;\">Pour obtenir un devis, d\u00e9crivez votre demande au moyen du formulaire ci-dessous. Nous vous recontacterons si nous avons besoin d\u2019informations compl\u00e9mentaires. <\/span><\/h5>\n\t\t\t\t\t\t\t\t<\/div>\n\t\t\t\t\t<\/div>\n\t\t<\/div>\n\t\t\t\t\t<\/div>\n\t\t<\/section>\n\t\t\t\t<section class=\"elementor-section elementor-top-section elementor-element elementor-element-c3ccec7 elementor-section-boxed ang-section-padding-initial elementor-section-height-default elementor-section-height-default elementor-repeater-item-none elementor-repeater-item-none_hover\" data-id=\"c3ccec7\" data-element_type=\"section\">\n\t\t\t\t\t\t<div class=\"elementor-container elementor-column-gap-default\">\n\t\t\t\t\t<div class=\"elementor-column elementor-col-33 elementor-top-column elementor-element elementor-element-4f3b607 elementor-repeater-item-none elementor-repeater-item-none_hover\" data-id=\"4f3b607\" data-element_type=\"column\">\n\t\t\t<div class=\"elementor-widget-wrap\">\n\t\t\t\t\t\t\t<\/div>\n\t\t<\/div>\n\t\t\t\t<div class=\"elementor-column elementor-col-33 elementor-top-column elementor-element elementor-element-b5fada8 elementor-repeater-item-none elementor-repeater-item-none_hover\" data-id=\"b5fada8\" data-element_type=\"column\">\n\t\t\t<div class=\"elementor-widget-wrap elementor-element-populated\">\n\t\t\t\t\t\t<div class=\"elementor-element elementor-element-cc235fc elementor-repeater-item-none elementor-repeater-item-none_hover elementor-widget elementor-widget-text-editor\" data-id=\"cc235fc\" data-element_type=\"widget\" data-widget_type=\"text-editor.default\">\n\t\t\t\t\t\t\t\t\t<h3 class=\"boc_heading al_left \" style=\"text-align: center;\"><span style=\"color: #004b93;\">Votre demande de devis en ligne<\/span><\/h3>\n\t\t\t\t\t\t\t\t<\/div>\n\t\t\t\t<div class=\"elementor-element elementor-element-2fa34b6 elementor-repeater-item-none elementor-repeater-item-none_hover elementor-widget elementor-widget-text-editor\" data-id=\"2fa34b6\" data-element_type=\"widget\" data-widget_type=\"text-editor.default\">\n\t\t\t\t\t\t\t\t\t<p><div class=\"wpforms-container wpforms-container-full\" id=\"wpforms-23018\"><form id=\"wpforms-form-23018\" class=\"wpforms-validate wpforms-form wpforms-ajax-form\" data-formid=\"23018\" method=\"post\" enctype=\"multipart\/form-data\" action=\"\/fr\/wp-json\/wp\/v2\/pages\/26613\" data-token=\"24ab57498626cb7429f4c0641400a123\" data-token-time=\"1776406070\"><noscript class=\"wpforms-error-noscript\">Veuillez activer JavaScript dans votre navigateur pour remplir ce formulaire.<\/noscript><div class=\"wpforms-field-container\"><div id=\"wpforms-23018-field_4-container\" class=\"wpforms-field wpforms-field-select wpforms-field-select-style-classic\" data-field-id=\"4\"><label class=\"wpforms-field-label\" for=\"wpforms-23018-field_4\">Titre (veuillez choisir) <span class=\"wpforms-required-label\">*<\/span><\/label><select id=\"wpforms-23018-field_4\" class=\"wpforms-field-medium wpforms-field-required\" name=\"wpforms[fields][4]\" required=\"required\"><option value=\"M.\"  class=\"choice-1 depth-1\"  >M.<\/option><option value=\"Mme.\"  class=\"choice-2 depth-1\"  >Mme.<\/option><\/select><\/div><div id=\"wpforms-23018-field_0-container\" class=\"wpforms-field wpforms-field-name\" data-field-id=\"0\"><label class=\"wpforms-field-label\" for=\"wpforms-23018-field_0\">Nom <span class=\"wpforms-required-label\">*<\/span><\/label><div class=\"wpforms-field-row wpforms-field-medium\"><div class=\"wpforms-field-row-block wpforms-first wpforms-one-half\"><input type=\"text\" id=\"wpforms-23018-field_0\" class=\"wpforms-field-name-first wpforms-field-required\" name=\"wpforms[fields][0][first]\" placeholder=\"Pr\u00e9nom\" required><label for=\"wpforms-23018-field_0\" class=\"wpforms-field-sublabel after wpforms-sublabel-hide\">Pr\u00e9nom<\/label><\/div><div class=\"wpforms-field-row-block wpforms-one-half\"><input type=\"text\" id=\"wpforms-23018-field_0-last\" class=\"wpforms-field-name-last wpforms-field-required\" name=\"wpforms[fields][0][last]\" placeholder=\"Nom\" required><label for=\"wpforms-23018-field_0-last\" class=\"wpforms-field-sublabel after wpforms-sublabel-hide\">Nom<\/label><\/div><\/div><\/div><div id=\"wpforms-23018-field_11-container\" class=\"wpforms-field wpforms-field-text\" data-field-id=\"11\"><label class=\"wpforms-field-label\" for=\"wpforms-23018-field_11\">Entreprise <span class=\"wpforms-required-label\">*<\/span><\/label><input type=\"text\" id=\"wpforms-23018-field_11\" class=\"wpforms-field-medium wpforms-field-required\" name=\"wpforms[fields][11]\" required><\/div><div id=\"wpforms-23018-field_1-container\" class=\"wpforms-field wpforms-field-email\" data-field-id=\"1\"><label class=\"wpforms-field-label\" for=\"wpforms-23018-field_1\">Adresse e-mail \u00e0 laquelle nous pouvons vous contacter <span class=\"wpforms-required-label\">*<\/span><\/label><input type=\"email\" id=\"wpforms-23018-field_1\" class=\"wpforms-field-medium wpforms-field-required\" name=\"wpforms[fields][1]\" spellcheck=\"false\" required><\/div><div id=\"wpforms-23018-field_5-container\" class=\"wpforms-field wpforms-field-text\" data-field-id=\"5\"><label class=\"wpforms-field-label\" for=\"wpforms-23018-field_5\">Num\u00e9ro de t\u00e9l\u00e9phone<\/label><input type=\"text\" id=\"wpforms-23018-field_5\" class=\"wpforms-field-medium\" name=\"wpforms[fields][5]\" placeholder=\"Inclure l&#039;indicatif de votre pays\" ><\/div><div id=\"wpforms-23018-field_8-container\" class=\"wpforms-field wpforms-field-text\" data-field-id=\"8\"><label class=\"wpforms-field-label\" for=\"wpforms-23018-field_8\">Votre demande de devis concerne :<\/label><input type=\"text\" id=\"wpforms-23018-field_8\" class=\"wpforms-field-medium\" name=\"wpforms[fields][8]\" ><div class=\"wpforms-field-description\">L&#8217;objet de votre demande de devis : machine \u00e0 portique, machines manuelles, chanfreineuses, soudage air chaud&#8230; <\/div><\/div><div id=\"wpforms-23018-field_2-container\" class=\"wpforms-field wpforms-field-textarea\" data-field-id=\"2\"><label class=\"wpforms-field-label\" for=\"wpforms-23018-field_2\">Description de votre demande <span class=\"wpforms-required-label\">*<\/span><\/label><textarea id=\"wpforms-23018-field_2\" class=\"wpforms-field-medium wpforms-field-required\" name=\"wpforms[fields][2]\" required><\/textarea><div class=\"wpforms-field-description\">Pour les syst\u00e8mes de d\u00e9coupe, merci de nous fournir quelques pr\u00e9cisions sur vos exigences : mat\u00e9riaux d\u00e9coup\u00e9s, \u00e9paisseurs min et max, dimension des t\u00f4les et\/ou des tubes. <\/div><\/div><\/div><!-- .wpforms-field-container --><div class=\"wpforms-field wpforms-field-hp\"><label for=\"wpforms-23018-field-hp\" class=\"wpforms-field-label\">Website<\/label><input type=\"text\" name=\"wpforms[hp]\" id=\"wpforms-23018-field-hp\" class=\"wpforms-field-medium\"><\/div><div class=\"wpforms-recaptcha-container wpforms-is-recaptcha wpforms-is-recaptcha-type-v2\" ><div class=\"g-recaptcha\" data-sitekey=\"6LeArsgaAAAAACnjpgr-B0p6CDol-1PmkbAX9rPW\"><\/div><input type=\"text\" name=\"g-recaptcha-hidden\" class=\"wpforms-recaptcha-hidden\" style=\"position:absolute!important;clip:rect(0,0,0,0)!important;height:1px!important;width:1px!important;border:0!important;overflow:hidden!important;padding:0!important;margin:0!important;\" data-rule-recaptcha=\"1\"><\/div><div class=\"wpforms-submit-container\" ><input type=\"hidden\" name=\"wpforms[id]\" value=\"23018\"><input type=\"hidden\" name=\"page_title\" value=\"\"><input type=\"hidden\" name=\"page_url\" value=\"https:\/\/zinser.de\/fr\/wp-json\/wp\/v2\/pages\/26613\"><input type=\"hidden\" name=\"url_referer\" value=\"\"><button type=\"submit\" name=\"wpforms[submit]\" id=\"wpforms-submit-23018\" class=\"wpforms-submit\" data-alt-text=\"Envoi...\" data-submit-text=\"Envoyer votre demande de devis\" aria-live=\"assertive\" value=\"wpforms-submit\">Envoyer votre demande de devis<\/button><img decoding=\"async\" src=\"https:\/\/zinser.de\/wp-content\/plugins\/wpforms-lite\/assets\/images\/submit-spin.svg\" class=\"wpforms-submit-spinner\" style=\"display: none;\" width=\"26\" height=\"26\" alt=\"Chargement en cours\"><\/div><\/form><\/div>  <!-- .wpforms-container --><\/p>\n\t\t\t\t\t\t\t\t<\/div>\n\t\t\t\t\t<\/div>\n\t\t<\/div>\n\t\t\t\t<div class=\"elementor-column elementor-col-33 elementor-top-column elementor-element elementor-element-6fe7cfe elementor-repeater-item-none elementor-repeater-item-none_hover\" data-id=\"6fe7cfe\" data-element_type=\"column\">\n\t\t\t<div class=\"elementor-widget-wrap\">\n\t\t\t\t\t\t\t<\/div>\n\t\t<\/div>\n\t\t\t\t\t<\/div>\n\t\t<\/section>\n\t\t\t\t<\/div>\n\t\t","protected":false},"excerpt":{"rendered":"<p>Votre demande de devis en ligne Pour obtenir un devis, d\u00e9crivez votre demande au moyen du formulaire ci-dessous. Nous vous recontacterons si nous avons besoin d\u2019informations compl\u00e9mentaires. Votre demande de devis en ligne<\/p>\n","protected":false},"author":3,"featured_media":0,"parent":0,"menu_order":0,"comment_status":"closed","ping_status":"closed","template":"elementor_header_footer","meta":{"_acf_changed":false,"footnotes":""},"categories":[],"tags":[],"class_list":["post-26613","page","type-page","status-publish","hentry"],"acf":[],"yoast_head":"<!-- This site is optimized with the Yoast SEO plugin v26.6 - https:\/\/yoast.com\/wordpress\/plugins\/seo\/ -->\n<title>demande de devis - ZINSER machines de d\u00e9coupe<\/title>\n<meta name=\"robots\" content=\"index, follow, max-snippet:-1, max-image-preview:large, max-video-preview:-1\" \/>\n<link rel=\"canonical\" href=\"https:\/\/zinser.de\/fr\/demande-de-devis\/\" \/>\n<meta property=\"og:locale\" content=\"fr_FR\" \/>\n<meta property=\"og:type\" content=\"article\" \/>\n<meta property=\"og:title\" content=\"demande de devis - ZINSER machines de d\u00e9coupe\" \/>\n<meta property=\"og:description\" content=\"Votre demande de devis en ligne Pour obtenir un devis, d\u00e9crivez votre demande au moyen du formulaire ci-dessous. Nous vous recontacterons si nous avons besoin d\u2019informations compl\u00e9mentaires. Votre demande de devis en ligne\" \/>\n<meta property=\"og:url\" content=\"https:\/\/zinser.de\/fr\/demande-de-devis\/\" \/>\n<meta property=\"og:site_name\" content=\"ZINSER machines de d\u00e9coupe\" \/>\n<meta property=\"article:modified_time\" content=\"2021-09-03T12:44:09+00:00\" \/>\n<meta name=\"twitter:card\" content=\"summary_large_image\" \/>\n<script type=\"application\/ld+json\" class=\"yoast-schema-graph\">{\"@context\":\"https:\/\/schema.org\",\"@graph\":[{\"@type\":\"WebPage\",\"@id\":\"https:\/\/zinser.de\/fr\/demande-de-devis\/\",\"url\":\"https:\/\/zinser.de\/fr\/demande-de-devis\/\",\"name\":\"demande de devis - ZINSER machines de d\u00e9coupe\",\"isPartOf\":{\"@id\":\"https:\/\/zinser.de\/fr\/#website\"},\"datePublished\":\"2020-09-17T10:09:52+00:00\",\"dateModified\":\"2021-09-03T12:44:09+00:00\",\"breadcrumb\":{\"@id\":\"https:\/\/zinser.de\/fr\/demande-de-devis\/#breadcrumb\"},\"inLanguage\":\"fr-FR\",\"potentialAction\":[{\"@type\":\"ReadAction\",\"target\":[\"https:\/\/zinser.de\/fr\/demande-de-devis\/\"]}]},{\"@type\":\"BreadcrumbList\",\"@id\":\"https:\/\/zinser.de\/fr\/demande-de-devis\/#breadcrumb\",\"itemListElement\":[{\"@type\":\"ListItem\",\"position\":1,\"name\":\"Home\",\"item\":\"https:\/\/zinser.de\/fr\/\"},{\"@type\":\"ListItem\",\"position\":2,\"name\":\"demande de devis\"}]},{\"@type\":\"WebSite\",\"@id\":\"https:\/\/zinser.de\/fr\/#website\",\"url\":\"https:\/\/zinser.de\/fr\/\",\"name\":\"ZINSER machines de d\u00e9coupe\",\"description\":\"D\u00e9coupe plasma, oxycoupage et laser\",\"publisher\":{\"@id\":\"https:\/\/zinser.de\/fr\/#organization\"},\"potentialAction\":[{\"@type\":\"SearchAction\",\"target\":{\"@type\":\"EntryPoint\",\"urlTemplate\":\"https:\/\/zinser.de\/fr\/?s={search_term_string}\"},\"query-input\":{\"@type\":\"PropertyValueSpecification\",\"valueRequired\":true,\"valueName\":\"search_term_string\"}}],\"inLanguage\":\"fr-FR\"},{\"@type\":\"Organization\",\"@id\":\"https:\/\/zinser.de\/fr\/#organization\",\"name\":\"ZINSER\",\"url\":\"https:\/\/zinser.de\/fr\/\",\"logo\":{\"@type\":\"ImageObject\",\"inLanguage\":\"fr-FR\",\"@id\":\"https:\/\/zinser.de\/fr\/#\/schema\/logo\/image\/\",\"url\":\"https:\/\/zinser.de\/wp-content\/uploads\/zinser-favicon_Plan-de-travail-1.png\",\"contentUrl\":\"https:\/\/zinser.de\/wp-content\/uploads\/zinser-favicon_Plan-de-travail-1.png\",\"width\":2134,\"height\":2134,\"caption\":\"ZINSER\"},\"image\":{\"@id\":\"https:\/\/zinser.de\/fr\/#\/schema\/logo\/image\/\"}}]}<\/script>\n<!-- \/ Yoast SEO plugin. -->","yoast_head_json":{"title":"demande de devis - ZINSER machines de d\u00e9coupe","robots":{"index":"index","follow":"follow","max-snippet":"max-snippet:-1","max-image-preview":"max-image-preview:large","max-video-preview":"max-video-preview:-1"},"canonical":"https:\/\/zinser.de\/fr\/demande-de-devis\/","og_locale":"fr_FR","og_type":"article","og_title":"demande de devis - ZINSER machines de d\u00e9coupe","og_description":"Votre demande de devis en ligne Pour obtenir un devis, d\u00e9crivez votre demande au moyen du formulaire ci-dessous. Nous vous recontacterons si nous avons besoin d\u2019informations compl\u00e9mentaires. Votre demande de devis en ligne","og_url":"https:\/\/zinser.de\/fr\/demande-de-devis\/","og_site_name":"ZINSER machines de d\u00e9coupe","article_modified_time":"2021-09-03T12:44:09+00:00","twitter_card":"summary_large_image","schema":{"@context":"https:\/\/schema.org","@graph":[{"@type":"WebPage","@id":"https:\/\/zinser.de\/fr\/demande-de-devis\/","url":"https:\/\/zinser.de\/fr\/demande-de-devis\/","name":"demande de devis - ZINSER machines de d\u00e9coupe","isPartOf":{"@id":"https:\/\/zinser.de\/fr\/#website"},"datePublished":"2020-09-17T10:09:52+00:00","dateModified":"2021-09-03T12:44:09+00:00","breadcrumb":{"@id":"https:\/\/zinser.de\/fr\/demande-de-devis\/#breadcrumb"},"inLanguage":"fr-FR","potentialAction":[{"@type":"ReadAction","target":["https:\/\/zinser.de\/fr\/demande-de-devis\/"]}]},{"@type":"BreadcrumbList","@id":"https:\/\/zinser.de\/fr\/demande-de-devis\/#breadcrumb","itemListElement":[{"@type":"ListItem","position":1,"name":"Home","item":"https:\/\/zinser.de\/fr\/"},{"@type":"ListItem","position":2,"name":"demande de devis"}]},{"@type":"WebSite","@id":"https:\/\/zinser.de\/fr\/#website","url":"https:\/\/zinser.de\/fr\/","name":"ZINSER machines de d\u00e9coupe","description":"D\u00e9coupe plasma, oxycoupage et laser","publisher":{"@id":"https:\/\/zinser.de\/fr\/#organization"},"potentialAction":[{"@type":"SearchAction","target":{"@type":"EntryPoint","urlTemplate":"https:\/\/zinser.de\/fr\/?s={search_term_string}"},"query-input":{"@type":"PropertyValueSpecification","valueRequired":true,"valueName":"search_term_string"}}],"inLanguage":"fr-FR"},{"@type":"Organization","@id":"https:\/\/zinser.de\/fr\/#organization","name":"ZINSER","url":"https:\/\/zinser.de\/fr\/","logo":{"@type":"ImageObject","inLanguage":"fr-FR","@id":"https:\/\/zinser.de\/fr\/#\/schema\/logo\/image\/","url":"https:\/\/zinser.de\/wp-content\/uploads\/zinser-favicon_Plan-de-travail-1.png","contentUrl":"https:\/\/zinser.de\/wp-content\/uploads\/zinser-favicon_Plan-de-travail-1.png","width":2134,"height":2134,"caption":"ZINSER"},"image":{"@id":"https:\/\/zinser.de\/fr\/#\/schema\/logo\/image\/"}}]}},"_links":{"self":[{"href":"https:\/\/zinser.de\/fr\/wp-json\/wp\/v2\/pages\/26613","targetHints":{"allow":["GET"]}}],"collection":[{"href":"https:\/\/zinser.de\/fr\/wp-json\/wp\/v2\/pages"}],"about":[{"href":"https:\/\/zinser.de\/fr\/wp-json\/wp\/v2\/types\/page"}],"author":[{"embeddable":true,"href":"https:\/\/zinser.de\/fr\/wp-json\/wp\/v2\/users\/3"}],"replies":[{"embeddable":true,"href":"https:\/\/zinser.de\/fr\/wp-json\/wp\/v2\/comments?post=26613"}],"version-history":[{"count":7,"href":"https:\/\/zinser.de\/fr\/wp-json\/wp\/v2\/pages\/26613\/revisions"}],"predecessor-version":[{"id":26622,"href":"https:\/\/zinser.de\/fr\/wp-json\/wp\/v2\/pages\/26613\/revisions\/26622"}],"wp:attachment":[{"href":"https:\/\/zinser.de\/fr\/wp-json\/wp\/v2\/media?parent=26613"}],"wp:term":[{"taxonomy":"category","embeddable":true,"href":"https:\/\/zinser.de\/fr\/wp-json\/wp\/v2\/categories?post=26613"},{"taxonomy":"post_tag","embeddable":true,"href":"https:\/\/zinser.de\/fr\/wp-json\/wp\/v2\/tags?post=26613"}],"curies":[{"name":"wp","href":"https:\/\/api.w.org\/{rel}","templated":true}]}}