{"id":29342,"date":"2022-03-15T13:01:55","date_gmt":"2022-03-15T12:01:55","guid":{"rendered":"https:\/\/zinser.de\/?page_id=29342"},"modified":"2022-03-24T14:30:50","modified_gmt":"2022-03-24T13:30:50","slug":"schneidbrenner","status":"publish","type":"page","link":"https:\/\/zinser.de\/fr\/mobile-geraete\/manuelle-autogentechnik\/schneidbrenner\/","title":{"rendered":"Schneidbrenner"},"content":{"rendered":"\t\t<div data-elementor-type=\"wp-page\" data-elementor-id=\"29342\" class=\"elementor elementor-29342\" data-elementor-post-type=\"page\">\n\t\t\t\t\t\t<section class=\"elementor-section elementor-top-section elementor-element elementor-element-1b027c02 elementor-section-height-min-height elementor-section-boxed ang-section-padding-initial elementor-section-height-default elementor-section-items-middle elementor-repeater-item-none elementor-repeater-item-none_hover\" data-id=\"1b027c02\" data-element_type=\"section\" data-settings=\"{&quot;background_background&quot;:&quot;classic&quot;}\">\n\t\t\t\t\t\t\t<div class=\"elementor-background-overlay\"><\/div>\n\t\t\t\t\t\t\t<div class=\"elementor-container elementor-column-gap-default\">\n\t\t\t\t\t<div class=\"elementor-column elementor-col-100 elementor-top-column elementor-element elementor-element-3edb4ff8 elementor-repeater-item-none elementor-repeater-item-none_hover\" data-id=\"3edb4ff8\" data-element_type=\"column\">\n\t\t\t<div class=\"elementor-widget-wrap elementor-element-populated\">\n\t\t\t\t\t\t<div class=\"elementor-element elementor-element-65bf883c elementor-repeater-item-none elementor-repeater-item-none_hover elementor-invisible elementor-widget elementor-widget-heading\" data-id=\"65bf883c\" data-element_type=\"widget\" data-settings=\"{&quot;_animation&quot;:&quot;fadeInLeft&quot;}\" data-widget_type=\"heading.default\">\n\t\t\t\t\t<h1 class=\"elementor-heading-title elementor-size-xxl\">Manuelle Autogentechnik<\/h1>\t\t\t\t<\/div>\n\t\t\t\t\t<\/div>\n\t\t<\/div>\n\t\t\t\t\t<\/div>\n\t\t<\/section>\n\t\t\t\t<section class=\"elementor-section elementor-top-section elementor-element elementor-element-bd2db09 elementor-section-boxed ang-section-padding-initial elementor-section-height-default elementor-section-height-default elementor-repeater-item-none elementor-repeater-item-none_hover\" data-id=\"bd2db09\" data-element_type=\"section\">\n\t\t\t\t\t\t<div class=\"elementor-container elementor-column-gap-default\">\n\t\t\t\t\t<div class=\"elementor-column elementor-col-100 elementor-top-column elementor-element elementor-element-5fa02cc elementor-repeater-item-none elementor-repeater-item-none_hover\" data-id=\"5fa02cc\" data-element_type=\"column\">\n\t\t\t<div class=\"elementor-widget-wrap elementor-element-populated\">\n\t\t\t\t\t\t<div class=\"elementor-element elementor-element-1796912 elementor-repeater-item-none elementor-repeater-item-none_hover elementor-widget elementor-widget-breadcrumbs\" data-id=\"1796912\" data-element_type=\"widget\" data-widget_type=\"breadcrumbs.default\">\n\t\t\t\t\t<p id=\"breadcrumbs\"><span><span><a href=\"https:\/\/zinser.de\/fr\/\">Home<\/a><\/span><\/span><\/p>\t\t\t\t<\/div>\n\t\t\t\t\t<\/div>\n\t\t<\/div>\n\t\t\t\t\t<\/div>\n\t\t<\/section>\n\t\t\t\t<section class=\"elementor-section elementor-top-section elementor-element elementor-element-9877141 elementor-section-boxed ang-section-padding-initial elementor-section-height-default elementor-section-height-default elementor-repeater-item-none elementor-repeater-item-none_hover\" data-id=\"9877141\" data-element_type=\"section\">\n\t\t\t\t\t\t\t<div class=\"elementor-background-overlay\"><\/div>\n\t\t\t\t\t\t\t<div class=\"elementor-container elementor-column-gap-default\">\n\t\t\t\t\t<div class=\"elementor-column elementor-col-100 elementor-top-column elementor-element elementor-element-4a85be1 elementor-repeater-item-none elementor-repeater-item-none_hover\" data-id=\"4a85be1\" data-element_type=\"column\">\n\t\t\t<div class=\"elementor-widget-wrap elementor-element-populated\">\n\t\t\t\t\t\t<div class=\"elementor-element elementor-element-738e0b4 elementor-repeater-item-none elementor-repeater-item-none_hover elementor-widget elementor-widget-heading\" data-id=\"738e0b4\" data-element_type=\"widget\" data-widget_type=\"heading.default\">\n\t\t\t\t\t<h2 class=\"elementor-heading-title elementor-size-default\">ZINSER Schneidbrenner<\/h2>\t\t\t\t<\/div>\n\t\t\t\t<div class=\"elementor-element elementor-element-1639ce1 elementor-blockquote--skin-border elementor-blockquote--button-color-official elementor-repeater-item-none elementor-repeater-item-none_hover elementor-widget elementor-widget-blockquote\" data-id=\"1639ce1\" data-element_type=\"widget\" data-widget_type=\"blockquote.default\">\n\t\t\t\t\t\t\t<blockquote class=\"elementor-blockquote\">\n\t\t\t<p class=\"elementor-blockquote__content\">\n\t\t\t\tSie finden hier alle Informationen zu unseren Schneidbrennern und deren Zubeh\u00f6r.\n\n<br>Gehen Sie direkt zu:\n\t\t\t<\/p>\n\t\t\t\t\t<\/blockquote>\n\t\t\t\t\t\t<\/div>\n\t\t\t\t<section class=\"elementor-section elementor-inner-section elementor-element elementor-element-3db34c9 elementor-section-boxed ang-section-padding-initial elementor-section-height-default elementor-section-height-default elementor-repeater-item-none elementor-repeater-item-none_hover\" data-id=\"3db34c9\" data-element_type=\"section\">\n\t\t\t\t\t\t<div class=\"elementor-container elementor-column-gap-default\">\n\t\t\t\t\t<div class=\"elementor-column elementor-col-33 elementor-inner-column elementor-element elementor-element-1b039d7 elementor-repeater-item-none elementor-repeater-item-none_hover\" data-id=\"1b039d7\" data-element_type=\"column\" data-settings=\"{&quot;background_background&quot;:&quot;classic&quot;}\">\n\t\t\t<div class=\"elementor-widget-wrap elementor-element-populated\">\n\t\t\t\t\t\t<div class=\"elementor-element elementor-element-96e0668 elementor-view-default elementor-position-top elementor-mobile-position-top elementor-repeater-item-none elementor-repeater-item-none_hover elementor-widget elementor-widget-icon-box\" data-id=\"96e0668\" data-element_type=\"widget\" data-widget_type=\"icon-box.default\">\n\t\t\t\t\t\t\t<div class=\"elementor-icon-box-wrapper\">\n\n\t\t\t\t\t\t<div class=\"elementor-icon-box-icon\">\n\t\t\t\t<a href=\"#Schneidbrenner\" class=\"elementor-icon\" tabindex=\"-1\" aria-label=\"Schneidbrenner\">\n\t\t\t\t<i aria-hidden=\"true\" class=\"fas fa-hand-point-down\"><\/i>\t\t\t\t<\/a>\n\t\t\t<\/div>\n\t\t\t\n\t\t\t\t\t\t<div class=\"elementor-icon-box-content\">\n\n\t\t\t\t\t\t\t\t\t<h3 class=\"elementor-icon-box-title\">\n\t\t\t\t\t\t<a href=\"#Schneidbrenner\" >\n\t\t\t\t\t\t\tSchneidbrenner\t\t\t\t\t\t<\/a>\n\t\t\t\t\t<\/h3>\n\t\t\t\t\n\t\t\t\t\n\t\t\t<\/div>\n\t\t\t\n\t\t<\/div>\n\t\t\t\t\t\t<\/div>\n\t\t\t\t<div class=\"elementor-element elementor-element-a625c0f external_elementor-repeater-item-none_external elementor-repeater-item-none elementor-repeater-item-none_hover elementor-widget elementor-widget-image\" data-id=\"a625c0f\" data-element_type=\"widget\" data-widget_type=\"image.default\">\n\t\t\t\t\t\t\t\t\t\t\t\t\t\t\t\t<a href=\"#Schneidbrenner\">\n\t\t\t\t\t\t\t<img fetchpriority=\"high\" decoding=\"async\" width=\"756\" height=\"425\" src=\"https:\/\/zinser.de\/wp-content\/uploads\/Manuelle_Autogentechnik_schneidbrenner.png\" class=\"attachment-large size-large wp-image-29399\" alt=\"\" \/>\t\t\t\t\t\t\t\t<\/a>\n\t\t\t\t\t\t\t\t\t\t\t\t\t\t\t<\/div>\n\t\t\t\t\t<\/div>\n\t\t<\/div>\n\t\t\t\t<div class=\"elementor-column elementor-col-33 elementor-inner-column elementor-element elementor-element-b4cb7a5 elementor-repeater-item-none elementor-repeater-item-none_hover\" data-id=\"b4cb7a5\" data-element_type=\"column\" data-settings=\"{&quot;background_background&quot;:&quot;classic&quot;}\">\n\t\t\t<div class=\"elementor-widget-wrap elementor-element-populated\">\n\t\t\t\t\t\t<div class=\"elementor-element elementor-element-7d66204 elementor-view-default elementor-position-top elementor-mobile-position-top elementor-repeater-item-none elementor-repeater-item-none_hover elementor-widget elementor-widget-icon-box\" data-id=\"7d66204\" data-element_type=\"widget\" data-widget_type=\"icon-box.default\">\n\t\t\t\t\t\t\t<div class=\"elementor-icon-box-wrapper\">\n\n\t\t\t\t\t\t<div class=\"elementor-icon-box-icon\">\n\t\t\t\t<a href=\"#zubehoer_schneidbrenner\" class=\"elementor-icon\" tabindex=\"-1\" aria-label=\"Zubeh\u00f6r\">\n\t\t\t\t<i aria-hidden=\"true\" class=\"fas fa-hand-point-down\"><\/i>\t\t\t\t<\/a>\n\t\t\t<\/div>\n\t\t\t\n\t\t\t\t\t\t<div class=\"elementor-icon-box-content\">\n\n\t\t\t\t\t\t\t\t\t<h3 class=\"elementor-icon-box-title\">\n\t\t\t\t\t\t<a href=\"#zubehoer_schneidbrenner\" >\n\t\t\t\t\t\t\tZubeh\u00f6r\t\t\t\t\t\t<\/a>\n\t\t\t\t\t<\/h3>\n\t\t\t\t\n\t\t\t\t\n\t\t\t<\/div>\n\t\t\t\n\t\t<\/div>\n\t\t\t\t\t\t<\/div>\n\t\t\t\t<div class=\"elementor-element elementor-element-b192d96 external_elementor-repeater-item-none_external elementor-repeater-item-none elementor-repeater-item-none_hover elementor-widget elementor-widget-image\" data-id=\"b192d96\" data-element_type=\"widget\" data-widget_type=\"image.default\">\n\t\t\t\t\t\t\t\t\t\t\t\t\t\t\t\t<a href=\"#zubehoer_schneidbrenner\">\n\t\t\t\t\t\t\t<img decoding=\"async\" width=\"600\" height=\"337\" src=\"https:\/\/zinser.de\/wp-content\/uploads\/Zubehoer-fuer-Schneideinsaetze-und-Schneidbrenner.png\" class=\"attachment-medium size-medium wp-image-29540\" alt=\"\" \/>\t\t\t\t\t\t\t\t<\/a>\n\t\t\t\t\t\t\t\t\t\t\t\t\t\t\t<\/div>\n\t\t\t\t\t<\/div>\n\t\t<\/div>\n\t\t\t\t<div class=\"elementor-column elementor-col-33 elementor-inner-column elementor-element elementor-element-d10dca5 elementor-repeater-item-none elementor-repeater-item-none_hover\" data-id=\"d10dca5\" data-element_type=\"column\">\n\t\t\t<div class=\"elementor-widget-wrap\">\n\t\t\t\t\t\t\t<\/div>\n\t\t<\/div>\n\t\t\t\t\t<\/div>\n\t\t<\/section>\n\t\t\t\t\t<\/div>\n\t\t<\/div>\n\t\t\t\t\t<\/div>\n\t\t<\/section>\n\t\t\t\t<section class=\"elementor-section elementor-top-section elementor-element elementor-element-cb6cf93 elementor-section-boxed ang-section-padding-initial elementor-section-height-default elementor-section-height-default elementor-repeater-item-none elementor-repeater-item-none_hover\" data-id=\"cb6cf93\" data-element_type=\"section\">\n\t\t\t\t\t\t<div class=\"elementor-container elementor-column-gap-default\">\n\t\t\t\t\t<div class=\"elementor-column elementor-col-100 elementor-top-column elementor-element elementor-element-86f83d4 elementor-repeater-item-none elementor-repeater-item-none_hover\" data-id=\"86f83d4\" data-element_type=\"column\">\n\t\t\t<div class=\"elementor-widget-wrap elementor-element-populated\">\n\t\t\t\t\t\t<div class=\"elementor-element elementor-element-51f29c9 elementor-repeater-item-none elementor-repeater-item-none_hover elementor-widget elementor-widget-menu-anchor\" data-id=\"51f29c9\" data-element_type=\"widget\" data-widget_type=\"menu-anchor.default\">\n\t\t\t\t\t\t\t<div class=\"elementor-menu-anchor\" id=\"Schneidbrenner\"><\/div>\n\t\t\t\t\t\t<\/div>\n\t\t\t\t<div class=\"elementor-element elementor-element-2982757 elementor-repeater-item-none elementor-repeater-item-none_hover elementor-widget elementor-widget-heading\" data-id=\"2982757\" data-element_type=\"widget\" data-widget_type=\"heading.default\">\n\t\t\t\t\t<h2 class=\"elementor-heading-title elementor-size-default\">Schneidbrenner<\/h2>\t\t\t\t<\/div>\n\t\t\t\t\t<\/div>\n\t\t<\/div>\n\t\t\t\t\t<\/div>\n\t\t<\/section>\n\t\t\t\t<section class=\"elementor-section elementor-top-section elementor-element elementor-element-dff2a29 elementor-section-boxed ang-section-padding-initial elementor-section-height-default elementor-section-height-default elementor-repeater-item-none elementor-repeater-item-none_hover\" data-id=\"dff2a29\" data-element_type=\"section\">\n\t\t\t\t\t\t<div class=\"elementor-container elementor-column-gap-default\">\n\t\t\t\t\t<div class=\"elementor-column elementor-col-100 elementor-top-column elementor-element elementor-element-5e88736 elementor-repeater-item-none elementor-repeater-item-none_hover\" data-id=\"5e88736\" data-element_type=\"column\">\n\t\t\t<div class=\"elementor-widget-wrap elementor-element-populated\">\n\t\t\t\t\t\t<div class=\"elementor-element elementor-element-f546770 elementor-widget-divider--view-line elementor-repeater-item-none elementor-repeater-item-none_hover elementor-widget elementor-widget-divider\" data-id=\"f546770\" data-element_type=\"widget\" data-widget_type=\"divider.default\">\n\t\t\t\t\t\t\t<div class=\"elementor-divider\">\n\t\t\t<span class=\"elementor-divider-separator\">\n\t\t\t\t\t\t<\/span>\n\t\t<\/div>\n\t\t\t\t\t\t<\/div>\n\t\t\t\t\t<\/div>\n\t\t<\/div>\n\t\t\t\t\t<\/div>\n\t\t<\/section>\n\t\t\t\t<section class=\"elementor-section elementor-top-section elementor-element elementor-element-6a1f871 elementor-section-boxed ang-section-padding-initial elementor-section-height-default elementor-section-height-default elementor-repeater-item-none elementor-repeater-item-none_hover\" data-id=\"6a1f871\" data-element_type=\"section\">\n\t\t\t\t\t\t<div class=\"elementor-container elementor-column-gap-default\">\n\t\t\t\t\t<div class=\"elementor-column elementor-col-100 elementor-top-column elementor-element elementor-element-d18dfa0 elementor-repeater-item-none elementor-repeater-item-none_hover\" data-id=\"d18dfa0\" data-element_type=\"column\">\n\t\t\t<div class=\"elementor-widget-wrap elementor-element-populated\">\n\t\t\t\t\t\t<div class=\"elementor-element elementor-element-e1f8c04 elementor-repeater-item-none elementor-repeater-item-none_hover elementor-widget elementor-widget-menu-anchor\" data-id=\"e1f8c04\" data-element_type=\"widget\" data-widget_type=\"menu-anchor.default\">\n\t\t\t\t\t\t\t<div class=\"elementor-menu-anchor\" id=\"zubehoer_schneidbrenner\"><\/div>\n\t\t\t\t\t\t<\/div>\n\t\t\t\t<div class=\"elementor-element elementor-element-0876dbe elementor-repeater-item-none elementor-repeater-item-none_hover elementor-widget elementor-widget-heading\" data-id=\"0876dbe\" data-element_type=\"widget\" data-widget_type=\"heading.default\">\n\t\t\t\t\t<h2 class=\"elementor-heading-title elementor-size-default\">Zubeh\u00f6r<\/h2>\t\t\t\t<\/div>\n\t\t\t\t\t<\/div>\n\t\t<\/div>\n\t\t\t\t\t<\/div>\n\t\t<\/section>\n\t\t\t\t<section class=\"elementor-section elementor-top-section elementor-element elementor-element-3cc91f5 elementor-section-boxed ang-section-padding-initial elementor-section-height-default elementor-section-height-default elementor-repeater-item-none elementor-repeater-item-none_hover\" data-id=\"3cc91f5\" data-element_type=\"section\">\n\t\t\t\t\t\t<div class=\"elementor-container elementor-column-gap-default\">\n\t\t\t\t\t<div class=\"elementor-column elementor-col-100 elementor-top-column elementor-element elementor-element-0811540 elementor-repeater-item-none elementor-repeater-item-none_hover\" data-id=\"0811540\" data-element_type=\"column\">\n\t\t\t<div class=\"elementor-widget-wrap elementor-element-populated\">\n\t\t\t\t\t\t<div class=\"elementor-element elementor-element-7d7830c elementor-widget-divider--view-line elementor-repeater-item-none elementor-repeater-item-none_hover elementor-widget elementor-widget-divider\" data-id=\"7d7830c\" data-element_type=\"widget\" data-widget_type=\"divider.default\">\n\t\t\t\t\t\t\t<div class=\"elementor-divider\">\n\t\t\t<span class=\"elementor-divider-separator\">\n\t\t\t\t\t\t<\/span>\n\t\t<\/div>\n\t\t\t\t\t\t<\/div>\n\t\t\t\t\t<\/div>\n\t\t<\/div>\n\t\t\t\t\t<\/div>\n\t\t<\/section>\n\t\t\t\t<\/div>\n\t\t","protected":false},"excerpt":{"rendered":"<p>Manuelle Autogentechnik ZINSER Schneidbrenner Sie finden hier alle Informationen zu unseren Schneidbrennern und deren Zubeh\u00f6r. Gehen Sie direkt zu: Schneidbrenner Zubeh\u00f6r Schneidbrenner Zubeh\u00f6r<\/p>\n","protected":false},"author":3,"featured_media":1723,"parent":121,"menu_order":30,"comment_status":"closed","ping_status":"closed","template":"elementor_header_footer","meta":{"_acf_changed":false,"footnotes":""},"categories":[175,185,178],"tags":[],"class_list":["post-29342","page","type-page","status-publish","has-post-thumbnail","hentry","category-autogentechnik","category-schneidbrenner","category-schweiss-und-schneidbrenner"],"acf":[],"yoast_head":"<!-- This site is optimized with the Yoast SEO plugin v26.6 - https:\/\/yoast.com\/wordpress\/plugins\/seo\/ -->\n<title>Schneidbrenner - ZINSER machines de d\u00e9coupe<\/title>\n<meta name=\"robots\" content=\"index, follow, max-snippet:-1, max-image-preview:large, max-video-preview:-1\" \/>\n<link rel=\"canonical\" href=\"https:\/\/zinser.de\/fr\/mobile-geraete\/manuelle-autogentechnik\/schneidbrenner\/\" \/>\n<meta property=\"og:locale\" content=\"fr_FR\" \/>\n<meta property=\"og:type\" content=\"article\" \/>\n<meta property=\"og:title\" content=\"Schneidbrenner - ZINSER machines de d\u00e9coupe\" \/>\n<meta property=\"og:description\" content=\"Manuelle Autogentechnik ZINSER Schneidbrenner Sie finden hier alle Informationen zu unseren Schneidbrennern und deren Zubeh\u00f6r. Gehen Sie direkt zu: Schneidbrenner Zubeh\u00f6r Schneidbrenner Zubeh\u00f6r\" \/>\n<meta property=\"og:url\" content=\"https:\/\/zinser.de\/fr\/mobile-geraete\/manuelle-autogentechnik\/schneidbrenner\/\" \/>\n<meta property=\"og:site_name\" content=\"ZINSER machines de d\u00e9coupe\" \/>\n<meta property=\"article:modified_time\" content=\"2022-03-24T13:30:50+00:00\" \/>\n<meta property=\"og:image\" content=\"https:\/\/zinser.de\/wp-content\/uploads\/Einzelschneidbrenner_STABIL_Ringduesen_700x300.png\" \/>\n\t<meta property=\"og:image:width\" content=\"700\" \/>\n\t<meta property=\"og:image:height\" content=\"300\" \/>\n\t<meta property=\"og:image:type\" content=\"image\/png\" \/>\n<meta name=\"twitter:card\" content=\"summary_large_image\" \/>\n<meta name=\"twitter:label1\" content=\"Dur\u00e9e de lecture estim\u00e9e\" \/>\n\t<meta name=\"twitter:data1\" content=\"13 minutes\" \/>\n<script type=\"application\/ld+json\" class=\"yoast-schema-graph\">{\"@context\":\"https:\/\/schema.org\",\"@graph\":[{\"@type\":\"WebPage\",\"@id\":\"https:\/\/zinser.de\/fr\/mobile-geraete\/manuelle-autogentechnik\/schneidbrenner\/\",\"url\":\"https:\/\/zinser.de\/fr\/mobile-geraete\/manuelle-autogentechnik\/schneidbrenner\/\",\"name\":\"Schneidbrenner - ZINSER machines de d\u00e9coupe\",\"isPartOf\":{\"@id\":\"https:\/\/zinser.de\/fr\/#website\"},\"primaryImageOfPage\":{\"@id\":\"https:\/\/zinser.de\/fr\/mobile-geraete\/manuelle-autogentechnik\/schneidbrenner\/#primaryimage\"},\"image\":{\"@id\":\"https:\/\/zinser.de\/fr\/mobile-geraete\/manuelle-autogentechnik\/schneidbrenner\/#primaryimage\"},\"thumbnailUrl\":\"https:\/\/zinser.de\/wp-content\/uploads\/Einzelschneidbrenner_STABIL_Ringduesen_700x300.png\",\"datePublished\":\"2022-03-15T12:01:55+00:00\",\"dateModified\":\"2022-03-24T13:30:50+00:00\",\"breadcrumb\":{\"@id\":\"https:\/\/zinser.de\/fr\/mobile-geraete\/manuelle-autogentechnik\/schneidbrenner\/#breadcrumb\"},\"inLanguage\":\"fr-FR\",\"potentialAction\":[{\"@type\":\"ReadAction\",\"target\":[\"https:\/\/zinser.de\/fr\/mobile-geraete\/manuelle-autogentechnik\/schneidbrenner\/\"]}]},{\"@type\":\"ImageObject\",\"inLanguage\":\"fr-FR\",\"@id\":\"https:\/\/zinser.de\/fr\/mobile-geraete\/manuelle-autogentechnik\/schneidbrenner\/#primaryimage\",\"url\":\"https:\/\/zinser.de\/wp-content\/uploads\/Einzelschneidbrenner_STABIL_Ringduesen_700x300.png\",\"contentUrl\":\"https:\/\/zinser.de\/wp-content\/uploads\/Einzelschneidbrenner_STABIL_Ringduesen_700x300.png\",\"width\":700,\"height\":300},{\"@type\":\"BreadcrumbList\",\"@id\":\"https:\/\/zinser.de\/fr\/mobile-geraete\/manuelle-autogentechnik\/schneidbrenner\/#breadcrumb\",\"itemListElement\":[{\"@type\":\"ListItem\",\"position\":1,\"name\":\"Home\",\"item\":\"https:\/\/zinser.de\/fr\/\"},{\"@type\":\"ListItem\",\"position\":2,\"name\":\"Mobile Ger\u00e4te\",\"item\":\"https:\/\/zinser.de\/fr\/mobile-geraete\/\"},{\"@type\":\"ListItem\",\"position\":3,\"name\":\"Manuelle Autogentechnik\",\"item\":\"https:\/\/zinser.de\/fr\/mobile-geraete\/manuelle-autogentechnik\/\"},{\"@type\":\"ListItem\",\"position\":4,\"name\":\"Schneidbrenner\"}]},{\"@type\":\"WebSite\",\"@id\":\"https:\/\/zinser.de\/fr\/#website\",\"url\":\"https:\/\/zinser.de\/fr\/\",\"name\":\"ZINSER machines de d\u00e9coupe\",\"description\":\"D\u00e9coupe plasma, oxycoupage et laser\",\"publisher\":{\"@id\":\"https:\/\/zinser.de\/fr\/#organization\"},\"potentialAction\":[{\"@type\":\"SearchAction\",\"target\":{\"@type\":\"EntryPoint\",\"urlTemplate\":\"https:\/\/zinser.de\/fr\/?s={search_term_string}\"},\"query-input\":{\"@type\":\"PropertyValueSpecification\",\"valueRequired\":true,\"valueName\":\"search_term_string\"}}],\"inLanguage\":\"fr-FR\"},{\"@type\":\"Organization\",\"@id\":\"https:\/\/zinser.de\/fr\/#organization\",\"name\":\"ZINSER\",\"url\":\"https:\/\/zinser.de\/fr\/\",\"logo\":{\"@type\":\"ImageObject\",\"inLanguage\":\"fr-FR\",\"@id\":\"https:\/\/zinser.de\/fr\/#\/schema\/logo\/image\/\",\"url\":\"https:\/\/zinser.de\/wp-content\/uploads\/zinser-favicon_Plan-de-travail-1.png\",\"contentUrl\":\"https:\/\/zinser.de\/wp-content\/uploads\/zinser-favicon_Plan-de-travail-1.png\",\"width\":2134,\"height\":2134,\"caption\":\"ZINSER\"},\"image\":{\"@id\":\"https:\/\/zinser.de\/fr\/#\/schema\/logo\/image\/\"}}]}<\/script>\n<!-- \/ Yoast SEO plugin. -->","yoast_head_json":{"title":"Schneidbrenner - ZINSER machines de d\u00e9coupe","robots":{"index":"index","follow":"follow","max-snippet":"max-snippet:-1","max-image-preview":"max-image-preview:large","max-video-preview":"max-video-preview:-1"},"canonical":"https:\/\/zinser.de\/fr\/mobile-geraete\/manuelle-autogentechnik\/schneidbrenner\/","og_locale":"fr_FR","og_type":"article","og_title":"Schneidbrenner - ZINSER machines de d\u00e9coupe","og_description":"Manuelle Autogentechnik ZINSER Schneidbrenner Sie finden hier alle Informationen zu unseren Schneidbrennern und deren Zubeh\u00f6r. Gehen Sie direkt zu: Schneidbrenner Zubeh\u00f6r Schneidbrenner Zubeh\u00f6r","og_url":"https:\/\/zinser.de\/fr\/mobile-geraete\/manuelle-autogentechnik\/schneidbrenner\/","og_site_name":"ZINSER machines de d\u00e9coupe","article_modified_time":"2022-03-24T13:30:50+00:00","og_image":[{"width":700,"height":300,"url":"https:\/\/zinser.de\/wp-content\/uploads\/Einzelschneidbrenner_STABIL_Ringduesen_700x300.png","type":"image\/png"}],"twitter_card":"summary_large_image","twitter_misc":{"Dur\u00e9e de lecture estim\u00e9e":"13 minutes"},"schema":{"@context":"https:\/\/schema.org","@graph":[{"@type":"WebPage","@id":"https:\/\/zinser.de\/fr\/mobile-geraete\/manuelle-autogentechnik\/schneidbrenner\/","url":"https:\/\/zinser.de\/fr\/mobile-geraete\/manuelle-autogentechnik\/schneidbrenner\/","name":"Schneidbrenner - ZINSER machines de d\u00e9coupe","isPartOf":{"@id":"https:\/\/zinser.de\/fr\/#website"},"primaryImageOfPage":{"@id":"https:\/\/zinser.de\/fr\/mobile-geraete\/manuelle-autogentechnik\/schneidbrenner\/#primaryimage"},"image":{"@id":"https:\/\/zinser.de\/fr\/mobile-geraete\/manuelle-autogentechnik\/schneidbrenner\/#primaryimage"},"thumbnailUrl":"https:\/\/zinser.de\/wp-content\/uploads\/Einzelschneidbrenner_STABIL_Ringduesen_700x300.png","datePublished":"2022-03-15T12:01:55+00:00","dateModified":"2022-03-24T13:30:50+00:00","breadcrumb":{"@id":"https:\/\/zinser.de\/fr\/mobile-geraete\/manuelle-autogentechnik\/schneidbrenner\/#breadcrumb"},"inLanguage":"fr-FR","potentialAction":[{"@type":"ReadAction","target":["https:\/\/zinser.de\/fr\/mobile-geraete\/manuelle-autogentechnik\/schneidbrenner\/"]}]},{"@type":"ImageObject","inLanguage":"fr-FR","@id":"https:\/\/zinser.de\/fr\/mobile-geraete\/manuelle-autogentechnik\/schneidbrenner\/#primaryimage","url":"https:\/\/zinser.de\/wp-content\/uploads\/Einzelschneidbrenner_STABIL_Ringduesen_700x300.png","contentUrl":"https:\/\/zinser.de\/wp-content\/uploads\/Einzelschneidbrenner_STABIL_Ringduesen_700x300.png","width":700,"height":300},{"@type":"BreadcrumbList","@id":"https:\/\/zinser.de\/fr\/mobile-geraete\/manuelle-autogentechnik\/schneidbrenner\/#breadcrumb","itemListElement":[{"@type":"ListItem","position":1,"name":"Home","item":"https:\/\/zinser.de\/fr\/"},{"@type":"ListItem","position":2,"name":"Mobile Ger\u00e4te","item":"https:\/\/zinser.de\/fr\/mobile-geraete\/"},{"@type":"ListItem","position":3,"name":"Manuelle Autogentechnik","item":"https:\/\/zinser.de\/fr\/mobile-geraete\/manuelle-autogentechnik\/"},{"@type":"ListItem","position":4,"name":"Schneidbrenner"}]},{"@type":"WebSite","@id":"https:\/\/zinser.de\/fr\/#website","url":"https:\/\/zinser.de\/fr\/","name":"ZINSER machines de d\u00e9coupe","description":"D\u00e9coupe plasma, oxycoupage et laser","publisher":{"@id":"https:\/\/zinser.de\/fr\/#organization"},"potentialAction":[{"@type":"SearchAction","target":{"@type":"EntryPoint","urlTemplate":"https:\/\/zinser.de\/fr\/?s={search_term_string}"},"query-input":{"@type":"PropertyValueSpecification","valueRequired":true,"valueName":"search_term_string"}}],"inLanguage":"fr-FR"},{"@type":"Organization","@id":"https:\/\/zinser.de\/fr\/#organization","name":"ZINSER","url":"https:\/\/zinser.de\/fr\/","logo":{"@type":"ImageObject","inLanguage":"fr-FR","@id":"https:\/\/zinser.de\/fr\/#\/schema\/logo\/image\/","url":"https:\/\/zinser.de\/wp-content\/uploads\/zinser-favicon_Plan-de-travail-1.png","contentUrl":"https:\/\/zinser.de\/wp-content\/uploads\/zinser-favicon_Plan-de-travail-1.png","width":2134,"height":2134,"caption":"ZINSER"},"image":{"@id":"https:\/\/zinser.de\/fr\/#\/schema\/logo\/image\/"}}]}},"_links":{"self":[{"href":"https:\/\/zinser.de\/fr\/wp-json\/wp\/v2\/pages\/29342","targetHints":{"allow":["GET"]}}],"collection":[{"href":"https:\/\/zinser.de\/fr\/wp-json\/wp\/v2\/pages"}],"about":[{"href":"https:\/\/zinser.de\/fr\/wp-json\/wp\/v2\/types\/page"}],"author":[{"embeddable":true,"href":"https:\/\/zinser.de\/fr\/wp-json\/wp\/v2\/users\/3"}],"replies":[{"embeddable":true,"href":"https:\/\/zinser.de\/fr\/wp-json\/wp\/v2\/comments?post=29342"}],"version-history":[{"count":26,"href":"https:\/\/zinser.de\/fr\/wp-json\/wp\/v2\/pages\/29342\/revisions"}],"predecessor-version":[{"id":30237,"href":"https:\/\/zinser.de\/fr\/wp-json\/wp\/v2\/pages\/29342\/revisions\/30237"}],"up":[{"embeddable":true,"href":"https:\/\/zinser.de\/fr\/wp-json\/wp\/v2\/pages\/121"}],"wp:featuredmedia":[{"embeddable":true,"href":"https:\/\/zinser.de\/fr\/wp-json\/wp\/v2\/media\/1723"}],"wp:attachment":[{"href":"https:\/\/zinser.de\/fr\/wp-json\/wp\/v2\/media?parent=29342"}],"wp:term":[{"taxonomy":"category","embeddable":true,"href":"https:\/\/zinser.de\/fr\/wp-json\/wp\/v2\/categories?post=29342"},{"taxonomy":"post_tag","embeddable":true,"href":"https:\/\/zinser.de\/fr\/wp-json\/wp\/v2\/tags?post=29342"}],"curies":[{"name":"wp","href":"https:\/\/api.w.org\/{rel}","templated":true}]}}