{"id":1179,"date":"2017-11-20T11:02:31","date_gmt":"2017-11-20T10:02:31","guid":{"rendered":"http:\/\/zinser.infin.ro\/?page_id=1179"},"modified":"2022-03-20T17:26:36","modified_gmt":"2022-03-20T16:26:36","slug":"gasflaschen","status":"publish","type":"page","link":"https:\/\/zinser.de\/nl\/mobile-geraete\/manuelle-autogentechnik\/gasflaschen\/","title":{"rendered":"Gasflaschenanlage \/  Set mit Haltegestell"},"content":{"rendered":"\t\t<div data-elementor-type=\"wp-page\" data-elementor-id=\"1179\" class=\"elementor elementor-1179\" data-elementor-post-type=\"page\">\n\t\t\t\t\t\t<section class=\"elementor-section elementor-top-section elementor-element elementor-element-2db04bd elementor-section-height-min-height elementor-section-boxed ang-section-padding-initial elementor-section-height-default elementor-section-items-middle elementor-repeater-item-none elementor-repeater-item-none_hover\" data-id=\"2db04bd\" data-element_type=\"section\" data-settings=\"{&quot;background_background&quot;:&quot;classic&quot;}\">\n\t\t\t\t\t\t\t<div class=\"elementor-background-overlay\"><\/div>\n\t\t\t\t\t\t\t<div class=\"elementor-container elementor-column-gap-default\">\n\t\t\t\t\t<div class=\"elementor-column elementor-col-100 elementor-top-column elementor-element elementor-element-3cf2d49 elementor-repeater-item-none elementor-repeater-item-none_hover\" data-id=\"3cf2d49\" data-element_type=\"column\">\n\t\t\t<div class=\"elementor-widget-wrap elementor-element-populated\">\n\t\t\t\t\t\t<div class=\"elementor-element elementor-element-2499f06f elementor-repeater-item-none elementor-repeater-item-none_hover elementor-invisible elementor-widget elementor-widget-heading\" data-id=\"2499f06f\" data-element_type=\"widget\" data-settings=\"{&quot;_animation&quot;:&quot;fadeInLeft&quot;}\" data-widget_type=\"heading.default\">\n\t\t\t\t\t<h1 class=\"elementor-heading-title elementor-size-xxl\">Manuelle Autogentechnik<\/h1>\t\t\t\t<\/div>\n\t\t\t\t\t<\/div>\n\t\t<\/div>\n\t\t\t\t\t<\/div>\n\t\t<\/section>\n\t\t\t\t<section class=\"elementor-section elementor-top-section elementor-element elementor-element-8fc45b2 elementor-section-boxed ang-section-padding-initial elementor-section-height-default elementor-section-height-default elementor-repeater-item-none elementor-repeater-item-none_hover\" data-id=\"8fc45b2\" data-element_type=\"section\">\n\t\t\t\t\t\t<div class=\"elementor-container elementor-column-gap-default\">\n\t\t\t\t\t<div class=\"elementor-column elementor-col-100 elementor-top-column elementor-element elementor-element-59be94f elementor-repeater-item-none elementor-repeater-item-none_hover\" data-id=\"59be94f\" data-element_type=\"column\">\n\t\t\t<div class=\"elementor-widget-wrap elementor-element-populated\">\n\t\t\t\t\t\t<div class=\"elementor-element elementor-element-5c2b2a7 elementor-repeater-item-none elementor-repeater-item-none_hover elementor-widget elementor-widget-breadcrumbs\" data-id=\"5c2b2a7\" data-element_type=\"widget\" data-widget_type=\"breadcrumbs.default\">\n\t\t\t\t\t<p id=\"breadcrumbs\"><span><span><a href=\"https:\/\/zinser.de\/nl\/\">Home<\/a><\/span><\/span><\/p>\t\t\t\t<\/div>\n\t\t\t\t\t<\/div>\n\t\t<\/div>\n\t\t\t\t\t<\/div>\n\t\t<\/section>\n\t\t\t\t<section class=\"elementor-section elementor-top-section elementor-element elementor-element-c035d65 elementor-section-boxed ang-section-padding-initial elementor-section-height-default elementor-section-height-default elementor-repeater-item-none elementor-repeater-item-none_hover\" data-id=\"c035d65\" data-element_type=\"section\">\n\t\t\t\t\t\t\t<div class=\"elementor-background-overlay\"><\/div>\n\t\t\t\t\t\t\t<div class=\"elementor-container elementor-column-gap-default\">\n\t\t\t\t\t<div class=\"elementor-column elementor-col-100 elementor-top-column elementor-element elementor-element-856213c elementor-repeater-item-none elementor-repeater-item-none_hover\" data-id=\"856213c\" data-element_type=\"column\">\n\t\t\t<div class=\"elementor-widget-wrap elementor-element-populated\">\n\t\t\t\t\t\t<div class=\"elementor-element elementor-element-9bd0473 elementor-repeater-item-none elementor-repeater-item-none_hover elementor-widget elementor-widget-heading\" data-id=\"9bd0473\" data-element_type=\"widget\" data-widget_type=\"heading.default\">\n\t\t\t\t\t<h2 class=\"elementor-heading-title elementor-size-default\">ZINSER Flaschengasanlagen und Zubeh\u00f6r<\/h2>\t\t\t\t<\/div>\n\t\t\t\t<div class=\"elementor-element elementor-element-fb095cb elementor-blockquote--skin-border elementor-blockquote--button-color-official elementor-repeater-item-none elementor-repeater-item-none_hover elementor-widget elementor-widget-blockquote\" data-id=\"fb095cb\" data-element_type=\"widget\" data-widget_type=\"blockquote.default\">\n\t\t\t\t\t\t\t<blockquote class=\"elementor-blockquote\">\n\t\t\t<p class=\"elementor-blockquote__content\">\n\t\t\t\tSie finden hier alle Informationen zu unseren Flaschengasanlagen und deren Zubeh\u00f6r.\n<br>\n<br>\nGehen Sie direkt zu:\n\t\t\t<\/p>\n\t\t\t\t\t<\/blockquote>\n\t\t\t\t\t\t<\/div>\n\t\t\t\t<section class=\"elementor-section elementor-inner-section elementor-element elementor-element-ba57730 elementor-section-boxed ang-section-padding-initial elementor-section-height-default elementor-section-height-default elementor-repeater-item-none elementor-repeater-item-none_hover\" data-id=\"ba57730\" data-element_type=\"section\">\n\t\t\t\t\t\t<div class=\"elementor-container elementor-column-gap-default\">\n\t\t\t\t\t<div class=\"elementor-column elementor-col-33 elementor-inner-column elementor-element elementor-element-dc4ac2c elementor-repeater-item-none elementor-repeater-item-none_hover\" data-id=\"dc4ac2c\" data-element_type=\"column\">\n\t\t\t<div class=\"elementor-widget-wrap elementor-element-populated\">\n\t\t\t\t\t\t<div class=\"elementor-element elementor-element-98ec1b6 elementor-view-default elementor-position-top elementor-mobile-position-top elementor-repeater-item-none elementor-repeater-item-none_hover elementor-widget elementor-widget-icon-box\" data-id=\"98ec1b6\" data-element_type=\"widget\" data-widget_type=\"icon-box.default\">\n\t\t\t\t\t\t\t<div class=\"elementor-icon-box-wrapper\">\n\n\t\t\t\t\t\t<div class=\"elementor-icon-box-icon\">\n\t\t\t\t<a href=\"#Flaschengasanlage\" class=\"elementor-icon\" tabindex=\"-1\" aria-label=\"Flaschengasanlagen\">\n\t\t\t\t<i aria-hidden=\"true\" class=\"fas fa-hand-point-down\"><\/i>\t\t\t\t<\/a>\n\t\t\t<\/div>\n\t\t\t\n\t\t\t\t\t\t<div class=\"elementor-icon-box-content\">\n\n\t\t\t\t\t\t\t\t\t<h3 class=\"elementor-icon-box-title\">\n\t\t\t\t\t\t<a href=\"#Flaschengasanlage\" >\n\t\t\t\t\t\t\tFlaschengasanlagen\t\t\t\t\t\t<\/a>\n\t\t\t\t\t<\/h3>\n\t\t\t\t\n\t\t\t\t\n\t\t\t<\/div>\n\t\t\t\n\t\t<\/div>\n\t\t\t\t\t\t<\/div>\n\t\t\t\t\t<\/div>\n\t\t<\/div>\n\t\t\t\t<div class=\"elementor-column elementor-col-33 elementor-inner-column elementor-element elementor-element-1610cba elementor-repeater-item-none elementor-repeater-item-none_hover\" data-id=\"1610cba\" data-element_type=\"column\">\n\t\t\t<div class=\"elementor-widget-wrap elementor-element-populated\">\n\t\t\t\t\t\t<div class=\"elementor-element elementor-element-261c921 elementor-view-default elementor-position-top elementor-mobile-position-top elementor-repeater-item-none elementor-repeater-item-none_hover elementor-widget elementor-widget-icon-box\" data-id=\"261c921\" data-element_type=\"widget\" data-widget_type=\"icon-box.default\">\n\t\t\t\t\t\t\t<div class=\"elementor-icon-box-wrapper\">\n\n\t\t\t\t\t\t<div class=\"elementor-icon-box-icon\">\n\t\t\t\t<a href=\"#FlaschengasanlageZubehoer\" class=\"elementor-icon\" tabindex=\"-1\" aria-label=\"Zubeh\u00f6r\">\n\t\t\t\t<i aria-hidden=\"true\" class=\"fas fa-hand-point-down\"><\/i>\t\t\t\t<\/a>\n\t\t\t<\/div>\n\t\t\t\n\t\t\t\t\t\t<div class=\"elementor-icon-box-content\">\n\n\t\t\t\t\t\t\t\t\t<h3 class=\"elementor-icon-box-title\">\n\t\t\t\t\t\t<a href=\"#FlaschengasanlageZubehoer\" >\n\t\t\t\t\t\t\tZubeh\u00f6r\t\t\t\t\t\t<\/a>\n\t\t\t\t\t<\/h3>\n\t\t\t\t\n\t\t\t\t\n\t\t\t<\/div>\n\t\t\t\n\t\t<\/div>\n\t\t\t\t\t\t<\/div>\n\t\t\t\t\t<\/div>\n\t\t<\/div>\n\t\t\t\t<div class=\"elementor-column elementor-col-33 elementor-inner-column elementor-element elementor-element-c01c217 elementor-repeater-item-none elementor-repeater-item-none_hover\" data-id=\"c01c217\" data-element_type=\"column\">\n\t\t\t<div class=\"elementor-widget-wrap\">\n\t\t\t\t\t\t\t<\/div>\n\t\t<\/div>\n\t\t\t\t\t<\/div>\n\t\t<\/section>\n\t\t\t\t\t<\/div>\n\t\t<\/div>\n\t\t\t\t\t<\/div>\n\t\t<\/section>\n\t\t\t\t<section class=\"elementor-section elementor-top-section elementor-element elementor-element-a6a6215 elementor-section-boxed ang-section-padding-initial elementor-section-height-default elementor-section-height-default elementor-repeater-item-none elementor-repeater-item-none_hover\" data-id=\"a6a6215\" data-element_type=\"section\">\n\t\t\t\t\t\t<div class=\"elementor-container elementor-column-gap-default\">\n\t\t\t\t\t<div class=\"elementor-column elementor-col-100 elementor-top-column elementor-element elementor-element-0ce6c09 elementor-repeater-item-none elementor-repeater-item-none_hover\" data-id=\"0ce6c09\" data-element_type=\"column\">\n\t\t\t<div class=\"elementor-widget-wrap elementor-element-populated\">\n\t\t\t\t\t\t<div class=\"elementor-element elementor-element-db8452b elementor-repeater-item-none elementor-repeater-item-none_hover elementor-widget elementor-widget-menu-anchor\" data-id=\"db8452b\" data-element_type=\"widget\" data-widget_type=\"menu-anchor.default\">\n\t\t\t\t\t\t\t<div class=\"elementor-menu-anchor\" id=\"Flaschengasanlage\"><\/div>\n\t\t\t\t\t\t<\/div>\n\t\t\t\t<div class=\"elementor-element elementor-element-1739d60 elementor-repeater-item-none elementor-repeater-item-none_hover elementor-widget elementor-widget-heading\" data-id=\"1739d60\" data-element_type=\"widget\" data-widget_type=\"heading.default\">\n\t\t\t\t\t<h2 class=\"elementor-heading-title elementor-size-default\">Flaschengasanlagen<\/h2>\t\t\t\t<\/div>\n\t\t\t\t\t<\/div>\n\t\t<\/div>\n\t\t\t\t\t<\/div>\n\t\t<\/section>\n\t\t\t\t<section class=\"elementor-section elementor-top-section elementor-element elementor-element-c759408 elementor-section-boxed ang-section-padding-initial elementor-section-height-default elementor-section-height-default elementor-repeater-item-none elementor-repeater-item-none_hover\" data-id=\"c759408\" data-element_type=\"section\">\n\t\t\t\t\t\t<div class=\"elementor-container elementor-column-gap-default\">\n\t\t\t\t\t<div class=\"elementor-column elementor-col-100 elementor-top-column elementor-element elementor-element-12017c7 elementor-repeater-item-none elementor-repeater-item-none_hover\" data-id=\"12017c7\" data-element_type=\"column\">\n\t\t\t<div class=\"elementor-widget-wrap elementor-element-populated\">\n\t\t\t\t\t\t<div class=\"elementor-element elementor-element-8328ebe elementor-widget-divider--view-line elementor-repeater-item-none elementor-repeater-item-none_hover elementor-widget elementor-widget-divider\" data-id=\"8328ebe\" data-element_type=\"widget\" data-widget_type=\"divider.default\">\n\t\t\t\t\t\t\t<div class=\"elementor-divider\">\n\t\t\t<span class=\"elementor-divider-separator\">\n\t\t\t\t\t\t<\/span>\n\t\t<\/div>\n\t\t\t\t\t\t<\/div>\n\t\t\t\t\t<\/div>\n\t\t<\/div>\n\t\t\t\t\t<\/div>\n\t\t<\/section>\n\t\t\t\t<section class=\"elementor-section elementor-top-section elementor-element elementor-element-c4c4a39 elementor-section-boxed ang-section-padding-initial elementor-section-height-default elementor-section-height-default elementor-repeater-item-none elementor-repeater-item-none_hover\" data-id=\"c4c4a39\" data-element_type=\"section\">\n\t\t\t\t\t\t<div class=\"elementor-container elementor-column-gap-default\">\n\t\t\t\t\t<div class=\"elementor-column elementor-col-100 elementor-top-column elementor-element elementor-element-36d1e4e elementor-repeater-item-none elementor-repeater-item-none_hover\" data-id=\"36d1e4e\" data-element_type=\"column\">\n\t\t\t<div class=\"elementor-widget-wrap elementor-element-populated\">\n\t\t\t\t\t\t<div class=\"elementor-element elementor-element-1d98649 elementor-repeater-item-none elementor-repeater-item-none_hover elementor-widget elementor-widget-menu-anchor\" data-id=\"1d98649\" data-element_type=\"widget\" data-widget_type=\"menu-anchor.default\">\n\t\t\t\t\t\t\t<div class=\"elementor-menu-anchor\" id=\"FlaschengasanlageZubehoer\"><\/div>\n\t\t\t\t\t\t<\/div>\n\t\t\t\t\t<\/div>\n\t\t<\/div>\n\t\t\t\t\t<\/div>\n\t\t<\/section>\n\t\t\t\t<section class=\"elementor-section elementor-top-section elementor-element elementor-element-a717483 elementor-section-boxed ang-section-padding-initial elementor-section-height-default elementor-section-height-default elementor-repeater-item-none elementor-repeater-item-none_hover\" data-id=\"a717483\" data-element_type=\"section\">\n\t\t\t\t\t\t<div class=\"elementor-container elementor-column-gap-default\">\n\t\t\t\t\t<div class=\"elementor-column elementor-col-100 elementor-top-column elementor-element elementor-element-25c7eac elementor-repeater-item-none elementor-repeater-item-none_hover\" data-id=\"25c7eac\" data-element_type=\"column\">\n\t\t\t<div class=\"elementor-widget-wrap elementor-element-populated\">\n\t\t\t\t\t\t\t<\/div>\n\t\t<\/div>\n\t\t\t\t\t<\/div>\n\t\t<\/section>\n\t\t\t\t<\/div>\n\t\t","protected":false},"excerpt":{"rendered":"<p>Manuelle Autogentechnik ZINSER Flaschengasanlagen und Zubeh\u00f6r Sie finden hier alle Informationen zu unseren Flaschengasanlagen und deren Zubeh\u00f6r. Gehen Sie direkt zu: Flaschengasanlagen Zubeh\u00f6r Flaschengasanlagen<\/p>\n","protected":false},"author":3,"featured_media":1209,"parent":121,"menu_order":20,"comment_status":"closed","ping_status":"closed","template":"elementor_header_footer","meta":{"_acf_changed":false,"footnotes":""},"categories":[175],"tags":[],"class_list":["post-1179","page","type-page","status-publish","has-post-thumbnail","hentry","category-autogentechnik"],"acf":[],"yoast_head":"<!-- This site is optimized with the Yoast SEO plugin v26.6 - https:\/\/yoast.com\/wordpress\/plugins\/seo\/ -->\n<title>Gasflaschenanlage \/ Set mit Haltegestell - ZINSER cutting systems<\/title>\n<meta name=\"robots\" content=\"index, follow, max-snippet:-1, max-image-preview:large, max-video-preview:-1\" \/>\n<link rel=\"canonical\" href=\"https:\/\/zinser.de\/nl\/mobile-geraete\/manuelle-autogentechnik\/gasflaschen\/\" \/>\n<meta property=\"og:locale\" content=\"nl_NL\" \/>\n<meta property=\"og:type\" content=\"article\" \/>\n<meta property=\"og:title\" content=\"Gasflaschenanlage \/ Set mit Haltegestell - ZINSER cutting systems\" \/>\n<meta property=\"og:description\" content=\"Manuelle Autogentechnik ZINSER Flaschengasanlagen und Zubeh\u00f6r Sie finden hier alle Informationen zu unseren Flaschengasanlagen und deren Zubeh\u00f6r. Gehen Sie direkt zu: Flaschengasanlagen Zubeh\u00f6r Flaschengasanlagen\" \/>\n<meta property=\"og:url\" content=\"https:\/\/zinser.de\/nl\/mobile-geraete\/manuelle-autogentechnik\/gasflaschen\/\" \/>\n<meta property=\"og:site_name\" content=\"ZINSER cutting systems\" \/>\n<meta property=\"article:modified_time\" content=\"2022-03-20T16:26:36+00:00\" \/>\n<meta property=\"og:image\" content=\"https:\/\/zinser.de\/wp-content\/uploads\/Gasflaschen_900x600_150dpi.png\" \/>\n\t<meta property=\"og:image:width\" content=\"900\" \/>\n\t<meta property=\"og:image:height\" content=\"600\" \/>\n\t<meta property=\"og:image:type\" content=\"image\/png\" \/>\n<meta name=\"twitter:card\" content=\"summary_large_image\" \/>\n<meta name=\"twitter:label1\" content=\"Geschatte leestijd\" \/>\n\t<meta name=\"twitter:data1\" content=\"2 minutes\" \/>\n<script type=\"application\/ld+json\" class=\"yoast-schema-graph\">{\"@context\":\"https:\/\/schema.org\",\"@graph\":[{\"@type\":\"WebPage\",\"@id\":\"https:\/\/zinser.de\/nl\/mobile-geraete\/manuelle-autogentechnik\/gasflaschen\/\",\"url\":\"https:\/\/zinser.de\/nl\/mobile-geraete\/manuelle-autogentechnik\/gasflaschen\/\",\"name\":\"Gasflaschenanlage \/ Set mit Haltegestell - ZINSER cutting systems\",\"isPartOf\":{\"@id\":\"https:\/\/zinser.de\/nl\/#website\"},\"primaryImageOfPage\":{\"@id\":\"https:\/\/zinser.de\/nl\/mobile-geraete\/manuelle-autogentechnik\/gasflaschen\/#primaryimage\"},\"image\":{\"@id\":\"https:\/\/zinser.de\/nl\/mobile-geraete\/manuelle-autogentechnik\/gasflaschen\/#primaryimage\"},\"thumbnailUrl\":\"https:\/\/zinser.de\/wp-content\/uploads\/Gasflaschen_900x600_150dpi.png\",\"datePublished\":\"2017-11-20T10:02:31+00:00\",\"dateModified\":\"2022-03-20T16:26:36+00:00\",\"breadcrumb\":{\"@id\":\"https:\/\/zinser.de\/nl\/mobile-geraete\/manuelle-autogentechnik\/gasflaschen\/#breadcrumb\"},\"inLanguage\":\"nl-NL\",\"potentialAction\":[{\"@type\":\"ReadAction\",\"target\":[\"https:\/\/zinser.de\/nl\/mobile-geraete\/manuelle-autogentechnik\/gasflaschen\/\"]}]},{\"@type\":\"ImageObject\",\"inLanguage\":\"nl-NL\",\"@id\":\"https:\/\/zinser.de\/nl\/mobile-geraete\/manuelle-autogentechnik\/gasflaschen\/#primaryimage\",\"url\":\"https:\/\/zinser.de\/wp-content\/uploads\/Gasflaschen_900x600_150dpi.png\",\"contentUrl\":\"https:\/\/zinser.de\/wp-content\/uploads\/Gasflaschen_900x600_150dpi.png\",\"width\":900,\"height\":600},{\"@type\":\"BreadcrumbList\",\"@id\":\"https:\/\/zinser.de\/nl\/mobile-geraete\/manuelle-autogentechnik\/gasflaschen\/#breadcrumb\",\"itemListElement\":[{\"@type\":\"ListItem\",\"position\":1,\"name\":\"Home\",\"item\":\"https:\/\/zinser.de\/nl\/\"},{\"@type\":\"ListItem\",\"position\":2,\"name\":\"Mobile Ger\u00e4te\",\"item\":\"https:\/\/zinser.de\/nl\/mobile-geraete\/\"},{\"@type\":\"ListItem\",\"position\":3,\"name\":\"Manuelle Autogentechnik\",\"item\":\"https:\/\/zinser.de\/nl\/mobile-geraete\/manuelle-autogentechnik\/\"},{\"@type\":\"ListItem\",\"position\":4,\"name\":\"Gasflaschenanlage \/ Set mit Haltegestell\"}]},{\"@type\":\"WebSite\",\"@id\":\"https:\/\/zinser.de\/nl\/#website\",\"url\":\"https:\/\/zinser.de\/nl\/\",\"name\":\"ZINSER cutting systems\",\"description\":\"Flame cutting machines - Plasma, oxy-fuel and laser\",\"publisher\":{\"@id\":\"https:\/\/zinser.de\/nl\/#organization\"},\"potentialAction\":[{\"@type\":\"SearchAction\",\"target\":{\"@type\":\"EntryPoint\",\"urlTemplate\":\"https:\/\/zinser.de\/nl\/?s={search_term_string}\"},\"query-input\":{\"@type\":\"PropertyValueSpecification\",\"valueRequired\":true,\"valueName\":\"search_term_string\"}}],\"inLanguage\":\"nl-NL\"},{\"@type\":\"Organization\",\"@id\":\"https:\/\/zinser.de\/nl\/#organization\",\"name\":\"ZINSER\",\"url\":\"https:\/\/zinser.de\/nl\/\",\"logo\":{\"@type\":\"ImageObject\",\"inLanguage\":\"nl-NL\",\"@id\":\"https:\/\/zinser.de\/nl\/#\/schema\/logo\/image\/\",\"url\":\"https:\/\/zinser.de\/wp-content\/uploads\/zinser-favicon_Plan-de-travail-1.png\",\"contentUrl\":\"https:\/\/zinser.de\/wp-content\/uploads\/zinser-favicon_Plan-de-travail-1.png\",\"width\":2134,\"height\":2134,\"caption\":\"ZINSER\"},\"image\":{\"@id\":\"https:\/\/zinser.de\/nl\/#\/schema\/logo\/image\/\"}}]}<\/script>\n<!-- \/ Yoast SEO plugin. -->","yoast_head_json":{"title":"Gasflaschenanlage \/ Set mit Haltegestell - ZINSER cutting systems","robots":{"index":"index","follow":"follow","max-snippet":"max-snippet:-1","max-image-preview":"max-image-preview:large","max-video-preview":"max-video-preview:-1"},"canonical":"https:\/\/zinser.de\/nl\/mobile-geraete\/manuelle-autogentechnik\/gasflaschen\/","og_locale":"nl_NL","og_type":"article","og_title":"Gasflaschenanlage \/ Set mit Haltegestell - ZINSER cutting systems","og_description":"Manuelle Autogentechnik ZINSER Flaschengasanlagen und Zubeh\u00f6r Sie finden hier alle Informationen zu unseren Flaschengasanlagen und deren Zubeh\u00f6r. Gehen Sie direkt zu: Flaschengasanlagen Zubeh\u00f6r Flaschengasanlagen","og_url":"https:\/\/zinser.de\/nl\/mobile-geraete\/manuelle-autogentechnik\/gasflaschen\/","og_site_name":"ZINSER cutting systems","article_modified_time":"2022-03-20T16:26:36+00:00","og_image":[{"width":900,"height":600,"url":"https:\/\/zinser.de\/wp-content\/uploads\/Gasflaschen_900x600_150dpi.png","type":"image\/png"}],"twitter_card":"summary_large_image","twitter_misc":{"Geschatte leestijd":"2 minutes"},"schema":{"@context":"https:\/\/schema.org","@graph":[{"@type":"WebPage","@id":"https:\/\/zinser.de\/nl\/mobile-geraete\/manuelle-autogentechnik\/gasflaschen\/","url":"https:\/\/zinser.de\/nl\/mobile-geraete\/manuelle-autogentechnik\/gasflaschen\/","name":"Gasflaschenanlage \/ Set mit Haltegestell - ZINSER cutting systems","isPartOf":{"@id":"https:\/\/zinser.de\/nl\/#website"},"primaryImageOfPage":{"@id":"https:\/\/zinser.de\/nl\/mobile-geraete\/manuelle-autogentechnik\/gasflaschen\/#primaryimage"},"image":{"@id":"https:\/\/zinser.de\/nl\/mobile-geraete\/manuelle-autogentechnik\/gasflaschen\/#primaryimage"},"thumbnailUrl":"https:\/\/zinser.de\/wp-content\/uploads\/Gasflaschen_900x600_150dpi.png","datePublished":"2017-11-20T10:02:31+00:00","dateModified":"2022-03-20T16:26:36+00:00","breadcrumb":{"@id":"https:\/\/zinser.de\/nl\/mobile-geraete\/manuelle-autogentechnik\/gasflaschen\/#breadcrumb"},"inLanguage":"nl-NL","potentialAction":[{"@type":"ReadAction","target":["https:\/\/zinser.de\/nl\/mobile-geraete\/manuelle-autogentechnik\/gasflaschen\/"]}]},{"@type":"ImageObject","inLanguage":"nl-NL","@id":"https:\/\/zinser.de\/nl\/mobile-geraete\/manuelle-autogentechnik\/gasflaschen\/#primaryimage","url":"https:\/\/zinser.de\/wp-content\/uploads\/Gasflaschen_900x600_150dpi.png","contentUrl":"https:\/\/zinser.de\/wp-content\/uploads\/Gasflaschen_900x600_150dpi.png","width":900,"height":600},{"@type":"BreadcrumbList","@id":"https:\/\/zinser.de\/nl\/mobile-geraete\/manuelle-autogentechnik\/gasflaschen\/#breadcrumb","itemListElement":[{"@type":"ListItem","position":1,"name":"Home","item":"https:\/\/zinser.de\/nl\/"},{"@type":"ListItem","position":2,"name":"Mobile Ger\u00e4te","item":"https:\/\/zinser.de\/nl\/mobile-geraete\/"},{"@type":"ListItem","position":3,"name":"Manuelle Autogentechnik","item":"https:\/\/zinser.de\/nl\/mobile-geraete\/manuelle-autogentechnik\/"},{"@type":"ListItem","position":4,"name":"Gasflaschenanlage \/ Set mit Haltegestell"}]},{"@type":"WebSite","@id":"https:\/\/zinser.de\/nl\/#website","url":"https:\/\/zinser.de\/nl\/","name":"ZINSER cutting systems","description":"Flame cutting machines - Plasma, oxy-fuel and laser","publisher":{"@id":"https:\/\/zinser.de\/nl\/#organization"},"potentialAction":[{"@type":"SearchAction","target":{"@type":"EntryPoint","urlTemplate":"https:\/\/zinser.de\/nl\/?s={search_term_string}"},"query-input":{"@type":"PropertyValueSpecification","valueRequired":true,"valueName":"search_term_string"}}],"inLanguage":"nl-NL"},{"@type":"Organization","@id":"https:\/\/zinser.de\/nl\/#organization","name":"ZINSER","url":"https:\/\/zinser.de\/nl\/","logo":{"@type":"ImageObject","inLanguage":"nl-NL","@id":"https:\/\/zinser.de\/nl\/#\/schema\/logo\/image\/","url":"https:\/\/zinser.de\/wp-content\/uploads\/zinser-favicon_Plan-de-travail-1.png","contentUrl":"https:\/\/zinser.de\/wp-content\/uploads\/zinser-favicon_Plan-de-travail-1.png","width":2134,"height":2134,"caption":"ZINSER"},"image":{"@id":"https:\/\/zinser.de\/nl\/#\/schema\/logo\/image\/"}}]}},"_links":{"self":[{"href":"https:\/\/zinser.de\/nl\/wp-json\/wp\/v2\/pages\/1179","targetHints":{"allow":["GET"]}}],"collection":[{"href":"https:\/\/zinser.de\/nl\/wp-json\/wp\/v2\/pages"}],"about":[{"href":"https:\/\/zinser.de\/nl\/wp-json\/wp\/v2\/types\/page"}],"author":[{"embeddable":true,"href":"https:\/\/zinser.de\/nl\/wp-json\/wp\/v2\/users\/3"}],"replies":[{"embeddable":true,"href":"https:\/\/zinser.de\/nl\/wp-json\/wp\/v2\/comments?post=1179"}],"version-history":[{"count":18,"href":"https:\/\/zinser.de\/nl\/wp-json\/wp\/v2\/pages\/1179\/revisions"}],"predecessor-version":[{"id":30022,"href":"https:\/\/zinser.de\/nl\/wp-json\/wp\/v2\/pages\/1179\/revisions\/30022"}],"up":[{"embeddable":true,"href":"https:\/\/zinser.de\/nl\/wp-json\/wp\/v2\/pages\/121"}],"wp:featuredmedia":[{"embeddable":true,"href":"https:\/\/zinser.de\/nl\/wp-json\/wp\/v2\/media\/1209"}],"wp:attachment":[{"href":"https:\/\/zinser.de\/nl\/wp-json\/wp\/v2\/media?parent=1179"}],"wp:term":[{"taxonomy":"category","embeddable":true,"href":"https:\/\/zinser.de\/nl\/wp-json\/wp\/v2\/categories?post=1179"},{"taxonomy":"post_tag","embeddable":true,"href":"https:\/\/zinser.de\/nl\/wp-json\/wp\/v2\/tags?post=1179"}],"curies":[{"name":"wp","href":"https:\/\/api.w.org\/{rel}","templated":true}]}}